{"id":7541,"date":"2022-06-15T15:45:56","date_gmt":"2022-06-15T22:45:56","guid":{"rendered":"https:\/\/www.jacksonwhitelaw.com\/az-personal-injury\/?page_id=7541"},"modified":"2025-05-13T10:14:23","modified_gmt":"2025-05-13T09:14:23","slug":"abogado-muerte-injusta-arizona","status":"publish","type":"page","link":"https:\/\/www.jacksonwhitelaw.com\/es\/az-personal-injury\/servicios\/abogado-muerte-injusta-arizona\/","title":{"rendered":"Abogado de Muerte Injusta de Arizona"},"content":{"rendered":"<h2>Si su ser querido muri\u00f3 debido a la negligencia de otra persona, puede calificar para presentar una demanda por muerte injusta.<\/h2>\n<p>Obtenga la ayuda del abogado Jared Everton, quien ha defendido los derechos de las v\u00edctimas de accidentes en Arizona durante m\u00e1s de 20 a\u00f1os.<\/p>\n<p><a role=\"button\" href=\"#contact\"><br \/>\nComienza Ya<br \/>\n<\/a><\/p>\n<h2>Las muertes por negligencia causan dolor y sufrimiento inmensos<\/h2>\n<p>Perder a un ser querido es uno de los momentos m\u00e1s dif\u00edciles de nuestra vida, y m\u00e1s a\u00fan cuando esa p\u00e9rdida se produce por la negligencia de otra persona o empresa. Aunque no hay forma de quitar el dolor y el sufrimiento de la p\u00e9rdida, existe la esperanza de recibir ayuda para las cargas financieras que enfrentan muchas familias despu\u00e9s de que ocurre una muerte por negligencia. La ley no es adecuada para \u201carreglar\u201d una situaci\u00f3n que involucre muerte por negligencia, pero brinda a las familias la oportunidad de manejar mejor las consecuencias financieras. Ah\u00ed es donde entra en juego trabajar con el mejor abogado con experiencia en casos de muerte por negligencia.<\/p>\n<p>Si ha perdido a un hijo, padre o c\u00f3nyuge debido a la negligencia de otra persona o empresa, puede tener derecho a una compensaci\u00f3n financiera por su dolor y sufrimiento. Determinar si tiene un reclamo v\u00e1lido por muerte por negligencia puede ser complejo y frustrante, pero el equipo de lesiones personales de JacksonWhite est\u00e1 dedicado a ofrecerle un camino claro hacia los resultados legales que se merece. Nuestro equipo, dirigido por el abogado Jared Everton, puede describir claramente sus opciones y ayudarlo a decidir un curso de acci\u00f3n que tenga en cuenta los mejores intereses de su familia.<\/p>\n<p>En Arizona, tiene hasta dos a\u00f1os despu\u00e9s de la muerte de un ser querido para presentar un reclamo por muerte injusta. Debido a este per\u00edodo de tiempo, se recomienda que busque ayuda lo antes posible si cree que su ser querido muri\u00f3 debido a la negligencia de otra persona. Los miembros de la familia que pueden presentar un reclamo por muerte por negligencia en Arizona son c\u00f3nyuges, hijos y padres de la persona fallecida. Los representantes personales de estos familiares tambi\u00e9n pueden presentar reclamaciones. Una demanda por muerte por negligencia es un asunto civil, y debido a que no hay aspectos penales, la demanda se centra en proporcionar una compensaci\u00f3n financiera por la p\u00e9rdida, el dolor y el sufrimiento soportados por la muerte de un ser querido. Puede recibir compensaci\u00f3n por:<\/p>\n<ul>\n<li>Gastos m\u00e9dicos, funerarios y de entierro<\/li>\n<li>P\u00e9rdida de los ingresos y servicios de un ser querido<\/li>\n<li>Dolor y sufrimiento por la p\u00e9rdida<\/li>\n<\/ul>\n<p>Todos estos son factores complicados, y la compensaci\u00f3n a la que puede tener derecho estar\u00e1 determinada por todas las circunstancias que rodean la muerte de su ser querido. Durante su consulta gratuita con Jared Everton, puede proporcionar informaci\u00f3n b\u00e1sica sobre su caso, y \u00e9l analizar\u00e1 la solidez de su caso y c\u00f3mo funcionan todos estos factores para determinar si tiene un reclamo leg\u00edtimo por muerte por negligencia.<\/p>\n<h2>C\u00f3mo podemos ayudarlo con su demanda de muerte por negligencia<\/h2>\n<p>El proceso de reclamo por fallecimiento por negligencia es un proceso largo y, a menudo, frustrante. En JacksonWhite, nuestra prioridad es simplificar el proceso de reclamaci\u00f3n y hacer todo lo posible para aliviar la carga de su caso. Como su equipo legal de lesiones, lo ayudaremos a:<\/p>\n<ul>\n<li>determinar la fuerza de su posible caso de muerte por negligencia<\/li>\n<li>explique claramente todas sus opciones legales para seguir adelante<\/li>\n<li>ofrecer comunicaci\u00f3n durante todo el proceso<\/li>\n<li>aseg\u00farese de que sus derechos como demandante de muerte por negligencia est\u00e9n siempre protegidos<\/li>\n<li>proveer consejos compasivo durante su caso<\/li>\n<li>ofrecer la mejor oportunidad para maximizar su compensaci\u00f3n por la p\u00e9rdida de un ser querido<\/li>\n<\/ul>\n<p><a role=\"button\" href=\"#contact\"><br \/>\nComienza Ya<br \/>\n<\/a><\/p>\n<h2>Atenci\u00f3n legal compasiva cuando m\u00e1s importa<\/h2>\n<p>Para los demandantes que buscan un abogado de muerte por negligencia, los abogados de JacksonWhite luchar\u00e1n por usted y su familia en su tiempo de mayor necesidad. La p\u00e9rdida de un ser querido es una de las cosas m\u00e1s dolorosas y traum\u00e1ticas que una persona puede sentir, especialmente si la p\u00e9rdida se hubiera podido evitar. Si bien nada puede compensar verdaderamente una tragedia de esta magnitud, una acci\u00f3n por muerte injusta puede proporcionar a los miembros de la familia el alivio financiero que necesitan.<\/p>\n<p>Por ejemplo, se puede dejar que una viuda cr\u00ede a sus hijos sin los ingresos ni los beneficios del seguro de su difunto esposo. Las v\u00edctimas tambi\u00e9n pueden recibir compensaci\u00f3n por el dolor emocional sufrido como resultado de la p\u00e9rdida. Hemos ayudado a clientes de todo Arizona a recibir una compensaci\u00f3n justa por la muerte de sus familiares.<\/p>\n<p><a role=\"button\" href=\"#contact\"><br \/>\nComienza Ya<br \/>\n<\/a><\/p>\n<h2>Acuerdos recientes de muerte por negligencia<\/h2>\n<ul>\n<li><strong>$1 mill\u00f3n<\/strong> por la muerte injusta de un cliente, causada por un conductor negligente en la autopista<\/li>\n<li><strong>$1.2 millones<\/strong> por la muerte injusta de un ni\u00f1o, causada por una conducci\u00f3n negligente<\/li>\n<li><strong>$1.25 millones<\/strong> para una pareja de ancianos lesionados en un accidente automovil\u00edstico por un conductor ebrio.<\/li>\n<li><strong>$215,000<\/strong> para una madre de tres hijos lesionada en un accidente automovil\u00edstico.<\/li>\n<li><strong>$115,000<\/strong> para un joven de 19 a\u00f1os involucrado en un accidente automovil\u00edstico grave.<\/li>\n<\/ul>\n<h2>Obtenga la ayuda que su familia merece<\/h2>\n<p><b>\u00a0<\/b>Si un c\u00f3nyuge, hijo o padre ha muerto debido a la negligencia de otro, podemos ayudarlo. Lo invitamos a llamar a nuestra oficina para su consulta gratuita y sin compromiso. Le ofreceremos una clara explicaci\u00f3n en qu\u00e9 direcci\u00f3n su caso potencial puede dirigir \u00a0y lo que puede hacer para seguir adelante.<\/p>\n<p>Llame al abogado de lesiones personales Jared Everton al <a href=\"tel:4804674392\">(480) 467-4392<\/a> para hablar sobre su caso hoy.<\/p>\n<p><a role=\"button\" href=\"#contact\"><br \/>\nComienza Ya<br \/>\n<\/a><\/p>\n<h2>Conoce a Jackson White Law<\/h2>\n<h3>Somos una firma de abogados de servicio completo enfocada en servir a nuestros clientes.<\/h3>\n<img loading=\"lazy\" decoding=\"async\" class=\"alignnone size-full wp-image-9103\" src=\"https:\/\/www.jacksonwhitelaw.com\/wp-content\/uploads\/2025\/05\/mesa-criminal-defense-location-e1576166814548.png\" alt=\"\" width=\"600\" height=\"368\" srcset=\"https:\/\/www.jacksonwhitelaw.com\/wp-content\/uploads\/2025\/05\/mesa-criminal-defense-location-e1576166814548.png 600w, https:\/\/www.jacksonwhitelaw.com\/wp-content\/uploads\/2025\/05\/mesa-criminal-defense-location-e1576166814548-300x184.png 300w\" sizes=\"auto, (max-width: 600px) 100vw, 600px\" \/>\n<p>Como bufete de abogados de primer nivel, hemos ayudado a miles de arizonenses a navegar por el proceso a menudo desalentador de litigios por lesiones personales.<\/p>\n<p>Nuestro equipo est\u00e1 listo para luchar para obtener la compensaci\u00f3n que merece. Puede confiar en nuestros 20 a\u00f1os de experiencia practicando la ley de lesiones personales en Arizona. Cont\u00e1ctenos hoy para una consulta gratuita.<\/p>\n<p><a role=\"button\" href=\"#\"><br \/>\nSobre Nosotros<br \/>\n<\/a><\/p>\n","protected":false},"excerpt":{"rendered":"<p>Si su ser querido muri\u00f3 debido a la negligencia de otra persona, puede calificar para presentar una demanda por muerte injusta. Obtenga la ayuda del abogado Jared Everton, quien ha defendido los derechos de las v\u00edctimas de accidentes en Arizona&hellip;<\/p>\n","protected":false},"author":13,"featured_media":0,"parent":7528,"menu_order":0,"comment_status":"closed","ping_status":"closed","template":"","meta":{"_acf_changed":false,"om_disable_all_campaigns":false,"footnotes":""},"practice_area":[238,238],"class_list":["post-7541","page","type-page","status-publish","hentry","practice_area-personal-injury-es"],"acf":[],"yoast_head":"<!-- This site is optimized with the Yoast SEO plugin v27.3 - https:\/\/yoast.com\/product\/yoast-seo-wordpress\/ -->\n<title>Abogado de Muerte Injusta de Arizona | JacksonWhite Law<\/title>\n<meta name=\"description\" content=\"Jackson White Law ofrece representaci\u00f3n experta en casos de muerte injusta en Arizona para obtener justicia y compensaci\u00f3n para su familia.\" \/>\n<meta name=\"robots\" content=\"index, follow, max-snippet:-1, max-image-preview:large, max-video-preview:-1\" \/>\n<link rel=\"canonical\" href=\"https:\/\/www.jacksonwhitelaw.com\/es\/az-personal-injury\/servicios\/abogado-muerte-injusta-arizona\/\" \/>\n<meta property=\"og:locale\" content=\"es_ES\" \/>\n<meta property=\"og:type\" content=\"article\" \/>\n<meta property=\"og:title\" content=\"Abogado de Muerte Injusta de Arizona | JacksonWhite Law\" \/>\n<meta property=\"og:description\" content=\"Jackson White Law ofrece representaci\u00f3n experta en casos de muerte injusta en Arizona para obtener justicia y compensaci\u00f3n para su familia.\" \/>\n<meta property=\"og:url\" content=\"https:\/\/www.jacksonwhitelaw.com\/es\/az-personal-injury\/servicios\/abogado-muerte-injusta-arizona\/\" \/>\n<meta property=\"og:site_name\" content=\"JacksonWhite Law\" \/>\n<meta property=\"article:publisher\" content=\"https:\/\/www.facebook.com\/jacksonwhitelaw\" \/>\n<meta property=\"article:modified_time\" content=\"2025-05-13T09:14:23+00:00\" \/>\n<meta property=\"og:image\" content=\"https:\/\/www.jacksonwhitelaw.com\/wp-content\/uploads\/2025\/05\/mesa-criminal-defense-location-e1576166814548.png\" \/>\n<meta name=\"twitter:card\" content=\"summary_large_image\" \/>\n<meta name=\"twitter:site\" content=\"@JacksonWhiteLaw\" \/>\n<meta name=\"twitter:label1\" content=\"Tiempo de lectura\" \/>\n\t<meta name=\"twitter:data1\" content=\"5 minutos\" \/>\n<!-- \/ Yoast SEO plugin. -->","yoast_head_json":{"title":"Abogado de Muerte Injusta de Arizona | JacksonWhite Law","description":"Jackson White Law ofrece representaci\u00f3n experta en casos de muerte injusta en Arizona para obtener justicia y compensaci\u00f3n para su familia.","robots":{"index":"index","follow":"follow","max-snippet":"max-snippet:-1","max-image-preview":"max-image-preview:large","max-video-preview":"max-video-preview:-1"},"canonical":"https:\/\/www.jacksonwhitelaw.com\/es\/az-personal-injury\/servicios\/abogado-muerte-injusta-arizona\/","og_locale":"es_ES","og_type":"article","og_title":"Abogado de Muerte Injusta de Arizona | JacksonWhite Law","og_description":"Jackson White Law ofrece representaci\u00f3n experta en casos de muerte injusta en Arizona para obtener justicia y compensaci\u00f3n para su familia.","og_url":"https:\/\/www.jacksonwhitelaw.com\/es\/az-personal-injury\/servicios\/abogado-muerte-injusta-arizona\/","og_site_name":"JacksonWhite Law","article_publisher":"https:\/\/www.facebook.com\/jacksonwhitelaw","article_modified_time":"2025-05-13T09:14:23+00:00","og_image":[{"url":"https:\/\/www.jacksonwhitelaw.com\/wp-content\/uploads\/2025\/05\/mesa-criminal-defense-location-e1576166814548.png","type":"","width":"","height":""}],"twitter_card":"summary_large_image","twitter_site":"@JacksonWhiteLaw","twitter_misc":{"Tiempo de lectura":"5 minutos"},"schema":{"@context":"https:\/\/schema.org","@graph":[{"@type":"WebPage","@id":"https:\/\/www.jacksonwhitelaw.com\/es\/az-personal-injury\/servicios\/abogado-muerte-injusta-arizona\/","url":"https:\/\/www.jacksonwhitelaw.com\/es\/az-personal-injury\/servicios\/abogado-muerte-injusta-arizona\/","name":"Abogado de Muerte Injusta de Arizona | JacksonWhite Law","isPartOf":{"@id":"https:\/\/www.jacksonwhitelaw.com\/es\/#website"},"primaryImageOfPage":{"@id":"https:\/\/www.jacksonwhitelaw.com\/es\/az-personal-injury\/servicios\/abogado-muerte-injusta-arizona\/#primaryimage"},"image":{"@id":"https:\/\/www.jacksonwhitelaw.com\/es\/az-personal-injury\/servicios\/abogado-muerte-injusta-arizona\/#primaryimage"},"thumbnailUrl":"https:\/\/www.jacksonwhitelaw.com\/wp-content\/uploads\/2025\/05\/mesa-criminal-defense-location-e1576166814548.png","datePublished":"2022-06-15T22:45:56+00:00","dateModified":"2025-05-13T09:14:23+00:00","description":"Jackson White Law ofrece representaci\u00f3n experta en casos de muerte injusta en Arizona para obtener justicia y compensaci\u00f3n para su familia.","breadcrumb":{"@id":"https:\/\/www.jacksonwhitelaw.com\/es\/az-personal-injury\/servicios\/abogado-muerte-injusta-arizona\/#breadcrumb"},"inLanguage":"es","potentialAction":[{"@type":"ReadAction","target":["https:\/\/www.jacksonwhitelaw.com\/es\/az-personal-injury\/servicios\/abogado-muerte-injusta-arizona\/"]}]},{"@type":"ImageObject","inLanguage":"es","@id":"https:\/\/www.jacksonwhitelaw.com\/es\/az-personal-injury\/servicios\/abogado-muerte-injusta-arizona\/#primaryimage","url":"https:\/\/www.jacksonwhitelaw.com\/wp-content\/uploads\/2025\/05\/mesa-criminal-defense-location-e1576166814548.png","contentUrl":"https:\/\/www.jacksonwhitelaw.com\/wp-content\/uploads\/2025\/05\/mesa-criminal-defense-location-e1576166814548.png"},{"@type":"BreadcrumbList","@id":"https:\/\/www.jacksonwhitelaw.com\/es\/az-personal-injury\/servicios\/abogado-muerte-injusta-arizona\/#breadcrumb","itemListElement":[{"@type":"ListItem","position":1,"name":"Home","item":"https:\/\/www.jacksonwhitelaw.com\/es\/"},{"@type":"ListItem","position":2,"name":"Personal Injury","item":"https:\/\/www.jacksonwhitelaw.com\/es\/az-personal-injury\/"},{"@type":"ListItem","position":3,"name":"Servicios","item":"https:\/\/www.jacksonwhitelaw.com\/es\/az-personal-injury\/servicios\/"},{"@type":"ListItem","position":4,"name":"Abogado de Muerte Injusta de Arizona"}]},{"@type":"WebSite","@id":"https:\/\/www.jacksonwhitelaw.com\/es\/#website","url":"https:\/\/www.jacksonwhitelaw.com\/es\/","name":"JacksonWhite Law","description":"Attorneys at Law in Mesa &amp; Phoenix, Arizona","publisher":{"@id":"https:\/\/www.jacksonwhitelaw.com\/es\/#organization"},"alternateName":"JacksonWhite P.C.","potentialAction":[{"@type":"SearchAction","target":{"@type":"EntryPoint","urlTemplate":"https:\/\/www.jacksonwhitelaw.com\/es\/?s={search_term_string}"},"query-input":{"@type":"PropertyValueSpecification","valueRequired":true,"valueName":"search_term_string"}}],"inLanguage":"es"},{"@type":"Organization","@id":"https:\/\/www.jacksonwhitelaw.com\/es\/#organization","name":"JacksonWhite P.C.","alternateName":"JacksonWhite Law","url":"https:\/\/www.jacksonwhitelaw.com\/es\/","logo":{"@type":"ImageObject","inLanguage":"es","@id":"https:\/\/www.jacksonwhitelaw.com\/es\/#\/schema\/logo\/image\/","url":"https:\/\/www.jacksonwhitelaw.com\/wp-content\/uploads\/2025\/05\/JacksonWhite_Schema-Logo-scaled.png","contentUrl":"https:\/\/www.jacksonwhitelaw.com\/wp-content\/uploads\/2025\/05\/JacksonWhite_Schema-Logo-scaled.png","width":2560,"height":2560,"caption":"JacksonWhite P.C."},"image":{"@id":"https:\/\/www.jacksonwhitelaw.com\/es\/#\/schema\/logo\/image\/"},"sameAs":["https:\/\/www.facebook.com\/jacksonwhitelaw","https:\/\/x.com\/JacksonWhiteLaw","https:\/\/www.instagram.com\/jwlawfirm\/","https:\/\/www.linkedin.com\/company\/jackson-white-p.c.","https:\/\/www.youtube.com\/@JWLMesaAZ","https:\/\/www.yelp.com\/biz\/jacksonwhite-law-mesa"]}]}},"_links":{"self":[{"href":"https:\/\/www.jacksonwhitelaw.com\/es\/wp-json\/wp\/v2\/pages\/7541","targetHints":{"allow":["GET"]}}],"collection":[{"href":"https:\/\/www.jacksonwhitelaw.com\/es\/wp-json\/wp\/v2\/pages"}],"about":[{"href":"https:\/\/www.jacksonwhitelaw.com\/es\/wp-json\/wp\/v2\/types\/page"}],"author":[{"embeddable":true,"href":"https:\/\/www.jacksonwhitelaw.com\/es\/wp-json\/wp\/v2\/users\/13"}],"replies":[{"embeddable":true,"href":"https:\/\/www.jacksonwhitelaw.com\/es\/wp-json\/wp\/v2\/comments?post=7541"}],"version-history":[{"count":0,"href":"https:\/\/www.jacksonwhitelaw.com\/es\/wp-json\/wp\/v2\/pages\/7541\/revisions"}],"up":[{"embeddable":true,"href":"https:\/\/www.jacksonwhitelaw.com\/es\/wp-json\/wp\/v2\/pages\/7528"}],"wp:attachment":[{"href":"https:\/\/www.jacksonwhitelaw.com\/es\/wp-json\/wp\/v2\/media?parent=7541"}],"wp:term":[{"taxonomy":"practice_area","embeddable":true,"href":"https:\/\/www.jacksonwhitelaw.com\/es\/wp-json\/wp\/v2\/practice_area?post=7541"}],"curies":[{"name":"wp","href":"https:\/\/api.w.org\/{rel}","templated":true}]}}