{"id":7523,"date":"2025-06-15T15:26:18","date_gmt":"2025-06-15T22:26:18","guid":{"rendered":"https:\/\/www.jacksonwhitelaw.com\/az-personal-injury\/?page_id=7523"},"modified":"2025-05-13T10:14:44","modified_gmt":"2025-05-13T09:14:44","slug":"accidente-motocicleta","status":"publish","type":"page","link":"https:\/\/www.jacksonwhitelaw.com\/es\/az-personal-injury\/servicios\/accidente-motocicleta\/","title":{"rendered":"Accidente de Motocicleta"},"content":{"rendered":"<h2>Si result\u00f3 lesionado en un accidente de motocicleta, necesita un abogado con experiencia para que lo represente.<\/h2>\n<p>Ah\u00ed es donde entra Jackson White. El abogado Jared Everton ha estado luchando por los derechos de las v\u00edctimas de accidentes en Arizona durante m\u00e1s de dos d\u00e9cadas.<\/p>\n<p><a role=\"button\" href=\"#contact\"><br \/>\nComienza Ya<br \/>\n<\/a><\/p>\n<p>Los motociclistas a menudo son prejuzgados como individuos imprudentes, lo que los lleva a asumir una cantidad injusta de culpa cuando est\u00e1n involucrados en un accidente automovil\u00edstico. Por eso es tan importante contratar a un abogado si ha tenido un accidente de motocicleta y ha sufrido lesiones graves. La factura m\u00e9dica t\u00edpica asociada con accidentes de motocicleta en AZ no va a ser barata, y es vital que la otra parte involucrada pague su parte justa del monto debido a su participaci\u00f3n.<\/p>\n<h2>Compensaci\u00f3n por accidente de motocicleta<\/h2>\n<p>En JacksonWhite Law, entendemos los obst\u00e1culos que enfrenta despu\u00e9s de un accidente de motocicleta, por lo que tomamos cada paso para que sea un proceso m\u00e1s f\u00e1cil y sin esfuerzo. Para los motociclistas, la carretera presenta muchos m\u00e1s peligros que para el conductor de autom\u00f3vil promedio. Est\u00e1n expuestos tanto a los elementos del camino, como a la negligencia de otros conductores. Y en el caso de un accidente causado por la negligencia de otro conductor, puede tener derecho a una compensaci\u00f3n.<\/p>\n<p><a role=\"button\" href=\"#contact\"><br \/>\nComienza Ya<br \/>\n<\/a><\/p>\n<h2>Protegiendo a los motociclistas lesionados en Arizona<\/h2>\n<p>Si result\u00f3 lesionado en un accidente de motocicleta debido a la negligencia o imprudencia de otro conductor, es posible que pueda recibir una compensaci\u00f3n por varios da\u00f1os sufridos por el accidente. Estos da\u00f1os pueden incluir:<\/p>\n<ul>\n<li>Facturas m\u00e9dicas<\/li>\n<li>P\u00e9rdida de salarios<\/li>\n<li>Da\u00f1os a su motocicleta u otra propiedad<\/li>\n<li>Dolor y sufrimiento<\/li>\n<\/ul>\n<p>Si es f\u00e1cil ponerle precio a sus facturas m\u00e9dicas, los da\u00f1os a la propiedad, la p\u00e9rdida de salarios y el sufrimiento emocional no son tan simples. Y cuando necesite aprovechar lo m\u00e1ximo su caso, consultar con un abogado versado en la ley de motocicletas es la \u00fanica forma de alcanzar el m\u00e1ximo potencial de su compensaci\u00f3n<\/p>\n<p><a role=\"button\" href=\"#contact\"><br \/>\nComienza Ya<br \/>\n<\/a><\/p>\n<h2>Estamos enfocados en su futuro<\/h2>\n<p>Las lesiones sufridas en un accidente de motocicleta pueden provocar fracturas debilitantes, muchos salarios perdidos y oportunidades laborales perdidas. Nada de eso debe tomarse a la ligera, y el equipo de lesiones personales de Arizona en JacksonWhite Law sabe exactamente eso: tenemos experiencia y conocimiento sobre las motocicletas y motociclistas en Arizona, especialmente en el \u00e1rea metropolitana de Phoenix. Tenga en cuenta que tambi\u00e9n es importante saber qu\u00e9 hacer despu\u00e9s de un accidente de motocicleta en Arizona.<\/p>\n<p>Si tiene un caso de accidente leg\u00edtimo, es probable que sea complicado y requiere que demuestre claramente que las lesiones que sufri\u00f3 fueron el resultado de negligencia y que sus lesiones tambi\u00e9n fueron leg\u00edtimas. Con el equipo legal adecuado, puede comprobar su caso, minimizar el impacto financiero del accidente y obtener la compensaci\u00f3n que merece. Cuando est\u00e9 listo para seguir adelante, estaremos aqu\u00ed para ayudarlo.<\/p>\n<h2>Cont\u00e1ctenos hoy para su consulta gratuita<\/h2>\n<p>Llame al abogado de lesiones personales Jared Everton al <a href=\"tel:4804674392\">(480) 467-4392<\/a> para hablar sobre su caso hoy.<br \/>\n<a role=\"button\" href=\"#contact\"><br \/>\nComienza Ya<br \/>\n<\/a><\/p>\n<h2>Conoce a Jackson White Law<\/h2>\n<h3>Somos una firma de abogados de servicio completo enfocada en servir a nuestros clientes.<\/h3>\n<img loading=\"lazy\" decoding=\"async\" class=\"alignnone size-full wp-image-9103\" src=\"https:\/\/www.jacksonwhitelaw.com\/wp-content\/uploads\/2025\/05\/mesa-criminal-defense-location-e1576166814548.png\" alt=\"\" width=\"600\" height=\"368\" srcset=\"https:\/\/www.jacksonwhitelaw.com\/wp-content\/uploads\/2025\/05\/mesa-criminal-defense-location-e1576166814548.png 600w, https:\/\/www.jacksonwhitelaw.com\/wp-content\/uploads\/2025\/05\/mesa-criminal-defense-location-e1576166814548-300x184.png 300w\" sizes=\"auto, (max-width: 600px) 100vw, 600px\" \/>\n<p>&nbsp;<\/p>\n<p>Como bufete de abogados de primer nivel, hemos ayudado a miles de arizonenses a navegar por el proceso a menudo desalentador de litigios por lesiones personales.<\/p>\n<p>Nuestro equipo est\u00e1 listo para luchar para obtener la compensaci\u00f3n que merece. Puede confiar en nuestros 20 a\u00f1os de experiencia practicando la ley de lesiones personales en Arizona. Cont\u00e1ctenos hoy para una consulta gratuita.<\/p>\n<p><a role=\"button\" href=\"#\"><br \/>\nSobre Nosotros<br \/>\n<\/a><\/p>\n","protected":false},"excerpt":{"rendered":"<p>Si result\u00f3 lesionado en un accidente de motocicleta, necesita un abogado con experiencia para que lo represente. Ah\u00ed es donde entra Jackson White. El abogado Jared Everton ha estado luchando por los derechos de las v\u00edctimas de accidentes en Arizona&hellip;<\/p>\n","protected":false},"author":13,"featured_media":0,"parent":7528,"menu_order":0,"comment_status":"closed","ping_status":"closed","template":"","meta":{"_acf_changed":false,"om_disable_all_campaigns":false,"footnotes":""},"practice_area":[157,238],"class_list":["post-7523","page","type-page","status-publish","hentry","practice_area-az-personal-injury","practice_area-personal-injury-es"],"acf":[],"yoast_head":"<!-- This site is optimized with the Yoast SEO plugin v27.3 - https:\/\/yoast.com\/product\/yoast-seo-wordpress\/ -->\n<title>Accidente de Motocicleta | JacksonWhite Law<\/title>\n<meta name=\"description\" content=\"Descubre c\u00f3mo un abogado puede ayudarte tras un accidente de motocicleta en Arizona. Obt\u00e9n la compensaci\u00f3n que mereces y protege tus derechos.\" \/>\n<meta name=\"robots\" content=\"index, follow, max-snippet:-1, max-image-preview:large, max-video-preview:-1\" \/>\n<link rel=\"canonical\" href=\"https:\/\/www.jacksonwhitelaw.com\/es\/az-personal-injury\/servicios\/accidente-motocicleta\/\" \/>\n<meta property=\"og:locale\" content=\"es_ES\" \/>\n<meta property=\"og:type\" content=\"article\" \/>\n<meta property=\"og:title\" content=\"Accidente de Motocicleta | JacksonWhite Law\" \/>\n<meta property=\"og:description\" content=\"Descubre c\u00f3mo un abogado puede ayudarte tras un accidente de motocicleta en Arizona. Obt\u00e9n la compensaci\u00f3n que mereces y protege tus derechos.\" \/>\n<meta property=\"og:url\" content=\"https:\/\/www.jacksonwhitelaw.com\/es\/az-personal-injury\/servicios\/accidente-motocicleta\/\" \/>\n<meta property=\"og:site_name\" content=\"JacksonWhite Law\" \/>\n<meta property=\"article:publisher\" content=\"https:\/\/www.facebook.com\/jacksonwhitelaw\" \/>\n<meta property=\"og:image\" content=\"https:\/\/www.jacksonwhitelaw.com\/wp-content\/uploads\/2025\/05\/mesa-criminal-defense-location-e1576166814548.png\" \/>\n<meta name=\"twitter:card\" content=\"summary_large_image\" \/>\n<meta name=\"twitter:site\" content=\"@JacksonWhiteLaw\" \/>\n<meta name=\"twitter:label1\" content=\"Tiempo de lectura\" \/>\n\t<meta name=\"twitter:data1\" content=\"3 minutos\" \/>\n<!-- \/ Yoast SEO plugin. -->","yoast_head_json":{"title":"Accidente de Motocicleta | JacksonWhite Law","description":"Descubre c\u00f3mo un abogado puede ayudarte tras un accidente de motocicleta en Arizona. Obt\u00e9n la compensaci\u00f3n que mereces y protege tus derechos.","robots":{"index":"index","follow":"follow","max-snippet":"max-snippet:-1","max-image-preview":"max-image-preview:large","max-video-preview":"max-video-preview:-1"},"canonical":"https:\/\/www.jacksonwhitelaw.com\/es\/az-personal-injury\/servicios\/accidente-motocicleta\/","og_locale":"es_ES","og_type":"article","og_title":"Accidente de Motocicleta | JacksonWhite Law","og_description":"Descubre c\u00f3mo un abogado puede ayudarte tras un accidente de motocicleta en Arizona. Obt\u00e9n la compensaci\u00f3n que mereces y protege tus derechos.","og_url":"https:\/\/www.jacksonwhitelaw.com\/es\/az-personal-injury\/servicios\/accidente-motocicleta\/","og_site_name":"JacksonWhite Law","article_publisher":"https:\/\/www.facebook.com\/jacksonwhitelaw","og_image":[{"url":"https:\/\/www.jacksonwhitelaw.com\/wp-content\/uploads\/2025\/05\/mesa-criminal-defense-location-e1576166814548.png","type":"","width":"","height":""}],"twitter_card":"summary_large_image","twitter_site":"@JacksonWhiteLaw","twitter_misc":{"Tiempo de lectura":"3 minutos"},"schema":{"@context":"https:\/\/schema.org","@graph":[{"@type":"WebPage","@id":"https:\/\/www.jacksonwhitelaw.com\/es\/az-personal-injury\/servicios\/accidente-motocicleta\/","url":"https:\/\/www.jacksonwhitelaw.com\/es\/az-personal-injury\/servicios\/accidente-motocicleta\/","name":"Accidente de Motocicleta | JacksonWhite Law","isPartOf":{"@id":"https:\/\/www.jacksonwhitelaw.com\/es\/#website"},"primaryImageOfPage":{"@id":"https:\/\/www.jacksonwhitelaw.com\/es\/az-personal-injury\/servicios\/accidente-motocicleta\/#primaryimage"},"image":{"@id":"https:\/\/www.jacksonwhitelaw.com\/es\/az-personal-injury\/servicios\/accidente-motocicleta\/#primaryimage"},"thumbnailUrl":"https:\/\/www.jacksonwhitelaw.com\/wp-content\/uploads\/2025\/05\/mesa-criminal-defense-location-e1576166814548.png","datePublished":"2025-06-15T22:26:18+00:00","description":"Descubre c\u00f3mo un abogado puede ayudarte tras un accidente de motocicleta en Arizona. Obt\u00e9n la compensaci\u00f3n que mereces y protege tus derechos.","breadcrumb":{"@id":"https:\/\/www.jacksonwhitelaw.com\/es\/az-personal-injury\/servicios\/accidente-motocicleta\/#breadcrumb"},"inLanguage":"es","potentialAction":[{"@type":"ReadAction","target":["https:\/\/www.jacksonwhitelaw.com\/es\/az-personal-injury\/servicios\/accidente-motocicleta\/"]}]},{"@type":"ImageObject","inLanguage":"es","@id":"https:\/\/www.jacksonwhitelaw.com\/es\/az-personal-injury\/servicios\/accidente-motocicleta\/#primaryimage","url":"https:\/\/www.jacksonwhitelaw.com\/wp-content\/uploads\/2025\/05\/mesa-criminal-defense-location-e1576166814548.png","contentUrl":"https:\/\/www.jacksonwhitelaw.com\/wp-content\/uploads\/2025\/05\/mesa-criminal-defense-location-e1576166814548.png"},{"@type":"BreadcrumbList","@id":"https:\/\/www.jacksonwhitelaw.com\/es\/az-personal-injury\/servicios\/accidente-motocicleta\/#breadcrumb","itemListElement":[{"@type":"ListItem","position":1,"name":"Home","item":"https:\/\/www.jacksonwhitelaw.com\/es\/"},{"@type":"ListItem","position":2,"name":"Personal Injury","item":"https:\/\/www.jacksonwhitelaw.com\/es\/az-personal-injury\/"},{"@type":"ListItem","position":3,"name":"Servicios","item":"https:\/\/www.jacksonwhitelaw.com\/es\/az-personal-injury\/servicios\/"},{"@type":"ListItem","position":4,"name":"Accidente de Motocicleta"}]},{"@type":"WebSite","@id":"https:\/\/www.jacksonwhitelaw.com\/es\/#website","url":"https:\/\/www.jacksonwhitelaw.com\/es\/","name":"JacksonWhite Law","description":"Attorneys at Law in Mesa &amp; Phoenix, Arizona","publisher":{"@id":"https:\/\/www.jacksonwhitelaw.com\/es\/#organization"},"alternateName":"JacksonWhite P.C.","potentialAction":[{"@type":"SearchAction","target":{"@type":"EntryPoint","urlTemplate":"https:\/\/www.jacksonwhitelaw.com\/es\/?s={search_term_string}"},"query-input":{"@type":"PropertyValueSpecification","valueRequired":true,"valueName":"search_term_string"}}],"inLanguage":"es"},{"@type":"Organization","@id":"https:\/\/www.jacksonwhitelaw.com\/es\/#organization","name":"JacksonWhite P.C.","alternateName":"JacksonWhite Law","url":"https:\/\/www.jacksonwhitelaw.com\/es\/","logo":{"@type":"ImageObject","inLanguage":"es","@id":"https:\/\/www.jacksonwhitelaw.com\/es\/#\/schema\/logo\/image\/","url":"https:\/\/www.jacksonwhitelaw.com\/wp-content\/uploads\/2025\/05\/JacksonWhite_Schema-Logo-scaled.png","contentUrl":"https:\/\/www.jacksonwhitelaw.com\/wp-content\/uploads\/2025\/05\/JacksonWhite_Schema-Logo-scaled.png","width":2560,"height":2560,"caption":"JacksonWhite P.C."},"image":{"@id":"https:\/\/www.jacksonwhitelaw.com\/es\/#\/schema\/logo\/image\/"},"sameAs":["https:\/\/www.facebook.com\/jacksonwhitelaw","https:\/\/x.com\/JacksonWhiteLaw","https:\/\/www.instagram.com\/jwlawfirm\/","https:\/\/www.linkedin.com\/company\/jackson-white-p.c.","https:\/\/www.youtube.com\/@JWLMesaAZ","https:\/\/www.yelp.com\/biz\/jacksonwhite-law-mesa"]}]}},"_links":{"self":[{"href":"https:\/\/www.jacksonwhitelaw.com\/es\/wp-json\/wp\/v2\/pages\/7523","targetHints":{"allow":["GET"]}}],"collection":[{"href":"https:\/\/www.jacksonwhitelaw.com\/es\/wp-json\/wp\/v2\/pages"}],"about":[{"href":"https:\/\/www.jacksonwhitelaw.com\/es\/wp-json\/wp\/v2\/types\/page"}],"author":[{"embeddable":true,"href":"https:\/\/www.jacksonwhitelaw.com\/es\/wp-json\/wp\/v2\/users\/13"}],"replies":[{"embeddable":true,"href":"https:\/\/www.jacksonwhitelaw.com\/es\/wp-json\/wp\/v2\/comments?post=7523"}],"version-history":[{"count":0,"href":"https:\/\/www.jacksonwhitelaw.com\/es\/wp-json\/wp\/v2\/pages\/7523\/revisions"}],"up":[{"embeddable":true,"href":"https:\/\/www.jacksonwhitelaw.com\/es\/wp-json\/wp\/v2\/pages\/7528"}],"wp:attachment":[{"href":"https:\/\/www.jacksonwhitelaw.com\/es\/wp-json\/wp\/v2\/media?parent=7523"}],"wp:term":[{"taxonomy":"practice_area","embeddable":true,"href":"https:\/\/www.jacksonwhitelaw.com\/es\/wp-json\/wp\/v2\/practice_area?post=7523"}],"curies":[{"name":"wp","href":"https:\/\/api.w.org\/{rel}","templated":true}]}}