{"id":23655,"date":"2025-08-01T18:55:30","date_gmt":"2025-08-02T01:55:30","guid":{"rendered":"https:\/\/jacksonwhite.wpenginepowered.com\/criminal-defense-law\/abogados-de-defensa-criminal-de-mesa\/"},"modified":"2025-08-01T18:55:30","modified_gmt":"2025-08-01T17:55:30","slug":"abogados-de-defensa-criminal-de-mesa","status":"publish","type":"page","link":"https:\/\/www.jacksonwhitelaw.com\/es\/criminal-defense-law\/abogados-de-defensa-criminal-de-mesa\/","title":{"rendered":"Abogados de Defensa Criminal de Mesa"},"content":{"rendered":"<p>Si ha sido acusado de un delito menor o felon\u00eda en Mesa, Arizona, el galardonado equipo de defensa criminal de JacksonWhite Law puede ayudarlo. Nuestros abogados defensores tiene m\u00e1s de 40 a\u00f1os de experiencia combinada defendiendo agresivamente los derechos de nuestros clientes en el \u00e1rea metropolitana.<\/p>\n<p>Nuestra experiencia, recursos y familiaridad con el Sistema judicial de Mesa proporciona todas las herramientas necesarias para ayudarlo a obtener el mejor resultado posible para su caso.<\/p>\n<p>Para ver c\u00f3mo podemos ayudarlo, ll\u00e1menos hoy al <a href=\"tel:4804674370\">(480) 467-4370<\/a>\u00a0para contarnos sobre su para recibir una consulta gratuita.<\/p>\n<h2>Abogados de Penales en Mesa<\/h2>\n<p>Sabemos lo urgentes que pueden ser los casos Criminales, por eso estamos disponibles las 24 horas del d\u00eda, los 7 d\u00edas de la semana. Ofrecemos comunicaci\u00f3n directa e individual con nuestros abogados y personal y estamos comprometidos a brindarle a su caso la atenci\u00f3n que merece.<\/p>\n<p>Manejamos todo tipo de casos de delitos menores y delitos graves en nuestra ubicaci\u00f3n de Mesa, incluidos los cargos relacionados con:<\/p>\n<ul>\n<li>DUI<\/li>\n<li>delitos de drogas<\/li>\n<li>exceso de velocidad criminal<\/li>\n<li>asalto sexual<\/li>\n<li>Violencia dom\u00e9stica<\/li>\n<li>robo, fraude y hurto en tiendas<\/li>\n<\/ul>\n<h3>DUI en Mesa<\/h3>\n<p>Los DUI son uno de los casos m\u00e1s comunes que manejamos, y hemos ayudado a cientos de clientes a evitar la c\u00e1rcel al obtener cargos por DUI reducidos o retirados.<\/p>\n<p>Aunque son comunes, los casos de DUI se toman muy en serio en Mesa y en todo Arizona, y sin un enfoque proactivo para su defensa de DUI, corre el riesgo de sanciones significativas que pueden afectar sus privilegios de conducir, su trabajo y sus finanzas.<\/p>\n<h3>Delitos de drogas en Mesa<\/h3>\n<p>La posesi\u00f3n de marihuana, narc\u00f3ticos y drogas peligrosas tambi\u00e9n son cargos comunes en Mesa.<\/p>\n<p>Seg\u00fan el tipo de caso, es posible que se enfrente a cargos por delitos menores o graves y, en cualquier situaci\u00f3n, va querer tener una defensa que pueda examinar todos los \u00e1ngulos de su caso y resaltar sus mejores opciones para seguir adelante.<\/p>\n<p>Hemos tratado con miles de casos de drogas en Mesa por varios a\u00f1os y teniendo \u00e9xito obteniendo resultados como cargos reducidos y despedidos.<\/p>\n<h3>Cargos de Violencia Dom\u00e9stica en Mesa<\/h3>\n<p>Hay una variedad de cargos de violencia dom\u00e9stica que tienen que ver con el abuso f\u00edsico, emocional y de otro tipo de abuso entre la familia y los miembros del hogar. En Mesa, los cargos por violencia dom\u00e9stica son comunes, pero conllevan sanciones significativas.<\/p>\n<p>si se enfrenta con cargos de Violencia dom\u00e9stica en Mesa, podemos ayudar. Nuestro equipo se ha ocupado de cientos de casos de violencia dom\u00e9stica relacionados con asalto, agresi\u00f3n, alteraci\u00f3n del orden p\u00fablico, amenazas o intimidaci\u00f3n y otros delitos y teniendo \u00e9xito en nuestro enfoque cuidadosamente y detalladamente\u00a0 de los casos de nuestros clientes.<\/p>\n<h4>Consultas gratuitas de defensa criminal<\/h4>\n<p>Ofrecemos consultas gratuitas, confidenciales y sin compromiso en nuestra oficina de Mesa o por tel\u00e9fono. En cualquiera de los casos, repasamos los detalles y espec\u00edficos de su caso, explicaremos que pasos seguir y recomendaremos opciones que pueden conducir al mejor resultado posible.<\/p>\n<p>Despu\u00e9s de repasar su caso, tendr\u00e1 una idea clara de qu\u00e9 esperar del proceso legal y c\u00f3mo podemos ayudarlo a enfrentar sanciones reducidas. Para programar su revisi\u00f3n de caso gratuita, ll\u00e1menos hoy al <a href=\"tel:4804674370\">(480) 467-4370<\/a>.<\/p>\n<h3>Abogados de Defensa Criminal de Mesa<\/h3>\n<img loading=\"lazy\" decoding=\"async\" class=\"alignnone size-large wp-image-22302\" src=\"https:\/\/www.jacksonwhitelaw.com\/wp-content\/uploads\/2025\/05\/Criminal-Team-Jackon-White-Cropped-1024x652.webp\" alt=\"\" width=\"1024\" height=\"652\" srcset=\"https:\/\/www.jacksonwhitelaw.com\/wp-content\/uploads\/2025\/05\/Criminal-Team-Jackon-White-Cropped-1024x652.webp 1024w, https:\/\/www.jacksonwhitelaw.com\/wp-content\/uploads\/2025\/05\/Criminal-Team-Jackon-White-Cropped-300x191.webp 300w, https:\/\/www.jacksonwhitelaw.com\/wp-content\/uploads\/2025\/05\/Criminal-Team-Jackon-White-Cropped-768x489.webp 768w, https:\/\/www.jacksonwhitelaw.com\/wp-content\/uploads\/2025\/05\/Criminal-Team-Jackon-White-Cropped-1536x979.webp 1536w, https:\/\/www.jacksonwhitelaw.com\/wp-content\/uploads\/2025\/05\/Criminal-Team-Jackon-White-Cropped-2048x1305.webp 2048w, https:\/\/www.jacksonwhitelaw.com\/wp-content\/uploads\/2025\/05\/Criminal-Team-Jackon-White-Cropped-900x573.webp 900w, https:\/\/www.jacksonwhitelaw.com\/wp-content\/uploads\/2025\/05\/Criminal-Team-Jackon-White-Cropped-1920x1223.webp 1920w\" sizes=\"auto, (max-width: 1024px) 100vw, 1024px\" \/>\n<p>40 N. Center St. Suite 200<br \/>\nMesa, Arizona 85201<\/p>\n<h2>El principal bufete de abogados de defensa criminal de Mesa<\/h2>\n<p>Si enfrenta cargos por delitos menores o graves en Mesa y necesita comparecer ante el tribunal, llame a nuestra oficina hoy para ver c\u00f3mo podemos ayudarlo. Nuestro experimentado equipo de defensa puede explicarle sus opciones y ayudar a eliminar el miedo y la ansiedad que conlleva enfrentarse al sistema de justicia penal.<\/p>\n<p>Llamar <a href=\"tel:4804674370\">(480) 467-4370<\/a>\u00a0para su revisi\u00f3n gratuita y confidencial de su caso hoy.<\/p>\n","protected":false},"excerpt":{"rendered":"<p>Si ha sido acusado de un delito menor o felon\u00eda en Mesa, Arizona, el galardonado equipo de defensa criminal de JacksonWhite Law puede ayudarlo. Nuestros abogados defensores tiene m\u00e1s de 40 a\u00f1os de experiencia combinada defendiendo agresivamente los derechos de&hellip;<\/p>\n","protected":false},"author":14,"featured_media":0,"parent":9320,"menu_order":0,"comment_status":"closed","ping_status":"closed","template":"","meta":{"_acf_changed":false,"om_disable_all_campaigns":false,"footnotes":""},"practice_area":[151],"class_list":["post-23655","page","type-page","status-publish","hentry","practice_area-criminal-defense-es"],"acf":[],"yoast_head":"<!-- This site is optimized with the Yoast SEO plugin v27.3 - https:\/\/yoast.com\/product\/yoast-seo-wordpress\/ -->\n<title>Abogados de Defensa Criminal de Mesa | JacksonWhite Law<\/title>\n<meta name=\"description\" content=\"Nuestro experimentado equipo de abogados de defensa criminal en Mesa, Arizona, lo ayudar\u00e1 a obtener el mejor resultado para su caso.\" \/>\n<meta name=\"robots\" content=\"index, follow, max-snippet:-1, max-image-preview:large, max-video-preview:-1\" \/>\n<link rel=\"canonical\" href=\"https:\/\/www.jacksonwhitelaw.com\/es\/criminal-defense-law\/abogados-de-defensa-criminal-de-mesa\/\" \/>\n<meta property=\"og:locale\" content=\"es_ES\" \/>\n<meta property=\"og:type\" content=\"article\" \/>\n<meta property=\"og:title\" content=\"Abogados de Defensa Criminal de Mesa | JacksonWhite Law\" \/>\n<meta property=\"og:description\" content=\"Nuestro experimentado equipo de abogados de defensa criminal en Mesa, Arizona, lo ayudar\u00e1 a obtener el mejor resultado para su caso.\" \/>\n<meta property=\"og:url\" content=\"https:\/\/www.jacksonwhitelaw.com\/es\/criminal-defense-law\/abogados-de-defensa-criminal-de-mesa\/\" \/>\n<meta property=\"og:site_name\" content=\"JacksonWhite Law\" \/>\n<meta property=\"article:publisher\" content=\"https:\/\/www.facebook.com\/jacksonwhitelaw\" \/>\n<meta property=\"og:image\" content=\"https:\/\/www.jacksonwhitelaw.com\/wp-content\/uploads\/2025\/05\/Criminal-Team-Jackon-White-Cropped-scaled.webp\" \/>\n\t<meta property=\"og:image:width\" content=\"2560\" \/>\n\t<meta property=\"og:image:height\" content=\"1631\" \/>\n\t<meta property=\"og:image:type\" content=\"image\/webp\" \/>\n<meta name=\"twitter:card\" content=\"summary_large_image\" \/>\n<meta name=\"twitter:site\" content=\"@JacksonWhiteLaw\" \/>\n<meta name=\"twitter:label1\" content=\"Tiempo de lectura\" \/>\n\t<meta name=\"twitter:data1\" content=\"3 minutos\" \/>\n<!-- \/ Yoast SEO plugin. -->","yoast_head_json":{"title":"Abogados de Defensa Criminal de Mesa | JacksonWhite Law","description":"Nuestro experimentado equipo de abogados de defensa criminal en Mesa, Arizona, lo ayudar\u00e1 a obtener el mejor resultado para su caso.","robots":{"index":"index","follow":"follow","max-snippet":"max-snippet:-1","max-image-preview":"max-image-preview:large","max-video-preview":"max-video-preview:-1"},"canonical":"https:\/\/www.jacksonwhitelaw.com\/es\/criminal-defense-law\/abogados-de-defensa-criminal-de-mesa\/","og_locale":"es_ES","og_type":"article","og_title":"Abogados de Defensa Criminal de Mesa | JacksonWhite Law","og_description":"Nuestro experimentado equipo de abogados de defensa criminal en Mesa, Arizona, lo ayudar\u00e1 a obtener el mejor resultado para su caso.","og_url":"https:\/\/www.jacksonwhitelaw.com\/es\/criminal-defense-law\/abogados-de-defensa-criminal-de-mesa\/","og_site_name":"JacksonWhite Law","article_publisher":"https:\/\/www.facebook.com\/jacksonwhitelaw","og_image":[{"width":2560,"height":1631,"url":"https:\/\/www.jacksonwhitelaw.com\/wp-content\/uploads\/2025\/05\/Criminal-Team-Jackon-White-Cropped-scaled.webp","type":"image\/webp"}],"twitter_card":"summary_large_image","twitter_site":"@JacksonWhiteLaw","twitter_misc":{"Tiempo de lectura":"3 minutos"},"schema":{"@context":"https:\/\/schema.org","@graph":[{"@type":"WebPage","@id":"https:\/\/www.jacksonwhitelaw.com\/es\/criminal-defense-law\/abogados-de-defensa-criminal-de-mesa\/","url":"https:\/\/www.jacksonwhitelaw.com\/es\/criminal-defense-law\/abogados-de-defensa-criminal-de-mesa\/","name":"Abogados de Defensa Criminal de Mesa | JacksonWhite Law","isPartOf":{"@id":"https:\/\/www.jacksonwhitelaw.com\/es\/#website"},"primaryImageOfPage":{"@id":"https:\/\/www.jacksonwhitelaw.com\/es\/criminal-defense-law\/abogados-de-defensa-criminal-de-mesa\/#primaryimage"},"image":{"@id":"https:\/\/www.jacksonwhitelaw.com\/es\/criminal-defense-law\/abogados-de-defensa-criminal-de-mesa\/#primaryimage"},"thumbnailUrl":"https:\/\/www.jacksonwhitelaw.com\/wp-content\/uploads\/2025\/05\/Criminal-Team-Jackon-White-Cropped-1024x652.webp","datePublished":"2025-08-02T01:55:30+00:00","description":"Nuestro experimentado equipo de abogados de defensa criminal en Mesa, Arizona, lo ayudar\u00e1 a obtener el mejor resultado para su caso.","breadcrumb":{"@id":"https:\/\/www.jacksonwhitelaw.com\/es\/criminal-defense-law\/abogados-de-defensa-criminal-de-mesa\/#breadcrumb"},"inLanguage":"es","potentialAction":[{"@type":"ReadAction","target":["https:\/\/www.jacksonwhitelaw.com\/es\/criminal-defense-law\/abogados-de-defensa-criminal-de-mesa\/"]}]},{"@type":"ImageObject","inLanguage":"es","@id":"https:\/\/www.jacksonwhitelaw.com\/es\/criminal-defense-law\/abogados-de-defensa-criminal-de-mesa\/#primaryimage","url":"https:\/\/www.jacksonwhitelaw.com\/wp-content\/uploads\/2025\/05\/Criminal-Team-Jackon-White-Cropped-1024x652.webp","contentUrl":"https:\/\/www.jacksonwhitelaw.com\/wp-content\/uploads\/2025\/05\/Criminal-Team-Jackon-White-Cropped-1024x652.webp"},{"@type":"BreadcrumbList","@id":"https:\/\/www.jacksonwhitelaw.com\/es\/criminal-defense-law\/abogados-de-defensa-criminal-de-mesa\/#breadcrumb","itemListElement":[{"@type":"ListItem","position":1,"name":"Home","item":"https:\/\/www.jacksonwhitelaw.com\/es\/"},{"@type":"ListItem","position":2,"name":"Criminal Defense","item":"https:\/\/www.jacksonwhitelaw.com\/es\/criminal-defense-law\/"},{"@type":"ListItem","position":3,"name":"Abogados de Defensa Criminal de Mesa"}]},{"@type":"WebSite","@id":"https:\/\/www.jacksonwhitelaw.com\/es\/#website","url":"https:\/\/www.jacksonwhitelaw.com\/es\/","name":"JacksonWhite Law","description":"Attorneys at Law in Mesa &amp; Phoenix, Arizona","publisher":{"@id":"https:\/\/www.jacksonwhitelaw.com\/es\/#organization"},"alternateName":"JacksonWhite P.C.","potentialAction":[{"@type":"SearchAction","target":{"@type":"EntryPoint","urlTemplate":"https:\/\/www.jacksonwhitelaw.com\/es\/?s={search_term_string}"},"query-input":{"@type":"PropertyValueSpecification","valueRequired":true,"valueName":"search_term_string"}}],"inLanguage":"es"},{"@type":"Organization","@id":"https:\/\/www.jacksonwhitelaw.com\/es\/#organization","name":"JacksonWhite P.C.","alternateName":"JacksonWhite Law","url":"https:\/\/www.jacksonwhitelaw.com\/es\/","logo":{"@type":"ImageObject","inLanguage":"es","@id":"https:\/\/www.jacksonwhitelaw.com\/es\/#\/schema\/logo\/image\/","url":"https:\/\/www.jacksonwhitelaw.com\/wp-content\/uploads\/2025\/05\/JacksonWhite_Schema-Logo-scaled.png","contentUrl":"https:\/\/www.jacksonwhitelaw.com\/wp-content\/uploads\/2025\/05\/JacksonWhite_Schema-Logo-scaled.png","width":2560,"height":2560,"caption":"JacksonWhite P.C."},"image":{"@id":"https:\/\/www.jacksonwhitelaw.com\/es\/#\/schema\/logo\/image\/"},"sameAs":["https:\/\/www.facebook.com\/jacksonwhitelaw","https:\/\/x.com\/JacksonWhiteLaw","https:\/\/www.instagram.com\/jwlawfirm\/","https:\/\/www.linkedin.com\/company\/jackson-white-p.c.","https:\/\/www.youtube.com\/@JWLMesaAZ","https:\/\/www.yelp.com\/biz\/jacksonwhite-law-mesa"]}]}},"_links":{"self":[{"href":"https:\/\/www.jacksonwhitelaw.com\/es\/wp-json\/wp\/v2\/pages\/23655","targetHints":{"allow":["GET"]}}],"collection":[{"href":"https:\/\/www.jacksonwhitelaw.com\/es\/wp-json\/wp\/v2\/pages"}],"about":[{"href":"https:\/\/www.jacksonwhitelaw.com\/es\/wp-json\/wp\/v2\/types\/page"}],"author":[{"embeddable":true,"href":"https:\/\/www.jacksonwhitelaw.com\/es\/wp-json\/wp\/v2\/users\/14"}],"replies":[{"embeddable":true,"href":"https:\/\/www.jacksonwhitelaw.com\/es\/wp-json\/wp\/v2\/comments?post=23655"}],"version-history":[{"count":0,"href":"https:\/\/www.jacksonwhitelaw.com\/es\/wp-json\/wp\/v2\/pages\/23655\/revisions"}],"up":[{"embeddable":true,"href":"https:\/\/www.jacksonwhitelaw.com\/es\/wp-json\/wp\/v2\/pages\/9320"}],"wp:attachment":[{"href":"https:\/\/www.jacksonwhitelaw.com\/es\/wp-json\/wp\/v2\/media?parent=23655"}],"wp:term":[{"taxonomy":"practice_area","embeddable":true,"href":"https:\/\/www.jacksonwhitelaw.com\/es\/wp-json\/wp\/v2\/practice_area?post=23655"}],"curies":[{"name":"wp","href":"https:\/\/api.w.org\/{rel}","templated":true}]}}