{"id":20962,"date":"2025-05-14T11:27:53","date_gmt":"2025-05-14T10:27:53","guid":{"rendered":"https:\/\/www.jacksonwhitelaw.com\/criminal-defense-law\/?page_id=20962"},"modified":"2025-05-14T14:02:31","modified_gmt":"2025-05-14T13:02:31","slug":"peoria","status":"publish","type":"page","link":"https:\/\/www.jacksonwhitelaw.com\/es\/criminal-defense-law\/peoria\/","title":{"rendered":"Abogados de Defensa Criminal de Peoria"},"content":{"rendered":"<p>Nadie espera ser acusado de un delito penal. Sin embargo, cuando sucede, puede transformar su mundo por completo. En Arizona, el castigo por delitos convictos puede variar desde delitos menores que resultan en multas menores o servicio comunitario, hasta delitos graves que pueden condenar a una persona a a\u00f1os de prisi\u00f3n o posiblemente a la pena de muerte.<\/p>\n<p>Si ha sido acusado de un delito, la representaci\u00f3n legal es vital para construir una defensa s\u00f3lida y garantizar que sus derechos no hayan sido violados. Con la ayuda de un abogado de defensa criminal de Peoria, obtendr\u00e1 la mejor oportunidad posible de obtener un resultado favorable.<\/p>\n<h2>\u00c1reas de pr\u00e1ctica de defensa criminal de Peoria<\/h2>\n<p>Cuando se enfrenta a cualquier tipo de condena penal, desea contar con un fuerte defensor de su lado. JacksonWhite Law proporciona a los presuntos infractores un equipo de defensa dedicado que puede y est\u00e1 dispuesto a brindarle a su caso la atenci\u00f3n que merece. Nuestro equipo maneja todo tipo de casos de defensa criminal en Peoria, incluyendo:<\/p>\n<ul>\n<li>DUI<\/li>\n<li>posesi\u00f3n de marihuana<\/li>\n<li>exceso de velocidad criminal<\/li>\n<li>Violencia dom\u00e9stica<\/li>\n<li>Posesi\u00f3n de Drogas Peligrosas<\/li>\n<li>Posesi\u00f3n de Estupefacientes<\/li>\n<li>Delitos Juveniles<\/li>\n<li>Conducta desordenada<\/li>\n<li>Hurto<\/li>\n<li>Crueldad animal<\/li>\n<li>chocar y huir<\/li>\n<li>Robo<\/li>\n<li>peligro infantil<\/li>\n<li>Y muchos m\u00e1s<\/li>\n<\/ul>\n<h2>DUI en Peoria<\/h2>\n<p>Arizona es uno de los estados m\u00e1s duros para los delitos de DUI con leyes estrictas y castigos para los presuntos delincuentes que son declarados culpables. Si lo condenan por un DUI, puede enfrentar una serie de sanciones, que incluyen un m\u00ednimo de 24 horas en la c\u00e1rcel, cientos de d\u00f3lares en multas y una sospecha de licencia de hasta 90 d\u00edas. Si esta no es su primera ofensa, las sanciones pueden ser m\u00e1s severas.<\/p>\n<p>Cuando se enfrenta a un cargo por conducir ebrio o DUI extremo, es imperativo hablar con un abogado defensor penal de Peoria lo antes posible.<\/p>\n<h2>Delitos de drogas en Peoria<\/h2>\n<p>Todos los d\u00edas, los abogados de defensa penal de Peoria ayudan a los clientes que han sido acusados \u200b\u200bde delitos de drogas. La posesi\u00f3n de marihuana, narc\u00f3ticos y drogas peligrosas son cargos comunes de drogas que pueden resultar en sanciones graves que incluyen multas, tiempo en la c\u00e1rcel y libertad condicional.<\/p>\n<p>Dependiendo de las circunstancias \u00fanicas de su caso, podr\u00eda ser acusado de un delito menor o incluso de un delito grave. Los expertos legales de JacksonWhite Law pueden ayudarlo a navegar el complejo sistema legal y describir las mejores opciones para usted en el futuro.<\/p>\n<h2>Cargos de Violencia Dom\u00e9stica en Peoria<\/h2>\n<p>En Arizona, la violencia dom\u00e9stica se define como cualquier acto criminal de abuso cometido por un miembro del hogar o de la familia. Hay muchos delitos asociados con la violencia dom\u00e9stica, como asalto y agresi\u00f3n, allanamiento de morada, amenazas, conducta desordenada en p\u00fablico, intimidaci\u00f3n de testigos y secuestro.<\/p>\n<p>Si ha sido acusado de violencia dom\u00e9stica, un abogado de defensa criminal de Peoria puede ayudarlo a garantizar que obtenga la defensa que necesita.<\/p>\n<h2>Delitos de Robo en Peoria<\/h2>\n<p>Entrar o permanecer en una estructura residencial o no residencial o en un patio residencial o comercial cercado puede resultar en un cargo de allanamiento de morada y robo en el estado de Arizona. Las leyes de robo son estrictas y el presunto delincuente solo necesita haber actuado \u00abcon intenci\u00f3n\u00bb para ser acusado.<\/p>\n<p>Si es declarado culpable, un cargo de robo puede resultar en un m\u00ednimo de un a\u00f1o de prisi\u00f3n. Los cargos por robo van desde delitos graves de clase 6, que son los menos graves, hasta delitos graves de clase 2, que son los m\u00e1s graves.<\/p>\n<p>Independientemente de las circunstancias que rodean su caso \u00fanico, se necesita un abogado defensor penal para construir una defensa s\u00f3lida en su nombre.<\/p>\n<img loading=\"lazy\" decoding=\"async\" class=\"alignnone size-large wp-image-22302\" src=\"https:\/\/www.jacksonwhitelaw.com\/wp-content\/uploads\/2025\/05\/Criminal-Team-Jackon-White-Cropped-1024x652.webp\" alt=\"\" width=\"1024\" height=\"652\" srcset=\"https:\/\/www.jacksonwhitelaw.com\/wp-content\/uploads\/2025\/05\/Criminal-Team-Jackon-White-Cropped-1024x652.webp 1024w, https:\/\/www.jacksonwhitelaw.com\/wp-content\/uploads\/2025\/05\/Criminal-Team-Jackon-White-Cropped-300x191.webp 300w, https:\/\/www.jacksonwhitelaw.com\/wp-content\/uploads\/2025\/05\/Criminal-Team-Jackon-White-Cropped-768x489.webp 768w, https:\/\/www.jacksonwhitelaw.com\/wp-content\/uploads\/2025\/05\/Criminal-Team-Jackon-White-Cropped-1536x979.webp 1536w, https:\/\/www.jacksonwhitelaw.com\/wp-content\/uploads\/2025\/05\/Criminal-Team-Jackon-White-Cropped-2048x1305.webp 2048w, https:\/\/www.jacksonwhitelaw.com\/wp-content\/uploads\/2025\/05\/Criminal-Team-Jackon-White-Cropped-900x573.webp 900w, https:\/\/www.jacksonwhitelaw.com\/wp-content\/uploads\/2025\/05\/Criminal-Team-Jackon-White-Cropped-1920x1223.webp 1920w\" sizes=\"auto, (max-width: 1024px) 100vw, 1024px\" \/>\n<h2>Reciba ayuda con su caso de defensa penal de Peoria<\/h2>\n<p>Si ha sido acusado de alg\u00fan tipo de delito, no aborde la situaci\u00f3n solo. Un abogado de defensa criminal de Peoria tiene la experiencia, la base de conocimientos, los recursos y las conexiones necesarias para guiarlo a trav\u00e9s del proceso y ayudarle a obtener el mejor resultado posible.<\/p>\n<p>En JacksonWhite Law, ofrecemos consultas gratuitas, confidenciales y sin compromiso a clientes potenciales por tel\u00e9fono o en nuestra oficina de Peoria. Durante una consulta, revisaremos su caso y le explicaremos sus opciones en el futuro. Nuestro enfoque \u00fanico de los casos penales nos permite ser altamente receptivos y dedicados a satisfacer las necesidades \u00fanicas de nuestros clientes.<\/p>\n<p>Los abogados de defensa criminal de Peoria en JacksonWhite Law entienden el sistema legal y est\u00e1n equipados para manejar todo tipo de casos criminales. P\u00f3ngase en contacto con nuestra pr\u00e1ctica hoy para obtener m\u00e1s informaci\u00f3n sobre nuestros servicios de defensa criminal o para programar una consulta.<\/p>\n<p>Llame al equipo de derecho penal de Jackson White al <a href=\"tel:4804674370\">(480) 467-4370<\/a>\u00a0para discutir su caso hoy.<\/p>\n","protected":false},"excerpt":{"rendered":"<p>Nadie espera ser acusado de un delito penal. Sin embargo, cuando sucede, puede transformar su mundo por completo. En Arizona, el castigo por delitos convictos puede variar desde delitos menores que resultan en multas menores o servicio comunitario, hasta delitos&hellip;<\/p>\n","protected":false},"author":14,"featured_media":0,"parent":9320,"menu_order":0,"comment_status":"closed","ping_status":"closed","template":"","meta":{"_acf_changed":false,"om_disable_all_campaigns":false,"footnotes":""},"practice_area":[151],"class_list":["post-20962","page","type-page","status-publish","hentry","practice_area-criminal-defense-es"],"acf":[],"yoast_head":"<!-- This site is optimized with the Yoast SEO plugin v27.3 - https:\/\/yoast.com\/product\/yoast-seo-wordpress\/ -->\n<title>Abogados de Defensa Criminal de Peoria | JacksonWhite Law<\/title>\n<meta name=\"description\" content=\"Nuestro experimentado equipo de abogados de defensa criminal en Peoria, Arizona, lo ayudar\u00e1 a obtener el mejor resultado para su caso.\" \/>\n<meta name=\"robots\" content=\"index, follow, max-snippet:-1, max-image-preview:large, max-video-preview:-1\" \/>\n<link rel=\"canonical\" href=\"https:\/\/www.jacksonwhitelaw.com\/es\/criminal-defense-law\/peoria\/\" \/>\n<meta property=\"og:locale\" content=\"es_ES\" \/>\n<meta property=\"og:type\" content=\"article\" \/>\n<meta property=\"og:title\" content=\"Abogados de Defensa Criminal de Peoria | JacksonWhite Law\" \/>\n<meta property=\"og:description\" content=\"Nuestro experimentado equipo de abogados de defensa criminal en Peoria, Arizona, lo ayudar\u00e1 a obtener el mejor resultado para su caso.\" \/>\n<meta property=\"og:url\" content=\"https:\/\/www.jacksonwhitelaw.com\/es\/criminal-defense-law\/peoria\/\" \/>\n<meta property=\"og:site_name\" content=\"JacksonWhite Law\" \/>\n<meta property=\"article:publisher\" content=\"https:\/\/www.facebook.com\/jacksonwhitelaw\" \/>\n<meta property=\"article:modified_time\" content=\"2025-05-14T13:02:31+00:00\" \/>\n<meta property=\"og:image\" content=\"https:\/\/www.jacksonwhitelaw.com\/wp-content\/uploads\/2025\/05\/Criminal-Team-Jackon-White-Cropped-1024x652.webp\" \/>\n<meta name=\"twitter:card\" content=\"summary_large_image\" \/>\n<meta name=\"twitter:site\" content=\"@JacksonWhiteLaw\" \/>\n<meta name=\"twitter:label1\" content=\"Tiempo de lectura\" \/>\n\t<meta name=\"twitter:data1\" content=\"4 minutos\" \/>\n<!-- \/ Yoast SEO plugin. -->","yoast_head_json":{"title":"Abogados de Defensa Criminal de Peoria | JacksonWhite Law","description":"Nuestro experimentado equipo de abogados de defensa criminal en Peoria, Arizona, lo ayudar\u00e1 a obtener el mejor resultado para su caso.","robots":{"index":"index","follow":"follow","max-snippet":"max-snippet:-1","max-image-preview":"max-image-preview:large","max-video-preview":"max-video-preview:-1"},"canonical":"https:\/\/www.jacksonwhitelaw.com\/es\/criminal-defense-law\/peoria\/","og_locale":"es_ES","og_type":"article","og_title":"Abogados de Defensa Criminal de Peoria | JacksonWhite Law","og_description":"Nuestro experimentado equipo de abogados de defensa criminal en Peoria, Arizona, lo ayudar\u00e1 a obtener el mejor resultado para su caso.","og_url":"https:\/\/www.jacksonwhitelaw.com\/es\/criminal-defense-law\/peoria\/","og_site_name":"JacksonWhite Law","article_publisher":"https:\/\/www.facebook.com\/jacksonwhitelaw","article_modified_time":"2025-05-14T13:02:31+00:00","og_image":[{"url":"https:\/\/www.jacksonwhitelaw.com\/wp-content\/uploads\/2025\/05\/Criminal-Team-Jackon-White-Cropped-1024x652.webp","type":"","width":"","height":""}],"twitter_card":"summary_large_image","twitter_site":"@JacksonWhiteLaw","twitter_misc":{"Tiempo de lectura":"4 minutos"},"schema":{"@context":"https:\/\/schema.org","@graph":[{"@type":"WebPage","@id":"https:\/\/www.jacksonwhitelaw.com\/es\/criminal-defense-law\/peoria\/","url":"https:\/\/www.jacksonwhitelaw.com\/es\/criminal-defense-law\/peoria\/","name":"Abogados de Defensa Criminal de Peoria | JacksonWhite Law","isPartOf":{"@id":"https:\/\/www.jacksonwhitelaw.com\/es\/#website"},"primaryImageOfPage":{"@id":"https:\/\/www.jacksonwhitelaw.com\/es\/criminal-defense-law\/peoria\/#primaryimage"},"image":{"@id":"https:\/\/www.jacksonwhitelaw.com\/es\/criminal-defense-law\/peoria\/#primaryimage"},"thumbnailUrl":"https:\/\/www.jacksonwhitelaw.com\/wp-content\/uploads\/2025\/05\/Criminal-Team-Jackon-White-Cropped-1024x652.webp","datePublished":"2025-05-14T10:27:53+00:00","dateModified":"2025-05-14T13:02:31+00:00","description":"Nuestro experimentado equipo de abogados de defensa criminal en Peoria, Arizona, lo ayudar\u00e1 a obtener el mejor resultado para su caso.","breadcrumb":{"@id":"https:\/\/www.jacksonwhitelaw.com\/es\/criminal-defense-law\/peoria\/#breadcrumb"},"inLanguage":"es","potentialAction":[{"@type":"ReadAction","target":["https:\/\/www.jacksonwhitelaw.com\/es\/criminal-defense-law\/peoria\/"]}]},{"@type":"ImageObject","inLanguage":"es","@id":"https:\/\/www.jacksonwhitelaw.com\/es\/criminal-defense-law\/peoria\/#primaryimage","url":"https:\/\/www.jacksonwhitelaw.com\/wp-content\/uploads\/2025\/05\/Criminal-Team-Jackon-White-Cropped-1024x652.webp","contentUrl":"https:\/\/www.jacksonwhitelaw.com\/wp-content\/uploads\/2025\/05\/Criminal-Team-Jackon-White-Cropped-1024x652.webp"},{"@type":"BreadcrumbList","@id":"https:\/\/www.jacksonwhitelaw.com\/es\/criminal-defense-law\/peoria\/#breadcrumb","itemListElement":[{"@type":"ListItem","position":1,"name":"Home","item":"https:\/\/www.jacksonwhitelaw.com\/es\/"},{"@type":"ListItem","position":2,"name":"Criminal Defense","item":"https:\/\/www.jacksonwhitelaw.com\/es\/criminal-defense-law\/"},{"@type":"ListItem","position":3,"name":"Abogados de Defensa Criminal de Peoria"}]},{"@type":"WebSite","@id":"https:\/\/www.jacksonwhitelaw.com\/es\/#website","url":"https:\/\/www.jacksonwhitelaw.com\/es\/","name":"JacksonWhite Law","description":"Attorneys at Law in Mesa &amp; Phoenix, Arizona","publisher":{"@id":"https:\/\/www.jacksonwhitelaw.com\/es\/#organization"},"alternateName":"JacksonWhite P.C.","potentialAction":[{"@type":"SearchAction","target":{"@type":"EntryPoint","urlTemplate":"https:\/\/www.jacksonwhitelaw.com\/es\/?s={search_term_string}"},"query-input":{"@type":"PropertyValueSpecification","valueRequired":true,"valueName":"search_term_string"}}],"inLanguage":"es"},{"@type":"Organization","@id":"https:\/\/www.jacksonwhitelaw.com\/es\/#organization","name":"JacksonWhite P.C.","alternateName":"JacksonWhite Law","url":"https:\/\/www.jacksonwhitelaw.com\/es\/","logo":{"@type":"ImageObject","inLanguage":"es","@id":"https:\/\/www.jacksonwhitelaw.com\/es\/#\/schema\/logo\/image\/","url":"https:\/\/www.jacksonwhitelaw.com\/wp-content\/uploads\/2025\/05\/JacksonWhite_Schema-Logo-scaled.png","contentUrl":"https:\/\/www.jacksonwhitelaw.com\/wp-content\/uploads\/2025\/05\/JacksonWhite_Schema-Logo-scaled.png","width":2560,"height":2560,"caption":"JacksonWhite P.C."},"image":{"@id":"https:\/\/www.jacksonwhitelaw.com\/es\/#\/schema\/logo\/image\/"},"sameAs":["https:\/\/www.facebook.com\/jacksonwhitelaw","https:\/\/x.com\/JacksonWhiteLaw","https:\/\/www.instagram.com\/jwlawfirm\/","https:\/\/www.linkedin.com\/company\/jackson-white-p.c.","https:\/\/www.youtube.com\/@JWLMesaAZ","https:\/\/www.yelp.com\/biz\/jacksonwhite-law-mesa"]}]}},"_links":{"self":[{"href":"https:\/\/www.jacksonwhitelaw.com\/es\/wp-json\/wp\/v2\/pages\/20962","targetHints":{"allow":["GET"]}}],"collection":[{"href":"https:\/\/www.jacksonwhitelaw.com\/es\/wp-json\/wp\/v2\/pages"}],"about":[{"href":"https:\/\/www.jacksonwhitelaw.com\/es\/wp-json\/wp\/v2\/types\/page"}],"author":[{"embeddable":true,"href":"https:\/\/www.jacksonwhitelaw.com\/es\/wp-json\/wp\/v2\/users\/14"}],"replies":[{"embeddable":true,"href":"https:\/\/www.jacksonwhitelaw.com\/es\/wp-json\/wp\/v2\/comments?post=20962"}],"version-history":[{"count":0,"href":"https:\/\/www.jacksonwhitelaw.com\/es\/wp-json\/wp\/v2\/pages\/20962\/revisions"}],"up":[{"embeddable":true,"href":"https:\/\/www.jacksonwhitelaw.com\/es\/wp-json\/wp\/v2\/pages\/9320"}],"wp:attachment":[{"href":"https:\/\/www.jacksonwhitelaw.com\/es\/wp-json\/wp\/v2\/media?parent=20962"}],"wp:term":[{"taxonomy":"practice_area","embeddable":true,"href":"https:\/\/www.jacksonwhitelaw.com\/es\/wp-json\/wp\/v2\/practice_area?post=20962"}],"curies":[{"name":"wp","href":"https:\/\/api.w.org\/{rel}","templated":true}]}}