{"id":20956,"date":"2025-05-14T11:27:50","date_gmt":"2025-05-14T18:27:50","guid":{"rendered":"https:\/\/www.jacksonwhitelaw.com\/criminal-defense-law\/abogado-de-defensa-criminal-de-gilbert\/"},"modified":"2025-05-14T14:02:54","modified_gmt":"2025-05-14T13:02:54","slug":"gilbert","status":"publish","type":"page","link":"https:\/\/www.jacksonwhitelaw.com\/es\/criminal-defense-law\/gilbert\/","title":{"rendered":"Abogado de Defensa Criminal de Gilbert"},"content":{"rendered":"<p>JacksonWhite Attorneys at Law ha ayudado a clientes en Arizona durante m\u00e1s de 30 a\u00f1os, y con nuestra ubicaci\u00f3n en Gilbert, Arizona, es m\u00e1s f\u00e1cil que nunca servir al valle sureste.<\/p>\n<p>Ubicada cerca de Gilbert Road y Elliot Road, nuestra oficina de Gilbert est\u00e1 disponible a pedido para aquellos clientes que desean una alternativa a nuestra oficina principal de Mesa, ubicada en Center y Main Street en el centro de Mesa.<\/p>\n<h2>Servicios de defensa criminal en Gilbert<\/h2>\n<p>En JacksonWhite Law, podemos ayudar a los clientes en casi todas las \u00e1reas de defensa criminal, que incluyen:<\/p>\n<ul>\n<li>exceso de velocidad criminal<\/li>\n<li>Cargos por drogas<\/li>\n<li>Cargos juveniles<\/li>\n<li>DUI (agravado y extremo)<\/li>\n<li>Robo y hurto<\/li>\n<\/ul>\n<ul>\n<li>Violencia dom\u00e9stica y asalto<\/li>\n<li>Delitos y faltas<\/li>\n<li>borrado<\/li>\n<li>Delitos sexuales<\/li>\n<li>cr\u00edmenes de cuello blanco<\/li>\n<\/ul>\n<p>Haga clic aqu\u00ed para obtener m\u00e1s informaci\u00f3n sobre los delitos y los tipos de casos penales que manejamos.<\/p>\n<h2>Obtenga una defensa legal superior<\/h2>\n<p>En JacksonWhite Law, conocemos el impacto de los problemas criminales en su vida, cuando se trata de su familia, finanzas, profesi\u00f3n y vida personal. Es por eso que hacemos todo lo posible para garantizar que reciba la mejor defensa posible y los mejores resultados legales.<\/p>\n<p>Durante a\u00f1os, hemos ayudado a nuestros clientes obteniendo:<\/p>\n<ul>\n<li>Cargos reducidos o eliminados<\/li>\n<li>Penas reducidas<\/li>\n<li>Convicciones dejadas de lado<\/li>\n<\/ul>\n<p>Cuando necesite ayuda con su caso penal, ll\u00e1menos para programar una evaluaci\u00f3n gratuita del caso.<\/p>\n<p>Llamar <a href=\"tel:4804674370\">(480) 467-4370 <\/a>hoy para su consulta gratuita.<\/p>\n<h2>Conozca nuestro equipo de defensa criminal<\/h2>\n<img loading=\"lazy\" decoding=\"async\" class=\"alignnone size-large wp-image-22302\" src=\"https:\/\/www.jacksonwhitelaw.com\/wp-content\/uploads\/2025\/05\/Criminal-Team-Jackon-White-Cropped-1024x652.webp\" alt=\"\" width=\"1024\" height=\"652\" srcset=\"https:\/\/www.jacksonwhitelaw.com\/wp-content\/uploads\/2025\/05\/Criminal-Team-Jackon-White-Cropped-1024x652.webp 1024w, https:\/\/www.jacksonwhitelaw.com\/wp-content\/uploads\/2025\/05\/Criminal-Team-Jackon-White-Cropped-300x191.webp 300w, https:\/\/www.jacksonwhitelaw.com\/wp-content\/uploads\/2025\/05\/Criminal-Team-Jackon-White-Cropped-768x489.webp 768w, https:\/\/www.jacksonwhitelaw.com\/wp-content\/uploads\/2025\/05\/Criminal-Team-Jackon-White-Cropped-1536x979.webp 1536w, https:\/\/www.jacksonwhitelaw.com\/wp-content\/uploads\/2025\/05\/Criminal-Team-Jackon-White-Cropped-2048x1305.webp 2048w, https:\/\/www.jacksonwhitelaw.com\/wp-content\/uploads\/2025\/05\/Criminal-Team-Jackon-White-Cropped-900x573.webp 900w, https:\/\/www.jacksonwhitelaw.com\/wp-content\/uploads\/2025\/05\/Criminal-Team-Jackon-White-Cropped-1920x1223.webp 1920w\" sizes=\"auto, (max-width: 1024px) 100vw, 1024px\" \/>\n<p>Llame al equipo de derecho penal de Jackson White al <a href=\"tel:4804674370\">(480) 467-4370<\/a>\u00a0para hablar sobre su caso hoy.<\/p>\n","protected":false},"excerpt":{"rendered":"<p>JacksonWhite Attorneys at Law ha ayudado a clientes en Arizona durante m\u00e1s de 30 a\u00f1os, y con nuestra ubicaci\u00f3n en Gilbert, Arizona, es m\u00e1s f\u00e1cil que nunca servir al valle sureste. Ubicada cerca de Gilbert Road y Elliot Road, nuestra&hellip;<\/p>\n","protected":false},"author":14,"featured_media":0,"parent":9320,"menu_order":0,"comment_status":"closed","ping_status":"closed","template":"","meta":{"_acf_changed":false,"om_disable_all_campaigns":false,"footnotes":""},"practice_area":[151],"class_list":["post-20956","page","type-page","status-publish","hentry","practice_area-criminal-defense-es"],"acf":[],"yoast_head":"<!-- This site is optimized with the Yoast SEO plugin v27.3 - https:\/\/yoast.com\/product\/yoast-seo-wordpress\/ -->\n<title>Abogado de Defensa Criminal de Gilbert | JacksonWhite Law<\/title>\n<meta name=\"description\" content=\"Jackson White Law ofrece defensa legal experta en Gilbert, Arizona. Proteja sus derechos con un equipo dedicado a su caso criminal.\" \/>\n<meta name=\"robots\" content=\"index, follow, max-snippet:-1, max-image-preview:large, max-video-preview:-1\" \/>\n<link rel=\"canonical\" href=\"https:\/\/www.jacksonwhitelaw.com\/es\/criminal-defense-law\/gilbert\/\" \/>\n<meta property=\"og:locale\" content=\"es_ES\" \/>\n<meta property=\"og:type\" content=\"article\" \/>\n<meta property=\"og:title\" content=\"Abogado de Defensa Criminal de Gilbert | JacksonWhite Law\" \/>\n<meta property=\"og:description\" content=\"Jackson White Law ofrece defensa legal experta en Gilbert, Arizona. Proteja sus derechos con un equipo dedicado a su caso criminal.\" \/>\n<meta property=\"og:url\" content=\"https:\/\/www.jacksonwhitelaw.com\/es\/criminal-defense-law\/gilbert\/\" \/>\n<meta property=\"og:site_name\" content=\"JacksonWhite Law\" \/>\n<meta property=\"article:publisher\" content=\"https:\/\/www.facebook.com\/jacksonwhitelaw\" \/>\n<meta property=\"og:image\" content=\"https:\/\/www.jacksonwhitelaw.com\/wp-content\/uploads\/2025\/05\/Criminal-Team-Jackon-White-Cropped-1024x652.webp\" \/>\n<meta name=\"twitter:card\" content=\"summary_large_image\" \/>\n<meta name=\"twitter:site\" content=\"@JacksonWhiteLaw\" \/>\n<meta name=\"twitter:label1\" content=\"Tiempo de lectura\" \/>\n\t<meta name=\"twitter:data1\" content=\"2 minutos\" \/>\n<!-- \/ Yoast SEO plugin. -->","yoast_head_json":{"title":"Abogado de Defensa Criminal de Gilbert | JacksonWhite Law","description":"Jackson White Law ofrece defensa legal experta en Gilbert, Arizona. Proteja sus derechos con un equipo dedicado a su caso criminal.","robots":{"index":"index","follow":"follow","max-snippet":"max-snippet:-1","max-image-preview":"max-image-preview:large","max-video-preview":"max-video-preview:-1"},"canonical":"https:\/\/www.jacksonwhitelaw.com\/es\/criminal-defense-law\/gilbert\/","og_locale":"es_ES","og_type":"article","og_title":"Abogado de Defensa Criminal de Gilbert | JacksonWhite Law","og_description":"Jackson White Law ofrece defensa legal experta en Gilbert, Arizona. Proteja sus derechos con un equipo dedicado a su caso criminal.","og_url":"https:\/\/www.jacksonwhitelaw.com\/es\/criminal-defense-law\/gilbert\/","og_site_name":"JacksonWhite Law","article_publisher":"https:\/\/www.facebook.com\/jacksonwhitelaw","og_image":[{"url":"https:\/\/www.jacksonwhitelaw.com\/wp-content\/uploads\/2025\/05\/Criminal-Team-Jackon-White-Cropped-1024x652.webp","type":"","width":"","height":""}],"twitter_card":"summary_large_image","twitter_site":"@JacksonWhiteLaw","twitter_misc":{"Tiempo de lectura":"2 minutos"},"schema":{"@context":"https:\/\/schema.org","@graph":[{"@type":"WebPage","@id":"https:\/\/www.jacksonwhitelaw.com\/es\/criminal-defense-law\/gilbert\/","url":"https:\/\/www.jacksonwhitelaw.com\/es\/criminal-defense-law\/gilbert\/","name":"Abogado de Defensa Criminal de Gilbert | JacksonWhite Law","isPartOf":{"@id":"https:\/\/www.jacksonwhitelaw.com\/es\/#website"},"primaryImageOfPage":{"@id":"https:\/\/www.jacksonwhitelaw.com\/es\/criminal-defense-law\/gilbert\/#primaryimage"},"image":{"@id":"https:\/\/www.jacksonwhitelaw.com\/es\/criminal-defense-law\/gilbert\/#primaryimage"},"thumbnailUrl":"https:\/\/www.jacksonwhitelaw.com\/wp-content\/uploads\/2025\/05\/Criminal-Team-Jackon-White-Cropped-1024x652.webp","datePublished":"2025-05-14T18:27:50+00:00","description":"Jackson White Law ofrece defensa legal experta en Gilbert, Arizona. Proteja sus derechos con un equipo dedicado a su caso criminal.","breadcrumb":{"@id":"https:\/\/www.jacksonwhitelaw.com\/es\/criminal-defense-law\/gilbert\/#breadcrumb"},"inLanguage":"es","potentialAction":[{"@type":"ReadAction","target":["https:\/\/www.jacksonwhitelaw.com\/es\/criminal-defense-law\/gilbert\/"]}]},{"@type":"ImageObject","inLanguage":"es","@id":"https:\/\/www.jacksonwhitelaw.com\/es\/criminal-defense-law\/gilbert\/#primaryimage","url":"https:\/\/www.jacksonwhitelaw.com\/wp-content\/uploads\/2025\/05\/Criminal-Team-Jackon-White-Cropped-1024x652.webp","contentUrl":"https:\/\/www.jacksonwhitelaw.com\/wp-content\/uploads\/2025\/05\/Criminal-Team-Jackon-White-Cropped-1024x652.webp"},{"@type":"BreadcrumbList","@id":"https:\/\/www.jacksonwhitelaw.com\/es\/criminal-defense-law\/gilbert\/#breadcrumb","itemListElement":[{"@type":"ListItem","position":1,"name":"Home","item":"https:\/\/www.jacksonwhitelaw.com\/es\/"},{"@type":"ListItem","position":2,"name":"Criminal Defense","item":"https:\/\/www.jacksonwhitelaw.com\/es\/criminal-defense-law\/"},{"@type":"ListItem","position":3,"name":"Abogado de Defensa Criminal de Gilbert"}]},{"@type":"WebSite","@id":"https:\/\/www.jacksonwhitelaw.com\/es\/#website","url":"https:\/\/www.jacksonwhitelaw.com\/es\/","name":"JacksonWhite Law","description":"Attorneys at Law in Mesa &amp; Phoenix, Arizona","publisher":{"@id":"https:\/\/www.jacksonwhitelaw.com\/es\/#organization"},"alternateName":"JacksonWhite P.C.","potentialAction":[{"@type":"SearchAction","target":{"@type":"EntryPoint","urlTemplate":"https:\/\/www.jacksonwhitelaw.com\/es\/?s={search_term_string}"},"query-input":{"@type":"PropertyValueSpecification","valueRequired":true,"valueName":"search_term_string"}}],"inLanguage":"es"},{"@type":"Organization","@id":"https:\/\/www.jacksonwhitelaw.com\/es\/#organization","name":"JacksonWhite P.C.","alternateName":"JacksonWhite Law","url":"https:\/\/www.jacksonwhitelaw.com\/es\/","logo":{"@type":"ImageObject","inLanguage":"es","@id":"https:\/\/www.jacksonwhitelaw.com\/es\/#\/schema\/logo\/image\/","url":"https:\/\/www.jacksonwhitelaw.com\/wp-content\/uploads\/2025\/05\/JacksonWhite_Schema-Logo-scaled.png","contentUrl":"https:\/\/www.jacksonwhitelaw.com\/wp-content\/uploads\/2025\/05\/JacksonWhite_Schema-Logo-scaled.png","width":2560,"height":2560,"caption":"JacksonWhite P.C."},"image":{"@id":"https:\/\/www.jacksonwhitelaw.com\/es\/#\/schema\/logo\/image\/"},"sameAs":["https:\/\/www.facebook.com\/jacksonwhitelaw","https:\/\/x.com\/JacksonWhiteLaw","https:\/\/www.instagram.com\/jwlawfirm\/","https:\/\/www.linkedin.com\/company\/jackson-white-p.c.","https:\/\/www.youtube.com\/@JWLMesaAZ","https:\/\/www.yelp.com\/biz\/jacksonwhite-law-mesa"]}]}},"_links":{"self":[{"href":"https:\/\/www.jacksonwhitelaw.com\/es\/wp-json\/wp\/v2\/pages\/20956","targetHints":{"allow":["GET"]}}],"collection":[{"href":"https:\/\/www.jacksonwhitelaw.com\/es\/wp-json\/wp\/v2\/pages"}],"about":[{"href":"https:\/\/www.jacksonwhitelaw.com\/es\/wp-json\/wp\/v2\/types\/page"}],"author":[{"embeddable":true,"href":"https:\/\/www.jacksonwhitelaw.com\/es\/wp-json\/wp\/v2\/users\/14"}],"replies":[{"embeddable":true,"href":"https:\/\/www.jacksonwhitelaw.com\/es\/wp-json\/wp\/v2\/comments?post=20956"}],"version-history":[{"count":0,"href":"https:\/\/www.jacksonwhitelaw.com\/es\/wp-json\/wp\/v2\/pages\/20956\/revisions"}],"up":[{"embeddable":true,"href":"https:\/\/www.jacksonwhitelaw.com\/es\/wp-json\/wp\/v2\/pages\/9320"}],"wp:attachment":[{"href":"https:\/\/www.jacksonwhitelaw.com\/es\/wp-json\/wp\/v2\/media?parent=20956"}],"wp:term":[{"taxonomy":"practice_area","embeddable":true,"href":"https:\/\/www.jacksonwhitelaw.com\/es\/wp-json\/wp\/v2\/practice_area?post=20956"}],"curies":[{"name":"wp","href":"https:\/\/api.w.org\/{rel}","templated":true}]}}