{"id":20953,"date":"2025-05-14T11:27:46","date_gmt":"2025-05-14T18:27:46","guid":{"rendered":"https:\/\/www.jacksonwhitelaw.com\/criminal-defense-law\/?page_id=20953"},"modified":"2025-05-14T14:03:29","modified_gmt":"2025-05-14T13:03:29","slug":"chandler","status":"publish","type":"page","link":"https:\/\/www.jacksonwhitelaw.com\/es\/criminal-defense-law\/chandler\/","title":{"rendered":"Abogados de Defensa Criminal de Chandler"},"content":{"rendered":"<p>Chandler es una ciudad vibrante en el condado de Maricopa, Arizona, y un suburbio en el \u00e1rea metropolitana de Phoenix. Si se enfrenta a un problema penal, necesita la ayuda de un abogado calificado. Los abogados de derecho penal de Chandler en JacksonWhite Law ofrecen servicios legales confiables y compasivos a los residentes de Chandler y sus alrededores.<\/p>\n<p>Los abogados de JacksonWhite han ayudado a innumerables clientes en Arizona a obtener la asistencia legal que necesitan para proteger sus intereses. Nuestros abogados de derecho penal de Chandler entienden que los asuntos de derecho penal pueden ser complejos y pueden tener un costo f\u00edsico y emocional.<\/p>\n<p>Es por eso que hacemos un esfuerzo adicional para garantizar que nuestros clientes reciban el mejor asesoramiento y representaci\u00f3n legal. Tomamos un enfoque pr\u00e1ctico en cada caso y adaptamos un plan basado en las circunstancias \u00fanicas de cada cliente.<\/p>\n<h2>Servicios de derecho penal en Chandler, AZ<\/h2>\n<p>Nadie espera ser acusado de un delito, pero cuando sucede, puede cambiar su vida por completo. Ya sea que se trate de un asalto, DWI, negligencia criminal, delito sexual u otros cargos, una condena podr\u00eda significar fuertes multas para el infractor, as\u00ed como una posible pena de c\u00e1rcel. Las condenas tambi\u00e9n pueden afectar a los clientes de otras maneras, haci\u00e9ndoles dif\u00edcil conseguir un trabajo, obtener una licencia profesional, comprar un seguro o realizar otras tareas b\u00e1sicas.<\/p>\n<p>En JacksonWhite Attorneys at Law, manejamos una amplia gama de casos de defensa penal, como los siguientes:<\/p>\n<ul>\n<li aria-level=\"1\">Cargos por drogas<\/li>\n<li aria-level=\"1\">Delitos sexuales<\/li>\n<li aria-level=\"1\">exceso de velocidad criminal<\/li>\n<li aria-level=\"1\"><a href=\"https:\/\/www.jacksonwhitelaw.com\/criminal-defense-law\/chandler\/chandler-dui-attorneys\/\">DUI<\/a> (agravado y extremo)<\/li>\n<li aria-level=\"1\">Robo y hurto<\/li>\n<li aria-level=\"1\">Borrar delitos<\/li>\n<li aria-level=\"1\">cr\u00edmenes de cuello blanco<\/li>\n<li aria-level=\"1\">Cargos juveniles<\/li>\n<li aria-level=\"1\">Delitos menores y mayores<\/li>\n<li aria-level=\"1\">Agresi\u00f3n y violencia dom\u00e9stica<\/li>\n<\/ul>\n<h2>Deje que JacksonWhite luche por sus derechos<\/h2>\n<p>No permita que cualquiera maneje su caso de defensa criminal. Necesita un abogado experimentado de su lado que tenga una amplia experiencia en el derecho penal de Arizona y muchos a\u00f1os de clientes satisfechos en su haber. Esto es exactamente lo que puede esperar cuando contrata a un abogado de derecho penal de JacksonWhite.<\/p>\n<p>JacksonWhite Attorneys at Law ha prestado servicios en Chandler y otras ciudades de Arizona desde 1983. Nuestro equipo de derecho penal conoce el impacto que los asuntos penales pueden tener en su vida y har\u00e1 todo lo posible para garantizar que reciba la mejor defensa posible y el mejor resultado legal.<\/p>\n<p>Durante muchos a\u00f1os, hemos ayudado a nuestros clientes logrando:<\/p>\n<ul>\n<li aria-level=\"1\">Cargos reducidos o eliminados<\/li>\n<li aria-level=\"1\">Convicciones dejadas de lado<\/li>\n<li aria-level=\"1\">Penas menores<\/li>\n<\/ul>\n<h2>Conozca nuestro equipo de Defensa Criminal<\/h2>\n<img loading=\"lazy\" decoding=\"async\" class=\"alignnone size-large wp-image-22302\" src=\"https:\/\/www.jacksonwhitelaw.com\/wp-content\/uploads\/2025\/05\/Criminal-Team-Jackon-White-Cropped-1024x652.webp\" alt=\"\" width=\"1024\" height=\"652\" srcset=\"https:\/\/www.jacksonwhitelaw.com\/wp-content\/uploads\/2025\/05\/Criminal-Team-Jackon-White-Cropped-1024x652.webp 1024w, https:\/\/www.jacksonwhitelaw.com\/wp-content\/uploads\/2025\/05\/Criminal-Team-Jackon-White-Cropped-300x191.webp 300w, https:\/\/www.jacksonwhitelaw.com\/wp-content\/uploads\/2025\/05\/Criminal-Team-Jackon-White-Cropped-768x489.webp 768w, https:\/\/www.jacksonwhitelaw.com\/wp-content\/uploads\/2025\/05\/Criminal-Team-Jackon-White-Cropped-1536x979.webp 1536w, https:\/\/www.jacksonwhitelaw.com\/wp-content\/uploads\/2025\/05\/Criminal-Team-Jackon-White-Cropped-2048x1305.webp 2048w, https:\/\/www.jacksonwhitelaw.com\/wp-content\/uploads\/2025\/05\/Criminal-Team-Jackon-White-Cropped-900x573.webp 900w, https:\/\/www.jacksonwhitelaw.com\/wp-content\/uploads\/2025\/05\/Criminal-Team-Jackon-White-Cropped-1920x1223.webp 1920w\" sizes=\"auto, (max-width: 1024px) 100vw, 1024px\" \/>\n<h2>Cont\u00e1ctenos para una consulta gratuita<\/h2>\n<p>Cuando necesita ayuda para lidiar con un caso penal en Arizona, necesita a nuestros abogados de derecho penal de Chandler. Para una evaluaci\u00f3n gratuita de su caso, comun\u00edquese hoy con JacksonWhite Law al <a href=\"tel:4804674370\">(480) 467-4370<\/a>.<\/p>\n","protected":false},"excerpt":{"rendered":"<p>Chandler es una ciudad vibrante en el condado de Maricopa, Arizona, y un suburbio en el \u00e1rea metropolitana de Phoenix. Si se enfrenta a un problema penal, necesita la ayuda de un abogado calificado. Los abogados de derecho penal de&hellip;<\/p>\n","protected":false},"author":14,"featured_media":0,"parent":9320,"menu_order":0,"comment_status":"closed","ping_status":"closed","template":"","meta":{"_acf_changed":false,"om_disable_all_campaigns":false,"footnotes":""},"practice_area":[151],"class_list":["post-20953","page","type-page","status-publish","hentry","practice_area-criminal-defense-es"],"acf":[],"yoast_head":"<!-- This site is optimized with the Yoast SEO plugin v27.3 - https:\/\/yoast.com\/product\/yoast-seo-wordpress\/ -->\n<title>Abogados de Defensa Criminal de Chandler | JacksonWhite Law<\/title>\n<meta name=\"description\" content=\"Para una evaluaci\u00f3n gratuita de su caso, comun\u00edquese hoy con JacksonWhite Law al(480) 504-6476.\" \/>\n<meta name=\"robots\" content=\"index, follow, max-snippet:-1, max-image-preview:large, max-video-preview:-1\" \/>\n<link rel=\"canonical\" href=\"https:\/\/www.jacksonwhitelaw.com\/es\/criminal-defense-law\/chandler\/\" \/>\n<meta property=\"og:locale\" content=\"es_ES\" \/>\n<meta property=\"og:type\" content=\"article\" \/>\n<meta property=\"og:title\" content=\"Abogados de Defensa Criminal de Chandler | JacksonWhite Law\" \/>\n<meta property=\"og:description\" content=\"Para una evaluaci\u00f3n gratuita de su caso, comun\u00edquese hoy con JacksonWhite Law al(480) 504-6476.\" \/>\n<meta property=\"og:url\" content=\"https:\/\/www.jacksonwhitelaw.com\/es\/criminal-defense-law\/chandler\/\" \/>\n<meta property=\"og:site_name\" content=\"JacksonWhite Law\" \/>\n<meta property=\"article:publisher\" content=\"https:\/\/www.facebook.com\/jacksonwhitelaw\" \/>\n<meta property=\"og:image\" content=\"https:\/\/www.jacksonwhitelaw.com\/wp-content\/uploads\/2025\/05\/Criminal-Team-Jackon-White-Cropped-1024x652.webp\" \/>\n<meta name=\"twitter:card\" content=\"summary_large_image\" \/>\n<meta name=\"twitter:site\" content=\"@JacksonWhiteLaw\" \/>\n<meta name=\"twitter:label1\" content=\"Tiempo de lectura\" \/>\n\t<meta name=\"twitter:data1\" content=\"3 minutos\" \/>\n<!-- \/ Yoast SEO plugin. -->","yoast_head_json":{"title":"Abogados de Defensa Criminal de Chandler | JacksonWhite Law","description":"Para una evaluaci\u00f3n gratuita de su caso, comun\u00edquese hoy con JacksonWhite Law al(480) 504-6476.","robots":{"index":"index","follow":"follow","max-snippet":"max-snippet:-1","max-image-preview":"max-image-preview:large","max-video-preview":"max-video-preview:-1"},"canonical":"https:\/\/www.jacksonwhitelaw.com\/es\/criminal-defense-law\/chandler\/","og_locale":"es_ES","og_type":"article","og_title":"Abogados de Defensa Criminal de Chandler | JacksonWhite Law","og_description":"Para una evaluaci\u00f3n gratuita de su caso, comun\u00edquese hoy con JacksonWhite Law al(480) 504-6476.","og_url":"https:\/\/www.jacksonwhitelaw.com\/es\/criminal-defense-law\/chandler\/","og_site_name":"JacksonWhite Law","article_publisher":"https:\/\/www.facebook.com\/jacksonwhitelaw","og_image":[{"url":"https:\/\/www.jacksonwhitelaw.com\/wp-content\/uploads\/2025\/05\/Criminal-Team-Jackon-White-Cropped-1024x652.webp","type":"","width":"","height":""}],"twitter_card":"summary_large_image","twitter_site":"@JacksonWhiteLaw","twitter_misc":{"Tiempo de lectura":"3 minutos"},"schema":{"@context":"https:\/\/schema.org","@graph":[{"@type":"WebPage","@id":"https:\/\/www.jacksonwhitelaw.com\/es\/criminal-defense-law\/chandler\/","url":"https:\/\/www.jacksonwhitelaw.com\/es\/criminal-defense-law\/chandler\/","name":"Abogados de Defensa Criminal de Chandler | JacksonWhite Law","isPartOf":{"@id":"https:\/\/www.jacksonwhitelaw.com\/es\/#website"},"primaryImageOfPage":{"@id":"https:\/\/www.jacksonwhitelaw.com\/es\/criminal-defense-law\/chandler\/#primaryimage"},"image":{"@id":"https:\/\/www.jacksonwhitelaw.com\/es\/criminal-defense-law\/chandler\/#primaryimage"},"thumbnailUrl":"https:\/\/www.jacksonwhitelaw.com\/wp-content\/uploads\/2025\/05\/Criminal-Team-Jackon-White-Cropped-1024x652.webp","datePublished":"2025-05-14T18:27:46+00:00","description":"Para una evaluaci\u00f3n gratuita de su caso, comun\u00edquese hoy con JacksonWhite Law al(480) 504-6476.","breadcrumb":{"@id":"https:\/\/www.jacksonwhitelaw.com\/es\/criminal-defense-law\/chandler\/#breadcrumb"},"inLanguage":"es","potentialAction":[{"@type":"ReadAction","target":["https:\/\/www.jacksonwhitelaw.com\/es\/criminal-defense-law\/chandler\/"]}]},{"@type":"ImageObject","inLanguage":"es","@id":"https:\/\/www.jacksonwhitelaw.com\/es\/criminal-defense-law\/chandler\/#primaryimage","url":"https:\/\/www.jacksonwhitelaw.com\/wp-content\/uploads\/2025\/05\/Criminal-Team-Jackon-White-Cropped-1024x652.webp","contentUrl":"https:\/\/www.jacksonwhitelaw.com\/wp-content\/uploads\/2025\/05\/Criminal-Team-Jackon-White-Cropped-1024x652.webp"},{"@type":"BreadcrumbList","@id":"https:\/\/www.jacksonwhitelaw.com\/es\/criminal-defense-law\/chandler\/#breadcrumb","itemListElement":[{"@type":"ListItem","position":1,"name":"Home","item":"https:\/\/www.jacksonwhitelaw.com\/es\/"},{"@type":"ListItem","position":2,"name":"Criminal Defense","item":"https:\/\/www.jacksonwhitelaw.com\/es\/criminal-defense-law\/"},{"@type":"ListItem","position":3,"name":"Abogados de Defensa Criminal de Chandler"}]},{"@type":"WebSite","@id":"https:\/\/www.jacksonwhitelaw.com\/es\/#website","url":"https:\/\/www.jacksonwhitelaw.com\/es\/","name":"JacksonWhite Law","description":"Attorneys at Law in Mesa &amp; Phoenix, Arizona","publisher":{"@id":"https:\/\/www.jacksonwhitelaw.com\/es\/#organization"},"alternateName":"JacksonWhite P.C.","potentialAction":[{"@type":"SearchAction","target":{"@type":"EntryPoint","urlTemplate":"https:\/\/www.jacksonwhitelaw.com\/es\/?s={search_term_string}"},"query-input":{"@type":"PropertyValueSpecification","valueRequired":true,"valueName":"search_term_string"}}],"inLanguage":"es"},{"@type":"Organization","@id":"https:\/\/www.jacksonwhitelaw.com\/es\/#organization","name":"JacksonWhite P.C.","alternateName":"JacksonWhite Law","url":"https:\/\/www.jacksonwhitelaw.com\/es\/","logo":{"@type":"ImageObject","inLanguage":"es","@id":"https:\/\/www.jacksonwhitelaw.com\/es\/#\/schema\/logo\/image\/","url":"https:\/\/www.jacksonwhitelaw.com\/wp-content\/uploads\/2025\/05\/JacksonWhite_Schema-Logo-scaled.png","contentUrl":"https:\/\/www.jacksonwhitelaw.com\/wp-content\/uploads\/2025\/05\/JacksonWhite_Schema-Logo-scaled.png","width":2560,"height":2560,"caption":"JacksonWhite P.C."},"image":{"@id":"https:\/\/www.jacksonwhitelaw.com\/es\/#\/schema\/logo\/image\/"},"sameAs":["https:\/\/www.facebook.com\/jacksonwhitelaw","https:\/\/x.com\/JacksonWhiteLaw","https:\/\/www.instagram.com\/jwlawfirm\/","https:\/\/www.linkedin.com\/company\/jackson-white-p.c.","https:\/\/www.youtube.com\/@JWLMesaAZ","https:\/\/www.yelp.com\/biz\/jacksonwhite-law-mesa"]}]}},"_links":{"self":[{"href":"https:\/\/www.jacksonwhitelaw.com\/es\/wp-json\/wp\/v2\/pages\/20953","targetHints":{"allow":["GET"]}}],"collection":[{"href":"https:\/\/www.jacksonwhitelaw.com\/es\/wp-json\/wp\/v2\/pages"}],"about":[{"href":"https:\/\/www.jacksonwhitelaw.com\/es\/wp-json\/wp\/v2\/types\/page"}],"author":[{"embeddable":true,"href":"https:\/\/www.jacksonwhitelaw.com\/es\/wp-json\/wp\/v2\/users\/14"}],"replies":[{"embeddable":true,"href":"https:\/\/www.jacksonwhitelaw.com\/es\/wp-json\/wp\/v2\/comments?post=20953"}],"version-history":[{"count":0,"href":"https:\/\/www.jacksonwhitelaw.com\/es\/wp-json\/wp\/v2\/pages\/20953\/revisions"}],"up":[{"embeddable":true,"href":"https:\/\/www.jacksonwhitelaw.com\/es\/wp-json\/wp\/v2\/pages\/9320"}],"wp:attachment":[{"href":"https:\/\/www.jacksonwhitelaw.com\/es\/wp-json\/wp\/v2\/media?parent=20953"}],"wp:term":[{"taxonomy":"practice_area","embeddable":true,"href":"https:\/\/www.jacksonwhitelaw.com\/es\/wp-json\/wp\/v2\/practice_area?post=20953"}],"curies":[{"name":"wp","href":"https:\/\/api.w.org\/{rel}","templated":true}]}}