{"id":20950,"date":"2025-05-14T11:27:48","date_gmt":"2025-05-14T10:27:48","guid":{"rendered":"https:\/\/www.jacksonwhitelaw.com\/criminal-defense-law\/?page_id=20950"},"modified":"2025-05-14T14:03:19","modified_gmt":"2025-05-14T13:03:19","slug":"scottsdale","status":"publish","type":"page","link":"https:\/\/www.jacksonwhitelaw.com\/es\/criminal-defense-law\/scottsdale\/","title":{"rendered":"Abogados de Defensa Criminal de Scottsdale"},"content":{"rendered":"<p>Scottsdale es una ciudad des\u00e9rtica conocida por sus extensos campos de golf y complejos tur\u00edsticos con spa. Tambi\u00e9n es un lugar popular para vivir con una poblaci\u00f3n de m\u00e1s de 242.000 personas. JacksonWhite Attorneys at Law ha ayudado a clientes en Scottsdale y sus alrededores con sus problemas legales durante m\u00e1s de 30 a\u00f1os.<\/p>\n<p>Nuestros abogados de derecho penal de Scottsdale brindan un servicio personal y una defensa compasiva en muchas \u00e1reas del derecho penal. Nuestro equipo legal entiende que cuando sus clientes est\u00e1n batallando con asuntos legales complicados, necesitan asesoramiento legal excepcional y representaci\u00f3n de alguien experto en el \u00e1rea del derecho penal de Arizona. En JacksonWhite, nos tomamos el tiempo para conocer personalmente a nuestros clientes y adoptamos un enfoque pr\u00e1ctico en cada caso.<\/p>\n<h2>Servicios Legales de Defensa Criminal en Scottsdale<\/h2>\n<p>Ser condenado por un delito, incluso si el delito es tan leve como una infracci\u00f3n de tr\u00e1nsito, puede tener un impacto directo en su estado emocional. En algunos casos, condenas como asalto, negligencia criminal y DWI pueden resultar en multas considerables e incluso tiempo en la c\u00e1rcel. Dependiendo de las circunstancias que rodeen el caso, una condena penal podr\u00eda incluso impedirle obtener una licencia profesional, comprar un seguro, obtener la aprobaci\u00f3n de un pr\u00e9stamo o conseguir un trabajo.<\/p>\n<p>Si ha sido acusado de una defensa, es fundamental que hable con un abogado con experiencia en derecho penal de Scottsdale lo antes posible. En JacksonWhite, ayudamos a los clientes en casi todos los aspectos del derecho penal, incluidos:<\/p>\n<ul>\n<li>Robo y hurto<\/li>\n<li>exceso de velocidad criminal<\/li>\n<li>Delitos menores y mayores<\/li>\n<li>Cargos juveniles<\/li>\n<li>Cargos por drogas<\/li>\n<li>Asalto y violencia dom\u00e9stica<\/li>\n<li><a href=\"https:\/\/www.jacksonwhitelaw.com\/criminal-defense-law\/scottsdale\/scottsdale-dui-attorneys\/\">DUI<\/a> (agravado y extremo)<\/li>\n<li>Delitos sexuales<\/li>\n<li>Borrar delitos<\/li>\n<li>cr\u00edmenes de cuello blanco<\/li>\n<\/ul>\n<h2>Conf\u00ede en JacksonWhite para una Defensa Legal Superior<\/h2>\n<p>Nuestro equipo de abogados de derecho penal de Scottsdale comprende el impacto de una convicci\u00f3n criminal que puede tener contra su familia, profesi\u00f3n, finanzas, relaciones y todos los dem\u00e1s aspectos de su vida. Es por eso que hacemos todo lo posible para asegurarnos de que reciba la mejor defensa posible.<\/p>\n<p>JacksonWhite ha brindado a Scottsdale y las \u00e1reas circundantes servicios legales de primer nivel desde 1983. Nuestra firma ha crecido hasta incluir tres ubicaciones, 22 abogados con experiencia y docenas de miembros del personal compasivos listos para ayudarlo con su caso.<\/p>\n<p>Conf\u00ede en nuestros abogados de derecho penal de Scottsdale para luchar por:<\/p>\n<ul>\n<li>Cargos reducidos o retirados<\/li>\n<li>Limpiar su Historial Criminal<\/li>\n<li>Reducir sanciones<\/li>\n<\/ul>\n<p>No conf\u00edes tu futuro a cualquiera. Necesita un abogado de derecho penal de Scottsdale de buena reputaci\u00f3n en su esquina para ayudar a garantizar un resultado satisfactorio en su caso. Para una evaluaci\u00f3n gratuita de su caso, comun\u00edquese hoy con JacksonWhite Attorneys at Law al <a href=\"tel:4804674370\">(480) 467-4370<\/a>.<\/p>\n<h2>Conozca nuestro equipo de Defensa Criminal<\/h2>\n<img loading=\"lazy\" decoding=\"async\" class=\"alignnone size-large wp-image-22302\" src=\"https:\/\/www.jacksonwhitelaw.com\/wp-content\/uploads\/2025\/05\/Criminal-Team-Jackon-White-Cropped-1024x652.webp\" alt=\"\" width=\"1024\" height=\"652\" srcset=\"https:\/\/www.jacksonwhitelaw.com\/wp-content\/uploads\/2025\/05\/Criminal-Team-Jackon-White-Cropped-1024x652.webp 1024w, https:\/\/www.jacksonwhitelaw.com\/wp-content\/uploads\/2025\/05\/Criminal-Team-Jackon-White-Cropped-300x191.webp 300w, https:\/\/www.jacksonwhitelaw.com\/wp-content\/uploads\/2025\/05\/Criminal-Team-Jackon-White-Cropped-768x489.webp 768w, https:\/\/www.jacksonwhitelaw.com\/wp-content\/uploads\/2025\/05\/Criminal-Team-Jackon-White-Cropped-1536x979.webp 1536w, https:\/\/www.jacksonwhitelaw.com\/wp-content\/uploads\/2025\/05\/Criminal-Team-Jackon-White-Cropped-2048x1305.webp 2048w, https:\/\/www.jacksonwhitelaw.com\/wp-content\/uploads\/2025\/05\/Criminal-Team-Jackon-White-Cropped-900x573.webp 900w, https:\/\/www.jacksonwhitelaw.com\/wp-content\/uploads\/2025\/05\/Criminal-Team-Jackon-White-Cropped-1920x1223.webp 1920w\" sizes=\"auto, (max-width: 1024px) 100vw, 1024px\" \/>\n<h2>Nuestra Oficina en Scottsdale<\/h2>\n<p>5635 N. Scottsdale Rd, Suite 170<br \/>\nScottsdale, AZ 85250<\/p>\n<h2>Cont\u00e1ctenos para una consulta gratuita<\/h2>\n<p>Ll\u00e1menos al <a href=\"tel:4804674370\">(480) 467-4370<\/a> o complete el formulario a continuaci\u00f3n para programar una consulta GRATUITA con nosotros hoy. Trabajar con los abogados de defensa criminal con experiencia en JacksonWhite es la mejor manera de asegurarse de tener un abogado que luche por usted en la corte.<\/p>\n","protected":false},"excerpt":{"rendered":"<p>Scottsdale es una ciudad des\u00e9rtica conocida por sus extensos campos de golf y complejos tur\u00edsticos con spa. Tambi\u00e9n es un lugar popular para vivir con una poblaci\u00f3n de m\u00e1s de 242.000 personas. JacksonWhite Attorneys at Law ha ayudado a clientes&hellip;<\/p>\n","protected":false},"author":14,"featured_media":0,"parent":9320,"menu_order":0,"comment_status":"closed","ping_status":"closed","template":"","meta":{"_acf_changed":false,"om_disable_all_campaigns":false,"footnotes":""},"practice_area":[151],"class_list":["post-20950","page","type-page","status-publish","hentry","practice_area-criminal-defense-es"],"acf":[],"yoast_head":"<!-- This site is optimized with the Yoast SEO plugin v27.3 - https:\/\/yoast.com\/product\/yoast-seo-wordpress\/ -->\n<title>Abogados de Defensa Criminal de Scottsdale - Consulta Gratis<\/title>\n<meta name=\"description\" content=\"Trabajar con abogados de defensa criminal experimentados en Scottsdale asegura tener un defensor que luche por usted en la corte.\" \/>\n<meta name=\"robots\" content=\"index, follow, max-snippet:-1, max-image-preview:large, max-video-preview:-1\" \/>\n<link rel=\"canonical\" href=\"https:\/\/www.jacksonwhitelaw.com\/es\/criminal-defense-law\/scottsdale\/\" \/>\n<meta property=\"og:locale\" content=\"es_ES\" \/>\n<meta property=\"og:type\" content=\"article\" \/>\n<meta property=\"og:title\" content=\"Abogados de Defensa Criminal de Scottsdale - Consulta Gratis\" \/>\n<meta property=\"og:description\" content=\"Trabajar con abogados de defensa criminal experimentados en Scottsdale asegura tener un defensor que luche por usted en la corte.\" \/>\n<meta property=\"og:url\" content=\"https:\/\/www.jacksonwhitelaw.com\/es\/criminal-defense-law\/scottsdale\/\" \/>\n<meta property=\"og:site_name\" content=\"JacksonWhite Law\" \/>\n<meta property=\"article:publisher\" content=\"https:\/\/www.facebook.com\/jacksonwhitelaw\" \/>\n<meta property=\"article:modified_time\" content=\"2025-05-14T13:03:19+00:00\" \/>\n<meta property=\"og:image\" content=\"https:\/\/www.jacksonwhitelaw.com\/wp-content\/uploads\/2025\/05\/Criminal-Team-Jackon-White-Cropped-1024x652.webp\" \/>\n<meta name=\"twitter:card\" content=\"summary_large_image\" \/>\n<meta name=\"twitter:site\" content=\"@JacksonWhiteLaw\" \/>\n<meta name=\"twitter:label1\" content=\"Tiempo de lectura\" \/>\n\t<meta name=\"twitter:data1\" content=\"3 minutos\" \/>\n<!-- \/ Yoast SEO plugin. -->","yoast_head_json":{"title":"Abogados de Defensa Criminal de Scottsdale - Consulta Gratis","description":"Trabajar con abogados de defensa criminal experimentados en Scottsdale asegura tener un defensor que luche por usted en la corte.","robots":{"index":"index","follow":"follow","max-snippet":"max-snippet:-1","max-image-preview":"max-image-preview:large","max-video-preview":"max-video-preview:-1"},"canonical":"https:\/\/www.jacksonwhitelaw.com\/es\/criminal-defense-law\/scottsdale\/","og_locale":"es_ES","og_type":"article","og_title":"Abogados de Defensa Criminal de Scottsdale - Consulta Gratis","og_description":"Trabajar con abogados de defensa criminal experimentados en Scottsdale asegura tener un defensor que luche por usted en la corte.","og_url":"https:\/\/www.jacksonwhitelaw.com\/es\/criminal-defense-law\/scottsdale\/","og_site_name":"JacksonWhite Law","article_publisher":"https:\/\/www.facebook.com\/jacksonwhitelaw","article_modified_time":"2025-05-14T13:03:19+00:00","og_image":[{"url":"https:\/\/www.jacksonwhitelaw.com\/wp-content\/uploads\/2025\/05\/Criminal-Team-Jackon-White-Cropped-1024x652.webp","type":"","width":"","height":""}],"twitter_card":"summary_large_image","twitter_site":"@JacksonWhiteLaw","twitter_misc":{"Tiempo de lectura":"3 minutos"},"schema":{"@context":"https:\/\/schema.org","@graph":[{"@type":"WebPage","@id":"https:\/\/www.jacksonwhitelaw.com\/es\/criminal-defense-law\/scottsdale\/","url":"https:\/\/www.jacksonwhitelaw.com\/es\/criminal-defense-law\/scottsdale\/","name":"Abogados de Defensa Criminal de Scottsdale - Consulta Gratis","isPartOf":{"@id":"https:\/\/www.jacksonwhitelaw.com\/es\/#website"},"primaryImageOfPage":{"@id":"https:\/\/www.jacksonwhitelaw.com\/es\/criminal-defense-law\/scottsdale\/#primaryimage"},"image":{"@id":"https:\/\/www.jacksonwhitelaw.com\/es\/criminal-defense-law\/scottsdale\/#primaryimage"},"thumbnailUrl":"https:\/\/www.jacksonwhitelaw.com\/wp-content\/uploads\/2025\/05\/Criminal-Team-Jackon-White-Cropped-1024x652.webp","datePublished":"2025-05-14T10:27:48+00:00","dateModified":"2025-05-14T13:03:19+00:00","description":"Trabajar con abogados de defensa criminal experimentados en Scottsdale asegura tener un defensor que luche por usted en la corte.","breadcrumb":{"@id":"https:\/\/www.jacksonwhitelaw.com\/es\/criminal-defense-law\/scottsdale\/#breadcrumb"},"inLanguage":"es","potentialAction":[{"@type":"ReadAction","target":["https:\/\/www.jacksonwhitelaw.com\/es\/criminal-defense-law\/scottsdale\/"]}]},{"@type":"ImageObject","inLanguage":"es","@id":"https:\/\/www.jacksonwhitelaw.com\/es\/criminal-defense-law\/scottsdale\/#primaryimage","url":"https:\/\/www.jacksonwhitelaw.com\/wp-content\/uploads\/2025\/05\/Criminal-Team-Jackon-White-Cropped-1024x652.webp","contentUrl":"https:\/\/www.jacksonwhitelaw.com\/wp-content\/uploads\/2025\/05\/Criminal-Team-Jackon-White-Cropped-1024x652.webp"},{"@type":"BreadcrumbList","@id":"https:\/\/www.jacksonwhitelaw.com\/es\/criminal-defense-law\/scottsdale\/#breadcrumb","itemListElement":[{"@type":"ListItem","position":1,"name":"Home","item":"https:\/\/www.jacksonwhitelaw.com\/es\/"},{"@type":"ListItem","position":2,"name":"Criminal Defense","item":"https:\/\/www.jacksonwhitelaw.com\/es\/criminal-defense-law\/"},{"@type":"ListItem","position":3,"name":"Abogados de Defensa Criminal de Scottsdale"}]},{"@type":"WebSite","@id":"https:\/\/www.jacksonwhitelaw.com\/es\/#website","url":"https:\/\/www.jacksonwhitelaw.com\/es\/","name":"JacksonWhite Law","description":"Attorneys at Law in Mesa &amp; Phoenix, Arizona","publisher":{"@id":"https:\/\/www.jacksonwhitelaw.com\/es\/#organization"},"alternateName":"JacksonWhite P.C.","potentialAction":[{"@type":"SearchAction","target":{"@type":"EntryPoint","urlTemplate":"https:\/\/www.jacksonwhitelaw.com\/es\/?s={search_term_string}"},"query-input":{"@type":"PropertyValueSpecification","valueRequired":true,"valueName":"search_term_string"}}],"inLanguage":"es"},{"@type":"Organization","@id":"https:\/\/www.jacksonwhitelaw.com\/es\/#organization","name":"JacksonWhite P.C.","alternateName":"JacksonWhite Law","url":"https:\/\/www.jacksonwhitelaw.com\/es\/","logo":{"@type":"ImageObject","inLanguage":"es","@id":"https:\/\/www.jacksonwhitelaw.com\/es\/#\/schema\/logo\/image\/","url":"https:\/\/www.jacksonwhitelaw.com\/wp-content\/uploads\/2025\/05\/JacksonWhite_Schema-Logo-scaled.png","contentUrl":"https:\/\/www.jacksonwhitelaw.com\/wp-content\/uploads\/2025\/05\/JacksonWhite_Schema-Logo-scaled.png","width":2560,"height":2560,"caption":"JacksonWhite P.C."},"image":{"@id":"https:\/\/www.jacksonwhitelaw.com\/es\/#\/schema\/logo\/image\/"},"sameAs":["https:\/\/www.facebook.com\/jacksonwhitelaw","https:\/\/x.com\/JacksonWhiteLaw","https:\/\/www.instagram.com\/jwlawfirm\/","https:\/\/www.linkedin.com\/company\/jackson-white-p.c.","https:\/\/www.youtube.com\/@JWLMesaAZ","https:\/\/www.yelp.com\/biz\/jacksonwhite-law-mesa"]}]}},"_links":{"self":[{"href":"https:\/\/www.jacksonwhitelaw.com\/es\/wp-json\/wp\/v2\/pages\/20950","targetHints":{"allow":["GET"]}}],"collection":[{"href":"https:\/\/www.jacksonwhitelaw.com\/es\/wp-json\/wp\/v2\/pages"}],"about":[{"href":"https:\/\/www.jacksonwhitelaw.com\/es\/wp-json\/wp\/v2\/types\/page"}],"author":[{"embeddable":true,"href":"https:\/\/www.jacksonwhitelaw.com\/es\/wp-json\/wp\/v2\/users\/14"}],"replies":[{"embeddable":true,"href":"https:\/\/www.jacksonwhitelaw.com\/es\/wp-json\/wp\/v2\/comments?post=20950"}],"version-history":[{"count":0,"href":"https:\/\/www.jacksonwhitelaw.com\/es\/wp-json\/wp\/v2\/pages\/20950\/revisions"}],"up":[{"embeddable":true,"href":"https:\/\/www.jacksonwhitelaw.com\/es\/wp-json\/wp\/v2\/pages\/9320"}],"wp:attachment":[{"href":"https:\/\/www.jacksonwhitelaw.com\/es\/wp-json\/wp\/v2\/media?parent=20950"}],"wp:term":[{"taxonomy":"practice_area","embeddable":true,"href":"https:\/\/www.jacksonwhitelaw.com\/es\/wp-json\/wp\/v2\/practice_area?post=20950"}],"curies":[{"name":"wp","href":"https:\/\/api.w.org\/{rel}","templated":true}]}}