{"id":20948,"date":"2025-05-14T11:27:44","date_gmt":"2025-05-14T10:27:44","guid":{"rendered":"https:\/\/www.jacksonwhitelaw.com\/criminal-defense-law\/?page_id=20948"},"modified":"2025-05-14T14:03:50","modified_gmt":"2025-05-14T13:03:50","slug":"phoenix","status":"publish","type":"page","link":"https:\/\/www.jacksonwhitelaw.com\/es\/criminal-defense-law\/phoenix\/","title":{"rendered":"Abogados de Defensa Criminal en Phoenix"},"content":{"rendered":"<p>Cada a\u00f1o, JacksonWhite ayuda a innumerables cantidades de clientes en Phoenix y las \u00e1reas alrededor a resolver sus complicados problemas legales para garantizar un futuro mejor. Nuestro equipo de abogados penales de Phoenix tiene amplia experiencia en asuntos de derecho penal, como asalto, exceso de velocidad, DUI, robo, cargos por drogas y mucho m\u00e1s.<\/p>\n<p>Si enfrenta una convicci\u00f3n criminal, es importante buscar asistencia legal lo antes posible. Conf\u00ede en nuestros abogados de defensa criminal de Phoenix para proteger sus derechos y brindar una representaci\u00f3n legal s\u00f3lida..<\/p>\n<h2>Servicios de defensa criminal de Phoenix<\/h2>\n<p>La mayor\u00eda de las personas no se dan cuenta de los efectos significativos de ser condenados por un delito, incluso uno tan leve como una infracci\u00f3n de tr\u00e1fico. Adem\u00e1s de afectar su estado emocional, una condena por asalto, DWI, negligencia criminal u otro delito podr\u00eda resultar en fuertes multas o encarcelamiento si es declarado culpable. Tener un abogado calificado en derecho penal de Phoenix de su lado puede ayudarle a aumentar sus probabilidades de obtener un resultado satisfactorio en su caso.<\/p>\n<p>Los abogados de defensa penal de JacksonWhite Attorneys at Law representan a clientes en todas las \u00e1reas del derecho penal, desde delitos graves y menores hasta citaciones de tr\u00e1fico y otros delitos. Nuestros abogados penales de Phoenix ofrecen los siguientes servicios de defensa penal:<\/p>\n<ul>\n<li>cr\u00edmenes de cuello blanco<\/li>\n<li>Cargos por drogas<\/li>\n<li>Robo y hurto<\/li>\n<li>Asalto y violencia dom\u00e9stica<\/li>\n<li>exceso de velocidad criminal<\/li>\n<li>DUI (agravado y extremo)<\/li>\n<li>Delitos sexuales<\/li>\n<li>Cargos juveniles<\/li>\n<li>Delitos menores y mayores<\/li>\n<li>Borrar su historial Criminal<\/li>\n<\/ul>\n<h2>Reciba defensa legal experimentada<\/h2>\n<p>Enfrentar un cargo criminal puede crear estr\u00e9s y sentimientos de incertidumbre. Muchas personas no est\u00e1n familiarizadas con las diversas complejidades legales y los posibles efectos de las condenas y las declaraciones de culpabilidad en sus familias, carreras, custodia, relaciones dom\u00e9sticas, licencias de conducir y m\u00e1s. Nuestros abogados de derecho penal de Phoenix est\u00e1n bien versados \u200b\u200ben la ley de defensa penal de Arizona y velar\u00e1n por sus mejores intereses.<\/p>\n<p>Durante muchos a\u00f1os, nuestro equipo legal de defensa criminal ha ayudado a innumerables clientes al obtener:<\/p>\n<ul>\n<li>Limpiar su historial criminal<\/li>\n<li>Penas reducidas<\/li>\n<li>Cargos eliminados o reducidos<\/li>\n<\/ul>\n<p>Los abogados de defensa criminal hacen mucho m\u00e1s que defender a sus clientes en los tribunales. Tambi\u00e9n aplican sus habilidades \u00fanicas y su s\u00f3lida educaci\u00f3n para satisfacer las necesidades \u00fanicas del caso y las circunstancias de cada cliente. Puede confiar en nuestros abogados de defensa criminal de Phoenix para que lo ayuden a navegar el sistema de justicia penal y le brinden asesoramiento legal s\u00f3lido.<\/p>\n<p>JacksonWhite ha brindado a Phoenix y sus alrededores servicios legales impecables desde 1983. Nos enfocamos en brindarles a nuestros clientes una atenci\u00f3n compasiva equilibrada con una representaci\u00f3n agresiva. Para comenzar con la evaluaci\u00f3n gratuita de su caso o para hablar con un abogado de defensa criminal de JacksonWhite sobre su caso, cont\u00e1ctenos en <a href=\"tel:4804674370\">(480) 467-4370<\/a>.<\/p>\n<h2>Conozca a nuestro equipo de defensa criminal de Tempe<\/h2>\n<img loading=\"lazy\" decoding=\"async\" class=\"alignnone size-large wp-image-22302\" src=\"https:\/\/www.jacksonwhitelaw.com\/wp-content\/uploads\/2025\/05\/Criminal-Team-Jackon-White-Cropped-1024x652.webp\" alt=\"\" width=\"1024\" height=\"652\" srcset=\"https:\/\/www.jacksonwhitelaw.com\/wp-content\/uploads\/2025\/05\/Criminal-Team-Jackon-White-Cropped-1024x652.webp 1024w, https:\/\/www.jacksonwhitelaw.com\/wp-content\/uploads\/2025\/05\/Criminal-Team-Jackon-White-Cropped-300x191.webp 300w, https:\/\/www.jacksonwhitelaw.com\/wp-content\/uploads\/2025\/05\/Criminal-Team-Jackon-White-Cropped-768x489.webp 768w, https:\/\/www.jacksonwhitelaw.com\/wp-content\/uploads\/2025\/05\/Criminal-Team-Jackon-White-Cropped-1536x979.webp 1536w, https:\/\/www.jacksonwhitelaw.com\/wp-content\/uploads\/2025\/05\/Criminal-Team-Jackon-White-Cropped-2048x1305.webp 2048w, https:\/\/www.jacksonwhitelaw.com\/wp-content\/uploads\/2025\/05\/Criminal-Team-Jackon-White-Cropped-900x573.webp 900w, https:\/\/www.jacksonwhitelaw.com\/wp-content\/uploads\/2025\/05\/Criminal-Team-Jackon-White-Cropped-1920x1223.webp 1920w\" sizes=\"auto, (max-width: 1024px) 100vw, 1024px\" \/>\n<p>2330 N. 75th Ave, Suite 211A<br \/>\nPhoenix, AZ 85035<\/p>\n<h2>\u00a0Cont\u00e1ctenos para una consulta gratuita<\/h2>\n<p>Ll\u00e1menos al <a href=\"tel:4804674370\">(480) 467-4370<\/a> o complete el formulario a continuaci\u00f3n para programar una consulta GRATUITA con nosotros hoy. Trabajar con los abogados de defensa criminal con experiencia en JacksonWhite es la mejor manera de asegurarse de tener un abogado que luche por usted en la corte.<\/p>\n","protected":false},"excerpt":{"rendered":"<p>Cada a\u00f1o, JacksonWhite ayuda a innumerables cantidades de clientes en Phoenix y las \u00e1reas alrededor a resolver sus complicados problemas legales para garantizar un futuro mejor. Nuestro equipo de abogados penales de Phoenix tiene amplia experiencia en asuntos de derecho&hellip;<\/p>\n","protected":false},"author":14,"featured_media":0,"parent":9320,"menu_order":0,"comment_status":"closed","ping_status":"closed","template":"","meta":{"_acf_changed":false,"om_disable_all_campaigns":false,"footnotes":""},"practice_area":[151],"class_list":["post-20948","page","type-page","status-publish","hentry","practice_area-criminal-defense-es"],"acf":[],"yoast_head":"<!-- This site is optimized with the Yoast SEO plugin v27.3 - https:\/\/yoast.com\/product\/yoast-seo-wordpress\/ -->\n<title>Abogados de Defensa Criminal en Phoenix | JacksonWhite Law<\/title>\n<meta name=\"description\" content=\"Trabajar con los abogados de defensa criminal en Phoenix con experiencia es la mejor manera de asegurarse de tener un abogado que luche por usted en la corte.\" \/>\n<meta name=\"robots\" content=\"index, follow, max-snippet:-1, max-image-preview:large, max-video-preview:-1\" \/>\n<link rel=\"canonical\" href=\"https:\/\/www.jacksonwhitelaw.com\/es\/criminal-defense-law\/phoenix\/\" \/>\n<meta property=\"og:locale\" content=\"es_ES\" \/>\n<meta property=\"og:type\" content=\"article\" \/>\n<meta property=\"og:title\" content=\"Abogados de Defensa Criminal en Phoenix | JacksonWhite Law\" \/>\n<meta property=\"og:description\" content=\"Trabajar con los abogados de defensa criminal en Phoenix con experiencia es la mejor manera de asegurarse de tener un abogado que luche por usted en la corte.\" \/>\n<meta property=\"og:url\" content=\"https:\/\/www.jacksonwhitelaw.com\/es\/criminal-defense-law\/phoenix\/\" \/>\n<meta property=\"og:site_name\" content=\"JacksonWhite Law\" \/>\n<meta property=\"article:publisher\" content=\"https:\/\/www.facebook.com\/jacksonwhitelaw\" \/>\n<meta property=\"article:modified_time\" content=\"2025-05-14T13:03:50+00:00\" \/>\n<meta property=\"og:image\" content=\"https:\/\/www.jacksonwhitelaw.com\/wp-content\/uploads\/2025\/05\/Criminal-Team-Jackon-White-Cropped-1024x652.webp\" \/>\n<meta name=\"twitter:card\" content=\"summary_large_image\" \/>\n<meta name=\"twitter:site\" content=\"@JacksonWhiteLaw\" \/>\n<meta name=\"twitter:label1\" content=\"Tiempo de lectura\" \/>\n\t<meta name=\"twitter:data1\" content=\"3 minutos\" \/>\n<!-- \/ Yoast SEO plugin. -->","yoast_head_json":{"title":"Abogados de Defensa Criminal en Phoenix | JacksonWhite Law","description":"Trabajar con los abogados de defensa criminal en Phoenix con experiencia es la mejor manera de asegurarse de tener un abogado que luche por usted en la corte.","robots":{"index":"index","follow":"follow","max-snippet":"max-snippet:-1","max-image-preview":"max-image-preview:large","max-video-preview":"max-video-preview:-1"},"canonical":"https:\/\/www.jacksonwhitelaw.com\/es\/criminal-defense-law\/phoenix\/","og_locale":"es_ES","og_type":"article","og_title":"Abogados de Defensa Criminal en Phoenix | JacksonWhite Law","og_description":"Trabajar con los abogados de defensa criminal en Phoenix con experiencia es la mejor manera de asegurarse de tener un abogado que luche por usted en la corte.","og_url":"https:\/\/www.jacksonwhitelaw.com\/es\/criminal-defense-law\/phoenix\/","og_site_name":"JacksonWhite Law","article_publisher":"https:\/\/www.facebook.com\/jacksonwhitelaw","article_modified_time":"2025-05-14T13:03:50+00:00","og_image":[{"url":"https:\/\/www.jacksonwhitelaw.com\/wp-content\/uploads\/2025\/05\/Criminal-Team-Jackon-White-Cropped-1024x652.webp","type":"","width":"","height":""}],"twitter_card":"summary_large_image","twitter_site":"@JacksonWhiteLaw","twitter_misc":{"Tiempo de lectura":"3 minutos"},"schema":{"@context":"https:\/\/schema.org","@graph":[{"@type":"WebPage","@id":"https:\/\/www.jacksonwhitelaw.com\/es\/criminal-defense-law\/phoenix\/","url":"https:\/\/www.jacksonwhitelaw.com\/es\/criminal-defense-law\/phoenix\/","name":"Abogados de Defensa Criminal en Phoenix | JacksonWhite Law","isPartOf":{"@id":"https:\/\/www.jacksonwhitelaw.com\/es\/#website"},"primaryImageOfPage":{"@id":"https:\/\/www.jacksonwhitelaw.com\/es\/criminal-defense-law\/phoenix\/#primaryimage"},"image":{"@id":"https:\/\/www.jacksonwhitelaw.com\/es\/criminal-defense-law\/phoenix\/#primaryimage"},"thumbnailUrl":"https:\/\/www.jacksonwhitelaw.com\/wp-content\/uploads\/2025\/05\/Criminal-Team-Jackon-White-Cropped-1024x652.webp","datePublished":"2025-05-14T10:27:44+00:00","dateModified":"2025-05-14T13:03:50+00:00","description":"Trabajar con los abogados de defensa criminal en Phoenix con experiencia es la mejor manera de asegurarse de tener un abogado que luche por usted en la corte.","breadcrumb":{"@id":"https:\/\/www.jacksonwhitelaw.com\/es\/criminal-defense-law\/phoenix\/#breadcrumb"},"inLanguage":"es","potentialAction":[{"@type":"ReadAction","target":["https:\/\/www.jacksonwhitelaw.com\/es\/criminal-defense-law\/phoenix\/"]}]},{"@type":"ImageObject","inLanguage":"es","@id":"https:\/\/www.jacksonwhitelaw.com\/es\/criminal-defense-law\/phoenix\/#primaryimage","url":"https:\/\/www.jacksonwhitelaw.com\/wp-content\/uploads\/2025\/05\/Criminal-Team-Jackon-White-Cropped-1024x652.webp","contentUrl":"https:\/\/www.jacksonwhitelaw.com\/wp-content\/uploads\/2025\/05\/Criminal-Team-Jackon-White-Cropped-1024x652.webp"},{"@type":"BreadcrumbList","@id":"https:\/\/www.jacksonwhitelaw.com\/es\/criminal-defense-law\/phoenix\/#breadcrumb","itemListElement":[{"@type":"ListItem","position":1,"name":"Home","item":"https:\/\/www.jacksonwhitelaw.com\/es\/"},{"@type":"ListItem","position":2,"name":"Criminal Defense","item":"https:\/\/www.jacksonwhitelaw.com\/es\/criminal-defense-law\/"},{"@type":"ListItem","position":3,"name":"Abogados de Defensa Criminal en Phoenix"}]},{"@type":"WebSite","@id":"https:\/\/www.jacksonwhitelaw.com\/es\/#website","url":"https:\/\/www.jacksonwhitelaw.com\/es\/","name":"JacksonWhite Law","description":"Attorneys at Law in Mesa &amp; Phoenix, Arizona","publisher":{"@id":"https:\/\/www.jacksonwhitelaw.com\/es\/#organization"},"alternateName":"JacksonWhite P.C.","potentialAction":[{"@type":"SearchAction","target":{"@type":"EntryPoint","urlTemplate":"https:\/\/www.jacksonwhitelaw.com\/es\/?s={search_term_string}"},"query-input":{"@type":"PropertyValueSpecification","valueRequired":true,"valueName":"search_term_string"}}],"inLanguage":"es"},{"@type":"Organization","@id":"https:\/\/www.jacksonwhitelaw.com\/es\/#organization","name":"JacksonWhite P.C.","alternateName":"JacksonWhite Law","url":"https:\/\/www.jacksonwhitelaw.com\/es\/","logo":{"@type":"ImageObject","inLanguage":"es","@id":"https:\/\/www.jacksonwhitelaw.com\/es\/#\/schema\/logo\/image\/","url":"https:\/\/www.jacksonwhitelaw.com\/wp-content\/uploads\/2025\/05\/JacksonWhite_Schema-Logo-scaled.png","contentUrl":"https:\/\/www.jacksonwhitelaw.com\/wp-content\/uploads\/2025\/05\/JacksonWhite_Schema-Logo-scaled.png","width":2560,"height":2560,"caption":"JacksonWhite P.C."},"image":{"@id":"https:\/\/www.jacksonwhitelaw.com\/es\/#\/schema\/logo\/image\/"},"sameAs":["https:\/\/www.facebook.com\/jacksonwhitelaw","https:\/\/x.com\/JacksonWhiteLaw","https:\/\/www.instagram.com\/jwlawfirm\/","https:\/\/www.linkedin.com\/company\/jackson-white-p.c.","https:\/\/www.youtube.com\/@JWLMesaAZ","https:\/\/www.yelp.com\/biz\/jacksonwhite-law-mesa"]}]}},"_links":{"self":[{"href":"https:\/\/www.jacksonwhitelaw.com\/es\/wp-json\/wp\/v2\/pages\/20948","targetHints":{"allow":["GET"]}}],"collection":[{"href":"https:\/\/www.jacksonwhitelaw.com\/es\/wp-json\/wp\/v2\/pages"}],"about":[{"href":"https:\/\/www.jacksonwhitelaw.com\/es\/wp-json\/wp\/v2\/types\/page"}],"author":[{"embeddable":true,"href":"https:\/\/www.jacksonwhitelaw.com\/es\/wp-json\/wp\/v2\/users\/14"}],"replies":[{"embeddable":true,"href":"https:\/\/www.jacksonwhitelaw.com\/es\/wp-json\/wp\/v2\/comments?post=20948"}],"version-history":[{"count":0,"href":"https:\/\/www.jacksonwhitelaw.com\/es\/wp-json\/wp\/v2\/pages\/20948\/revisions"}],"up":[{"embeddable":true,"href":"https:\/\/www.jacksonwhitelaw.com\/es\/wp-json\/wp\/v2\/pages\/9320"}],"wp:attachment":[{"href":"https:\/\/www.jacksonwhitelaw.com\/es\/wp-json\/wp\/v2\/media?parent=20948"}],"wp:term":[{"taxonomy":"practice_area","embeddable":true,"href":"https:\/\/www.jacksonwhitelaw.com\/es\/wp-json\/wp\/v2\/practice_area?post=20948"}],"curies":[{"name":"wp","href":"https:\/\/api.w.org\/{rel}","templated":true}]}}