{"id":20703,"date":"2025-05-14T11:29:08","date_gmt":"2025-05-14T18:29:08","guid":{"rendered":"https:\/\/www.jacksonwhitelaw.com\/criminal-defense-law\/?page_id=20703"},"modified":"2025-05-14T11:41:11","modified_gmt":"2025-05-14T10:41:11","slug":"posesion-estupefacientes","status":"publish","type":"page","link":"https:\/\/www.jacksonwhitelaw.com\/es\/criminal-defense-law\/posesion-estupefacientes\/","title":{"rendered":"Posesi\u00f3n de Estupefacientes"},"content":{"rendered":"<p>La posesi\u00f3n de narc\u00f3ticos en Arizona sin receta es un delito mayor, seg\u00fan ARS 13-3408. Los narc\u00f3ticos, tambi\u00e9n conocidos como opi\u00e1ceos, son medicamentos creados para aliviar el dolor cr\u00f3nico o agudo.<\/p>\n<p>Debido a su funci\u00f3n prevista, la uni\u00f3n de los opioides, estos medicamentos tienen el efecto secundario de que los usuarios desarrollan adicciones y tolerancia a las drogas. Debido a los efectos negativos que estos medicamentos pueden tener en el cuerpo a largo plazo cuando se abusa de ellos, es ilegal poseer o vender estos medicamentos sin receta m\u00e9dica.<\/p>\n<h2>Drugas Narcoticas<\/h2>\n<p>El abuso de estupefacientes es un problema generalizado al que se enfrenta Estados Unidos. Ya sea que se produzcan en una farmacia o en el hogar, los narc\u00f3ticos se producen a partir de una base de opio. El opio se ha utilizado durante siglos para aliviar el dolor, inducir el sue\u00f1o o adormecer los sentidos.<\/p>\n<p>La mayor\u00eda de los narc\u00f3ticos vienen en forma de morfina o code\u00edna. Estos dos tipos de analg\u00e9sicos se sintetizan a partir del opio.<\/p>\n<p>Los estupefacientes comunes regidos por ARS 13-408 incluyen:<\/p>\n<ul>\n<li>Heroina<\/li>\n<li>Hidrocodona<\/li>\n<li>Oxicodona<\/li>\n<li>Metadona<\/li>\n<li>Grieta<\/li>\n<li>Cocaina<\/li>\n<\/ul>\n<h3>\u00bfPor qu\u00e9 son peligrosos los narc\u00f3ticos?<\/h3>\n<p>Un narc\u00f3tico es una droga farmac\u00e9utica, sint\u00e9tica o fabricada. Cuando se usan bajo prescripci\u00f3n m\u00e9dica y con la prescripci\u00f3n correcta y segura, estos medicamentos pueden ser beneficiosos. Sin embargo, muchos usuarios desarrollan una adicci\u00f3n a estos narc\u00f3ticos y esto puede conducir a un delito mayor de posesi\u00f3n de estupefacientes.<\/p>\n<p>Se han creado muchas variaciones de narc\u00f3ticos y cada uno viene con diferentes efectos y efectos secundarios. Algunos narc\u00f3ticos tienen efectos perjudiciales en el cerebro, mientras que otros pueden afectar el sistema nervioso, los m\u00fasculos y los \u00f3rganos del cuerpo.<\/p>\n<h2>Sanciones por Posesi\u00f3n de Estupefacientes<\/h2>\n<p><a href=\"http:\/\/www.azleg.gov\/ars\/13\/03408.htm\" target=\"_blank\" rel=\"noopener\">ARS 13 3408<\/a> establece las siguientes sanciones en materia de estupefacientes:<\/p>\n<ul>\n<li>Posesi\u00f3n o uso de estupefacientes: Delito Mayor &#8211; Clase 4<\/li>\n<li>Posesi\u00f3n de un estupefaciente para la venta \u2013 Delito Mayor &#8211; Clase 2<\/li>\n<li>Posesi\u00f3n de equipos o productos qu\u00edmicos, o ambos, con el fin de fabricar un estupefaciente: Delito Mayor &#8211; Clase 3<\/li>\n<\/ul>\n<p>Los cargos de posesi\u00f3n no se toman a la ligera en Arizona. Incluso como primera infracci\u00f3n, un cargo de posesi\u00f3n es un delito mayor.<\/p>\n<p>Las siguientes son las sanciones relacionadas con los Delito Mayor de Clase 1-4 en Arizona:<\/p>\n<p>Delito mayor clase 1: El \u00fanico delito clasificado como delito mayor de clase 1 en Arizona es el asesinato. La posesi\u00f3n de estupefacientes no se considerar\u00e1 un delito mayor de clase 1. Dependiendo de los detalles del delito, las penas pueden variar desde 10 a\u00f1os de prisi\u00f3n hasta una cadena perpetua en prisi\u00f3n.<\/p>\n<p>Delito mayor clase 2: un delito mayor de clase 2 puede resultar en una sentencia m\u00ednima de tres a\u00f1os en el Departamento de Correccionales. La sentencia se puede aumentar hasta 12,5 a\u00f1os dependiendo de la gravedad del delito. En ciertas circunstancias, un juez tiene la capacidad de ofrecer libertad condicional con un a\u00f1o de c\u00e1rcel.<\/p>\n<p>Delito mayor clase 3: un delito mayor de clase 3 puede resultar en una sentencia m\u00ednima de dos a\u00f1os de prisi\u00f3n y puede incrementarse hasta casi 9 a\u00f1os por un cargo agravado. La libertad condicional tambi\u00e9n puede ser una opci\u00f3n, si el juez as\u00ed lo decide.<\/p>\n<p>Delito mayor clase 4: un delito grave de clase 4 puede resultar en una sentencia de 1 a 3.75 a\u00f1os. La libertad condicional tambi\u00e9n puede estar disponible para un delito grave de clase 4.<\/p>\n<p>Delito mayor clase 5: un delito mayor de clase 5 puede resultar en una sentencia de un m\u00ednimo de seis meses de prisi\u00f3n y puede aumentarse a 2,5 a\u00f1os seg\u00fan los detalles del caso. La libertad condicional tambi\u00e9n es una opci\u00f3n en un delito mayor de clase 5.<\/p>\n<p>Delito mayor clase 6: la sentencia de un delito mayor de clase 6 var\u00eda seg\u00fan el delito, pero puede resultar en un m\u00ednimo de 0,33 meses de c\u00e1rcel y puede aumentar hasta 2 a\u00f1os. Una vez m\u00e1s, la libertad condicional es una opci\u00f3n potencial.<\/p>\n<p>*Las condenas relacionadas con drogas generalmente tambi\u00e9n implican una multa de alg\u00fan tipo, que puede ser de hasta $150,000.<\/p>\n<p>Las sanciones por delitos relacionados con las drogas pueden variar en gran medida seg\u00fan las circunstancias de los cargos, pero obviamente tienen algunas repercusiones graves. Debido a la amplia gama de sanciones potenciales, se recomienda contactar a un abogado de defensa criminal de Arizona calificado para asegurarse de recibir la mejor sentencia disponible. Con el rango de la libertad condicional hasta 12.5 a\u00f1os por un delito mayor de clase 2, no es prudente no tener un abogado de defensa criminal exitoso de su lado.<\/p>\n<h3>Sanciones Por Cargos Relacionados con estupefacientes<\/h3>\n<p>Adem\u00e1s de los cargos de posesi\u00f3n, seg\u00fan ARS 13-3408, los agentes de polic\u00eda tambi\u00e9n pueden arrestarlo por:<\/p>\n<ul>\n<li>Fabricaci\u00f3n de estupefacientes: delito mayor clase 2<\/li>\n<li>\u00a0Administrar un narc\u00f3tico a otra persona \u2013 Delito mayor clase 2<\/li>\n<li>Obtener o procurar la administraci\u00f3n de un estupefaciente mediante fraude, enga\u00f1o, tergiversaci\u00f3n o subterfugio \u2013 Delito mayor Clase 3<\/li>\n<li>Transporte para la venta, importaci\u00f3n a este estado, oferta de transporte para la venta o importaci\u00f3n a este estado, venta, transferencia u oferta de venta o transferencia de estupefacientes: delito mayor clase 2<\/li>\n<\/ul>\n<h2>Luchando contra un cargo de posesi\u00f3n de estupefacientes en Arizona<\/h2>\n<p>Si ha sido arrestado por posesi\u00f3n de estupefacientes, su primer paso debe ser ponerse en contacto con un abogado defensor penal. Un abogado conoce el sistema y puede ayudarle a hacer la mejor defensa posible para su caso, y ayudarle a evitar tiempo adicional en prisi\u00f3n o multas.<\/p>\n<p>El tipo y la cantidad de la droga que se encuentre en su poder ser\u00e1n un factor determinante importante en sus cargos y moldear\u00e1n la defensa utilizada en su caso. Los medios por los cuales los oficiales encontraron las drogas son una parte importante de su caso. Si los oficiales de polic\u00eda no tienen una orden judicial o la registraci\u00f3n de su casa o veh\u00edculo ilegalmente, puede ayudar a su abogado a desestimar esa evidencia.<\/p>\n<p>Un abogado con experiencia en defensa criminal de Phoenix sabr\u00e1 qu\u00e9 estrategia de defensa es la mejor para su caso. Es importante encontrar un abogado con un historial comprobado en el que pueda confiar porque las sanciones pueden ser extremas si no tiene un buen abogado defensor en su caso de posesi\u00f3n de estupefacientes.<\/p>\n<h2>B\u00fasqueda de opciones de tratamiento para el abuso de estupefacientes<\/h2>\n<p>Si est\u00e1 buscando ayuda para el abuso de drogas, Arizona ofrece algunas opciones incre\u00edbles. Con su cargo por drogas, es posible que se le ordene trabajar con TASC (Centro de detecci\u00f3n y evaluaci\u00f3n de tratamientos) para pruebas de drogas, asesoramiento y clases de abuso de drogas. TASC brinda asistencia para todas las etapas de los problemas de salud conductual y sirve para ayudar a la comunidad. Arizona tambi\u00e9n ofrece numerosos centros de desintoxicaci\u00f3n y rehabilitaci\u00f3n en todo el estado, tanto privados como federales. La asistencia est\u00e1 disponible para cualquier persona que est\u00e9 buscando poner fin a su abuso de estupefacientes.<\/p>\n<p>Un cargo por posesi\u00f3n de estupefacientes es una situaci\u00f3n aterradora. Tener un abogado defensor con experiencia en posesi\u00f3n de estupefacientes puede marcar la diferencia en el resultado de su caso. Con tanto en juego, no deje su futuro en manos de las probabilidades. P\u00f3ngase en contacto con un abogado de defensa criminal de Arizona hoy para analizar sus opciones.<\/p>\n<p>Llame a Jackson White Equipo de Ley Criminal al <a href=\"tel:4804674370\">(480) 467-4370<\/a> para discutir su caso hoy.<\/p>\n","protected":false},"excerpt":{"rendered":"<p>La posesi\u00f3n de narc\u00f3ticos en Arizona sin receta es un delito mayor, seg\u00fan ARS 13-3408. Los narc\u00f3ticos, tambi\u00e9n conocidos como opi\u00e1ceos, son medicamentos creados para aliviar el dolor cr\u00f3nico o agudo. Debido a su funci\u00f3n prevista, la uni\u00f3n de los&hellip;<\/p>\n","protected":false},"author":14,"featured_media":0,"parent":9320,"menu_order":0,"comment_status":"closed","ping_status":"closed","template":"","meta":{"_acf_changed":false,"om_disable_all_campaigns":false,"footnotes":""},"practice_area":[114,151],"class_list":["post-20703","page","type-page","status-publish","hentry","practice_area-criminal-defense-law","practice_area-criminal-defense-es"],"acf":[],"yoast_head":"<!-- This site is optimized with the Yoast SEO plugin v27.5 - https:\/\/yoast.com\/product\/yoast-seo-wordpress\/ -->\n<title>Posesi\u00f3n de Estupefacientes en Arizona<\/title>\n<meta name=\"description\" content=\"Jackson White Law ofrece defensa experta en casos de posesi\u00f3n de drogas en Arizona. Proteja su futuro con nuestra representaci\u00f3n legal experta.\" \/>\n<meta name=\"robots\" content=\"index, follow, max-snippet:-1, max-image-preview:large, max-video-preview:-1\" \/>\n<link rel=\"canonical\" href=\"https:\/\/www.jacksonwhitelaw.com\/es\/criminal-defense-law\/posesion-estupefacientes\/\" \/>\n<meta property=\"og:locale\" content=\"es_ES\" \/>\n<meta property=\"og:type\" content=\"article\" \/>\n<meta property=\"og:title\" content=\"Posesi\u00f3n de Estupefacientes en Arizona\" \/>\n<meta property=\"og:description\" content=\"Jackson White Law ofrece defensa experta en casos de posesi\u00f3n de drogas en Arizona. Proteja su futuro con nuestra representaci\u00f3n legal experta.\" \/>\n<meta property=\"og:url\" content=\"https:\/\/www.jacksonwhitelaw.com\/es\/criminal-defense-law\/posesion-estupefacientes\/\" \/>\n<meta property=\"og:site_name\" content=\"JacksonWhite Law\" \/>\n<meta property=\"article:publisher\" content=\"https:\/\/www.facebook.com\/jacksonwhitelaw\" \/>\n<meta property=\"og:image\" content=\"https:\/\/www.jacksonwhitelaw.com\/wp-content\/uploads\/2025\/05\/JacksonWhite_Schema-Image-scaled.png\" \/>\n\t<meta property=\"og:image:width\" content=\"2560\" \/>\n\t<meta property=\"og:image:height\" content=\"1441\" \/>\n\t<meta property=\"og:image:type\" content=\"image\/png\" \/>\n<meta name=\"twitter:card\" content=\"summary_large_image\" \/>\n<meta name=\"twitter:site\" content=\"@JacksonWhiteLaw\" \/>\n<meta name=\"twitter:label1\" content=\"Tiempo de lectura\" \/>\n\t<meta name=\"twitter:data1\" content=\"6 minutos\" \/>\n<!-- \/ Yoast SEO plugin. -->","yoast_head_json":{"title":"Posesi\u00f3n de Estupefacientes en Arizona","description":"Jackson White Law ofrece defensa experta en casos de posesi\u00f3n de drogas en Arizona. Proteja su futuro con nuestra representaci\u00f3n legal experta.","robots":{"index":"index","follow":"follow","max-snippet":"max-snippet:-1","max-image-preview":"max-image-preview:large","max-video-preview":"max-video-preview:-1"},"canonical":"https:\/\/www.jacksonwhitelaw.com\/es\/criminal-defense-law\/posesion-estupefacientes\/","og_locale":"es_ES","og_type":"article","og_title":"Posesi\u00f3n de Estupefacientes en Arizona","og_description":"Jackson White Law ofrece defensa experta en casos de posesi\u00f3n de drogas en Arizona. Proteja su futuro con nuestra representaci\u00f3n legal experta.","og_url":"https:\/\/www.jacksonwhitelaw.com\/es\/criminal-defense-law\/posesion-estupefacientes\/","og_site_name":"JacksonWhite Law","article_publisher":"https:\/\/www.facebook.com\/jacksonwhitelaw","og_image":[{"width":2560,"height":1441,"url":"https:\/\/www.jacksonwhitelaw.com\/wp-content\/uploads\/2025\/05\/JacksonWhite_Schema-Image-scaled.png","type":"image\/png"}],"twitter_card":"summary_large_image","twitter_site":"@JacksonWhiteLaw","twitter_misc":{"Tiempo de lectura":"6 minutos"},"schema":{"@context":"https:\/\/schema.org","@graph":[{"@type":"WebPage","@id":"https:\/\/www.jacksonwhitelaw.com\/es\/criminal-defense-law\/posesion-estupefacientes\/","url":"https:\/\/www.jacksonwhitelaw.com\/es\/criminal-defense-law\/posesion-estupefacientes\/","name":"Posesi\u00f3n de Estupefacientes en Arizona","isPartOf":{"@id":"https:\/\/www.jacksonwhitelaw.com\/es\/#website"},"datePublished":"2025-05-14T18:29:08+00:00","description":"Jackson White Law ofrece defensa experta en casos de posesi\u00f3n de drogas en Arizona. Proteja su futuro con nuestra representaci\u00f3n legal experta.","breadcrumb":{"@id":"https:\/\/www.jacksonwhitelaw.com\/es\/criminal-defense-law\/posesion-estupefacientes\/#breadcrumb"},"inLanguage":"es","potentialAction":[{"@type":"ReadAction","target":["https:\/\/www.jacksonwhitelaw.com\/es\/criminal-defense-law\/posesion-estupefacientes\/"]}]},{"@type":"BreadcrumbList","@id":"https:\/\/www.jacksonwhitelaw.com\/es\/criminal-defense-law\/posesion-estupefacientes\/#breadcrumb","itemListElement":[{"@type":"ListItem","position":1,"name":"Home","item":"https:\/\/www.jacksonwhitelaw.com\/es\/"},{"@type":"ListItem","position":2,"name":"Criminal Defense","item":"https:\/\/www.jacksonwhitelaw.com\/es\/criminal-defense-law\/"},{"@type":"ListItem","position":3,"name":"Posesi\u00f3n de Estupefacientes"}]},{"@type":"WebSite","@id":"https:\/\/www.jacksonwhitelaw.com\/es\/#website","url":"https:\/\/www.jacksonwhitelaw.com\/es\/","name":"JacksonWhite Law","description":"Attorneys at Law in Mesa &amp; Phoenix, Arizona","publisher":{"@id":"https:\/\/www.jacksonwhitelaw.com\/es\/#organization"},"alternateName":"JacksonWhite P.C.","potentialAction":[{"@type":"SearchAction","target":{"@type":"EntryPoint","urlTemplate":"https:\/\/www.jacksonwhitelaw.com\/es\/?s={search_term_string}"},"query-input":{"@type":"PropertyValueSpecification","valueRequired":true,"valueName":"search_term_string"}}],"inLanguage":"es"},{"@type":"Organization","@id":"https:\/\/www.jacksonwhitelaw.com\/es\/#organization","name":"JacksonWhite P.C.","alternateName":"JacksonWhite Law","url":"https:\/\/www.jacksonwhitelaw.com\/es\/","logo":{"@type":"ImageObject","inLanguage":"es","@id":"https:\/\/www.jacksonwhitelaw.com\/es\/#\/schema\/logo\/image\/","url":"https:\/\/www.jacksonwhitelaw.com\/wp-content\/uploads\/2025\/05\/JacksonWhite_Schema-Logo-scaled.png","contentUrl":"https:\/\/www.jacksonwhitelaw.com\/wp-content\/uploads\/2025\/05\/JacksonWhite_Schema-Logo-scaled.png","width":2560,"height":2560,"caption":"JacksonWhite P.C."},"image":{"@id":"https:\/\/www.jacksonwhitelaw.com\/es\/#\/schema\/logo\/image\/"},"sameAs":["https:\/\/www.facebook.com\/jacksonwhitelaw","https:\/\/x.com\/JacksonWhiteLaw","https:\/\/www.instagram.com\/jwlawfirm\/","https:\/\/www.linkedin.com\/company\/jackson-white-p.c.","https:\/\/www.youtube.com\/@JWLMesaAZ","https:\/\/www.yelp.com\/biz\/jacksonwhite-law-mesa"]}]}},"_links":{"self":[{"href":"https:\/\/www.jacksonwhitelaw.com\/es\/wp-json\/wp\/v2\/pages\/20703","targetHints":{"allow":["GET"]}}],"collection":[{"href":"https:\/\/www.jacksonwhitelaw.com\/es\/wp-json\/wp\/v2\/pages"}],"about":[{"href":"https:\/\/www.jacksonwhitelaw.com\/es\/wp-json\/wp\/v2\/types\/page"}],"author":[{"embeddable":true,"href":"https:\/\/www.jacksonwhitelaw.com\/es\/wp-json\/wp\/v2\/users\/14"}],"replies":[{"embeddable":true,"href":"https:\/\/www.jacksonwhitelaw.com\/es\/wp-json\/wp\/v2\/comments?post=20703"}],"version-history":[{"count":0,"href":"https:\/\/www.jacksonwhitelaw.com\/es\/wp-json\/wp\/v2\/pages\/20703\/revisions"}],"up":[{"embeddable":true,"href":"https:\/\/www.jacksonwhitelaw.com\/es\/wp-json\/wp\/v2\/pages\/9320"}],"wp:attachment":[{"href":"https:\/\/www.jacksonwhitelaw.com\/es\/wp-json\/wp\/v2\/media?parent=20703"}],"wp:term":[{"taxonomy":"practice_area","embeddable":true,"href":"https:\/\/www.jacksonwhitelaw.com\/es\/wp-json\/wp\/v2\/practice_area?post=20703"}],"curies":[{"name":"wp","href":"https:\/\/api.w.org\/{rel}","templated":true}]}}