{"id":20692,"date":"2025-05-14T11:29:10","date_gmt":"2025-05-14T18:29:10","guid":{"rendered":"https:\/\/www.jacksonwhitelaw.com\/criminal-defense-law\/?page_id=20692"},"modified":"2025-05-14T14:04:58","modified_gmt":"2025-05-14T13:04:58","slug":"dui-2","status":"publish","type":"page","link":"https:\/\/www.jacksonwhitelaw.com\/es\/criminal-defense-law\/dui-2\/","title":{"rendered":"Abogados de DUI en Arizona"},"content":{"rendered":"<h2>Si ha sido arrestado por conducir bajo los efectos del alcohol en Mesa, Phoenix u otras partes de Arizona, lo primero que debe hacer es llamar al abogado de DUI adecuado.<\/h2>\n<p>Es por eso que el siguiente paso es llamar a Jackson White, el principal bufete de abogados de East Valley. Los abogados de defensa criminal de Jackson White se dedican a brindarle la defensa de la m\u00e1s alta calidad disponible.<\/p>\n<p><a role=\"button\" href=\"#contact\"><br \/>\nEmpezar<br \/>\n<\/a><\/p>\n<h2>Resultados de casos recientes<\/h2>\n<h3>Two Years Probabtion<\/h3>\n<h4>2 CT DUI | Kyrene Justice<\/h4>\n<h3>Case Dismissed<\/h3>\n<h4>DUI | Tucson City Court<\/h4>\n<p><a role=\"button\" href=\"https:\/\/www.jacksonwhitelaw.com\/criminal-defense-law\/results\/\"><br \/>\nVer m\u00e1s resultados<br \/>\n<\/a><\/p>\n<h2>Obtenga representaci\u00f3n superior de DUI en Mesa, Arizona<\/h2>\n<p>Si enfrenta cargos por conducir ebrio, no debe enfrentar los tribunales por su cuenta. Es vital contar con un abogado experimentado y asertivo de su lado que luche para asegurarse de que sus derechos est\u00e9n protegidos y que su resultado sea justo.<\/p>\n<h2>Cargos de DUI Agravados en Arizona<\/h2>\n<p>Los conductores de Arizona atrapados con una concentraci\u00f3n de alcohol en la sangre (BAC) de 0.08% o m\u00e1s pueden ser arrestados y acusados \u200b\u200bde DUI. Sin embargo, las consecuencias son m\u00e1s severas para los conductores acusados \u200b\u200bde un DUI agravado.<\/p>\n<p>Un cargo por DUI agravado no se basa en BAC. En cambio, los DUI se elevan a DUI agravados por las siguientes razones:<\/p>\n<ul>\n<li>El conductor caus\u00f3 un accidente que result\u00f3 en da\u00f1os materiales extensos, lesiones corporales graves o la muerte.<\/li>\n<li>Un menor de 15 a\u00f1os estaba en el veh\u00edculo en el momento de la detenci\u00f3n del conductor<\/li>\n<li>El conductor estaba operando el veh\u00edculo con una licencia suspendida o revocada<\/li>\n<li>El conductor ha sido acusado de m\u00e1s de tres DUI en los \u00faltimos siete a\u00f1os.<\/li>\n<li>El conductor tiene antecedentes penales<\/li>\n<\/ul>\n<p>Un DUI agravado es un delito grave en Arizona. Como delito grave, las sanciones por DUI agravado incluyen:<\/p>\n<ul>\n<li>Tiempo en prisi\u00f3n estatal<\/li>\n<li>Grandes multas, libertad condicional, servicio comunitario<\/li>\n<li>Suspensi\u00f3n o revocaci\u00f3n de la licencia de conducir<\/li>\n<li>Clases obligatorias de concientizaci\u00f3n sobre el alcohol<\/li>\n<\/ul>\n<p>Si ha sido acusado de un DUI agravado, necesitar\u00e1 un abogado defensor capacitado para obtener los mejores resultados. Haremos todo lo posible para brindarle la mejor defensa a fin de reducir sus sanciones y minimizar la duraci\u00f3n de su sentencia.<\/p>\n<p>Adam Ashby tiene m\u00e1s de diez a\u00f1os de experiencia defendiendo a clientes en el \u00e1rea de Mesa y Phoenix, y los DUI son uno de los delitos m\u00e1s comunes con los que se enfrenta. Su enfoque de los cargos por DUI agravados es evaluar las razones por las que su DUI fue elevado a la categor\u00eda agravada.<\/p>\n<p>A partir de ah\u00ed, Adam puede explorar completamente las opciones legales que dar\u00e1n como resultado un resultado favorable para su caso.<\/p>\n<p>Todo comienza con la revisi\u00f3n gratuita de su caso, donde puede tener una mejor idea del camino legal por delante. Cont\u00e1ctenos hoy para programar su consulta gratuita y privada con nuestros abogados defensores superiores.<\/p>\n<p><a role=\"button\" href=\"#contact\"><br \/>\nEmpezar<br \/>\n<\/a><\/p>\n<h2>Disminuya sus sanciones<\/h2>\n<p>Un cargo de DUI se refiere a una persona que est\u00e1 operando un veh\u00edculo motorizado bajo la influencia del alcohol o cualquier otra droga que altere la mente. El estado de Arizona tiene leyes de DUI muy estrictas y complejas para evitar que las personas conduzcan mientras est\u00e1n intoxicadas.<\/p>\n<p>Las sanciones para aquellos que est\u00e1n operando un veh\u00edculo con una concentraci\u00f3n de alcohol en sangre de 0.8% o m\u00e1s pueden ser muy duras. Para evitar las sanciones m\u00e1s estrictas, contrate a un abogado que sepa c\u00f3mo representarlo en la corte y darle sentido a su caso, especialmente si enfrenta un cargo de DUI por un delito mayor.<\/p>\n<p>Los conductores condenados por estos cargos en Gilbert, Scottsdale, Tempe y Mesa pueden enfrentar tiempo en la c\u00e1rcel, libertad condicional, multas, servicio comunitario, suspensi\u00f3n de la licencia de conducir u otras imperfecciones en su registro permanente de conductor. Puede enfrentar sanciones adicionales por cargos como abandonar la escena de un accidente u otras infracciones relacionadas con la conducci\u00f3n.<\/p>\n<p>Haga clic aqu\u00ed para ver nuestras recientes victorias en casos de DUI.<\/p>\n<h2>Conectate con Jackson White Law<\/h2>\n<h3>Somos una firma de abogados de servicio completo enfocada en la Defensa Criminal.<\/h3>\n<img loading=\"lazy\" decoding=\"async\" class=\"alignnone size-full wp-image-9104\" src=\"https:\/\/www.jacksonwhitelaw.com\/wp-content\/uploads\/2025\/05\/mesa-criminal-defense-location-e1576166814548.png\" alt=\"\" width=\"600\" height=\"368\" srcset=\"https:\/\/www.jacksonwhitelaw.com\/wp-content\/uploads\/2025\/05\/mesa-criminal-defense-location-e1576166814548.png 600w, https:\/\/www.jacksonwhitelaw.com\/wp-content\/uploads\/2025\/05\/mesa-criminal-defense-location-e1576166814548-300x184.png 300w\" sizes=\"auto, (max-width: 600px) 100vw, 600px\" \/>\n<p>Como abogados defensores de primer nivel en Arizona, hemos ayudado a los clientes a pasar de enfrentar cargos penales a tener sanciones menos severas, lo que facilita que nuestros clientes sigan adelante despu\u00e9s de un caso penal. Algunos de los resultados y resultados que hemos obtenido incluyen:<\/p>\n<ul>\n<li>\u00a0Cargos reducidos<\/li>\n<li>\u00a0Casos y cargos retirados<\/li>\n<li>\u00a0Sanciones reducidas<\/li>\n<li>\u00a0Libertad condicional, multas y clases en lugar de tiempo en la c\u00e1rcel<\/li>\n<\/ul>\n<p>En Jackson White, nos enfocamos en el camino por delante, no en lo que est\u00e1 detr\u00e1s de usted. Haremos todo lo posible para comprender su caso y ofrecerle soluciones legales que le permitan avanzar y minimizar el impacto negativo en su vida. Hemos ayudado a adultos y j\u00f3venes que enfrentan todo tipo de cargos penales, desde DUI y delitos de drogas hasta delitos violentos relacionados con violencia dom\u00e9stica, asalto y agresi\u00f3n. Nuestros abogados experimentados combinar\u00e1n su conocimiento, orientaci\u00f3n y conjunto de habilidades para trabajar hacia el mejor resultado posible para usted y su caso.<\/p>\n<p><a role=\"button\" href=\"#\"><br \/>\nSobre nosotros<br \/>\n<\/a><\/p>\n","protected":false},"excerpt":{"rendered":"<p>Si ha sido arrestado por conducir bajo los efectos del alcohol en Mesa, Phoenix u otras partes de Arizona, lo primero que debe hacer es llamar al abogado de DUI adecuado. Es por eso que el siguiente paso es llamar&hellip;<\/p>\n","protected":false},"author":14,"featured_media":0,"parent":9320,"menu_order":0,"comment_status":"closed","ping_status":"closed","template":"","meta":{"_acf_changed":false,"om_disable_all_campaigns":false,"footnotes":""},"practice_area":[151],"class_list":["post-20692","page","type-page","status-publish","hentry","practice_area-criminal-defense-es"],"acf":[],"yoast_head":"<!-- This site is optimized with the Yoast SEO plugin v27.3 - https:\/\/yoast.com\/product\/yoast-seo-wordpress\/ -->\n<title>Abogados de DUI en Arizona<\/title>\n<meta name=\"description\" content=\"Obtenga ayuda legal experta para casos de DUI en Arizona con JacksonWhite Law, ofreciendo asesoramiento y defensa para proteger sus derechos.\" \/>\n<meta name=\"robots\" content=\"index, follow, max-snippet:-1, max-image-preview:large, max-video-preview:-1\" \/>\n<link rel=\"canonical\" href=\"https:\/\/www.jacksonwhitelaw.com\/es\/criminal-defense-law\/dui-2\/\" \/>\n<meta property=\"og:locale\" content=\"es_ES\" \/>\n<meta property=\"og:type\" content=\"article\" \/>\n<meta property=\"og:title\" content=\"Abogados de DUI en Arizona\" \/>\n<meta property=\"og:description\" content=\"Obtenga ayuda legal experta para casos de DUI en Arizona con JacksonWhite Law, ofreciendo asesoramiento y defensa para proteger sus derechos.\" \/>\n<meta property=\"og:url\" content=\"https:\/\/www.jacksonwhitelaw.com\/es\/criminal-defense-law\/dui-2\/\" \/>\n<meta property=\"og:site_name\" content=\"JacksonWhite Law\" \/>\n<meta property=\"article:publisher\" content=\"https:\/\/www.facebook.com\/jacksonwhitelaw\" \/>\n<meta property=\"og:image\" content=\"https:\/\/www.jacksonwhitelaw.com\/wp-content\/uploads\/2025\/05\/mesa-criminal-defense-location-e1576166814548.png\" \/>\n<meta name=\"twitter:card\" content=\"summary_large_image\" \/>\n<meta name=\"twitter:site\" content=\"@JacksonWhiteLaw\" \/>\n<meta name=\"twitter:label1\" content=\"Tiempo de lectura\" \/>\n\t<meta name=\"twitter:data1\" content=\"4 minutos\" \/>\n<!-- \/ Yoast SEO plugin. -->","yoast_head_json":{"title":"Abogados de DUI en Arizona","description":"Obtenga ayuda legal experta para casos de DUI en Arizona con JacksonWhite Law, ofreciendo asesoramiento y defensa para proteger sus derechos.","robots":{"index":"index","follow":"follow","max-snippet":"max-snippet:-1","max-image-preview":"max-image-preview:large","max-video-preview":"max-video-preview:-1"},"canonical":"https:\/\/www.jacksonwhitelaw.com\/es\/criminal-defense-law\/dui-2\/","og_locale":"es_ES","og_type":"article","og_title":"Abogados de DUI en Arizona","og_description":"Obtenga ayuda legal experta para casos de DUI en Arizona con JacksonWhite Law, ofreciendo asesoramiento y defensa para proteger sus derechos.","og_url":"https:\/\/www.jacksonwhitelaw.com\/es\/criminal-defense-law\/dui-2\/","og_site_name":"JacksonWhite Law","article_publisher":"https:\/\/www.facebook.com\/jacksonwhitelaw","og_image":[{"url":"https:\/\/www.jacksonwhitelaw.com\/wp-content\/uploads\/2025\/05\/mesa-criminal-defense-location-e1576166814548.png","type":"","width":"","height":""}],"twitter_card":"summary_large_image","twitter_site":"@JacksonWhiteLaw","twitter_misc":{"Tiempo de lectura":"4 minutos"},"schema":{"@context":"https:\/\/schema.org","@graph":[{"@type":"WebPage","@id":"https:\/\/www.jacksonwhitelaw.com\/es\/criminal-defense-law\/dui-2\/","url":"https:\/\/www.jacksonwhitelaw.com\/es\/criminal-defense-law\/dui-2\/","name":"Abogados de DUI en Arizona","isPartOf":{"@id":"https:\/\/www.jacksonwhitelaw.com\/es\/#website"},"primaryImageOfPage":{"@id":"https:\/\/www.jacksonwhitelaw.com\/es\/criminal-defense-law\/dui-2\/#primaryimage"},"image":{"@id":"https:\/\/www.jacksonwhitelaw.com\/es\/criminal-defense-law\/dui-2\/#primaryimage"},"thumbnailUrl":"https:\/\/www.jacksonwhitelaw.com\/wp-content\/uploads\/2025\/05\/mesa-criminal-defense-location-e1576166814548.png","datePublished":"2025-05-14T18:29:10+00:00","description":"Obtenga ayuda legal experta para casos de DUI en Arizona con JacksonWhite Law, ofreciendo asesoramiento y defensa para proteger sus derechos.","breadcrumb":{"@id":"https:\/\/www.jacksonwhitelaw.com\/es\/criminal-defense-law\/dui-2\/#breadcrumb"},"inLanguage":"es","potentialAction":[{"@type":"ReadAction","target":["https:\/\/www.jacksonwhitelaw.com\/es\/criminal-defense-law\/dui-2\/"]}]},{"@type":"ImageObject","inLanguage":"es","@id":"https:\/\/www.jacksonwhitelaw.com\/es\/criminal-defense-law\/dui-2\/#primaryimage","url":"https:\/\/www.jacksonwhitelaw.com\/wp-content\/uploads\/2025\/05\/mesa-criminal-defense-location-e1576166814548.png","contentUrl":"https:\/\/www.jacksonwhitelaw.com\/wp-content\/uploads\/2025\/05\/mesa-criminal-defense-location-e1576166814548.png"},{"@type":"BreadcrumbList","@id":"https:\/\/www.jacksonwhitelaw.com\/es\/criminal-defense-law\/dui-2\/#breadcrumb","itemListElement":[{"@type":"ListItem","position":1,"name":"Home","item":"https:\/\/www.jacksonwhitelaw.com\/es\/"},{"@type":"ListItem","position":2,"name":"Criminal Defense","item":"https:\/\/www.jacksonwhitelaw.com\/es\/criminal-defense-law\/"},{"@type":"ListItem","position":3,"name":"Abogados de DUI en Arizona"}]},{"@type":"WebSite","@id":"https:\/\/www.jacksonwhitelaw.com\/es\/#website","url":"https:\/\/www.jacksonwhitelaw.com\/es\/","name":"JacksonWhite Law","description":"Attorneys at Law in Mesa &amp; Phoenix, Arizona","publisher":{"@id":"https:\/\/www.jacksonwhitelaw.com\/es\/#organization"},"alternateName":"JacksonWhite P.C.","potentialAction":[{"@type":"SearchAction","target":{"@type":"EntryPoint","urlTemplate":"https:\/\/www.jacksonwhitelaw.com\/es\/?s={search_term_string}"},"query-input":{"@type":"PropertyValueSpecification","valueRequired":true,"valueName":"search_term_string"}}],"inLanguage":"es"},{"@type":"Organization","@id":"https:\/\/www.jacksonwhitelaw.com\/es\/#organization","name":"JacksonWhite P.C.","alternateName":"JacksonWhite Law","url":"https:\/\/www.jacksonwhitelaw.com\/es\/","logo":{"@type":"ImageObject","inLanguage":"es","@id":"https:\/\/www.jacksonwhitelaw.com\/es\/#\/schema\/logo\/image\/","url":"https:\/\/www.jacksonwhitelaw.com\/wp-content\/uploads\/2025\/05\/JacksonWhite_Schema-Logo-scaled.png","contentUrl":"https:\/\/www.jacksonwhitelaw.com\/wp-content\/uploads\/2025\/05\/JacksonWhite_Schema-Logo-scaled.png","width":2560,"height":2560,"caption":"JacksonWhite P.C."},"image":{"@id":"https:\/\/www.jacksonwhitelaw.com\/es\/#\/schema\/logo\/image\/"},"sameAs":["https:\/\/www.facebook.com\/jacksonwhitelaw","https:\/\/x.com\/JacksonWhiteLaw","https:\/\/www.instagram.com\/jwlawfirm\/","https:\/\/www.linkedin.com\/company\/jackson-white-p.c.","https:\/\/www.youtube.com\/@JWLMesaAZ","https:\/\/www.yelp.com\/biz\/jacksonwhite-law-mesa"]}]}},"_links":{"self":[{"href":"https:\/\/www.jacksonwhitelaw.com\/es\/wp-json\/wp\/v2\/pages\/20692","targetHints":{"allow":["GET"]}}],"collection":[{"href":"https:\/\/www.jacksonwhitelaw.com\/es\/wp-json\/wp\/v2\/pages"}],"about":[{"href":"https:\/\/www.jacksonwhitelaw.com\/es\/wp-json\/wp\/v2\/types\/page"}],"author":[{"embeddable":true,"href":"https:\/\/www.jacksonwhitelaw.com\/es\/wp-json\/wp\/v2\/users\/14"}],"replies":[{"embeddable":true,"href":"https:\/\/www.jacksonwhitelaw.com\/es\/wp-json\/wp\/v2\/comments?post=20692"}],"version-history":[{"count":0,"href":"https:\/\/www.jacksonwhitelaw.com\/es\/wp-json\/wp\/v2\/pages\/20692\/revisions"}],"up":[{"embeddable":true,"href":"https:\/\/www.jacksonwhitelaw.com\/es\/wp-json\/wp\/v2\/pages\/9320"}],"wp:attachment":[{"href":"https:\/\/www.jacksonwhitelaw.com\/es\/wp-json\/wp\/v2\/media?parent=20692"}],"wp:term":[{"taxonomy":"practice_area","embeddable":true,"href":"https:\/\/www.jacksonwhitelaw.com\/es\/wp-json\/wp\/v2\/practice_area?post=20692"}],"curies":[{"name":"wp","href":"https:\/\/api.w.org\/{rel}","templated":true}]}}