{"id":20685,"date":"2025-05-14T11:29:10","date_gmt":"2025-05-14T18:29:10","guid":{"rendered":"https:\/\/www.jacksonwhitelaw.com\/criminal-defense-law\/exceso-de-velocidad-criminal-en-arizona\/"},"modified":"2025-05-14T11:41:09","modified_gmt":"2025-05-14T10:41:09","slug":"exceso-velocidad-criminal","status":"publish","type":"page","link":"https:\/\/www.jacksonwhitelaw.com\/es\/criminal-defense-law\/exceso-velocidad-criminal\/","title":{"rendered":"Exceso de Velocidad Criminal en Arizona"},"content":{"rendered":"<p>\/*! elementor &#8211; v3.9.0 &#8211; 06-12-2022 *\/<br \/>.elementor-heading-title{padding:0;margin:0;line-height:1}.elementor-widget-heading .elementor-heading-title[class*=elementor-size-]&gt;a{color:inherit;font-size:inherit;line-height:inherit}.elementor-widget-heading .elementor-heading-title.elementor-size-small{font-size:15px}.elementor-widget-heading .elementor-heading-title.elementor-size-medium{font-size:19px}.elementor-widget-heading .elementor-heading-title.elementor-size-large{font-size:29px}.elementor-widget-heading .elementor-heading-title.elementor-size-xl{font-size:39px}.elementor-widget-heading .elementor-heading-title.elementor-size-xxl{font-size:59px}<\/p>\n<h2>Porque el exceso de velocidad es un asunto serio en Arizona<\/h2>\n<p>El exceso de velocidad criminal en Arizona es un delito menor de Clase 3 seg\u00fan ARS 28-701.02.<br \/>\nAunque el exceso de velocidad puede parecer una infracci\u00f3n menor en comparaci\u00f3n con DUI u otros delitos, todav\u00eda se considera un delito penal.<br \/>\nLea a continuaci\u00f3n para obtener m\u00e1s informaci\u00f3n sobre las leyes penales por exceso de velocidad en Arizona y lo que puede hacer si enfrenta cargos por exceso de velocidad en nuestro estado.<br \/>\n<a role=\"button\" href=\"#contact\"><br \/>\nEmpezar<br \/>\n<\/a><\/p>\n<h2>\u00bfCu\u00e1l es el exceso de velocidad criminal en Arizona?<\/h2>\n<p>En Arizona, el exceso de velocidad puede caer en una de dos categor\u00edas: infracciones civiles o exceso de velocidad criminal. El exceso de velocidad civil ocurre cuando viola las definiciones de velocidades razonables y prudentes como se describe en ARS 28-701.<\/p>\n<p>En la mayor\u00eda de los casos, una multa por exceso de velocidad es una infracci\u00f3n civil.<\/p>\n<p>Hay tres formas principales de obtener una multa por exceso de velocidad en Arizona:<\/p>\n<ul>\n<li>exceder las 85 millas por hora sin importar el l\u00edmite de velocidad<\/li>\n<li>exceder el l\u00edmite de velocidad publicado en 20 millas por hora<\/li>\n<li>m\u00e1s de 35 millas por hora acerc\u00e1ndose a una zona escolar<\/li>\n<\/ul>\n<p>En la mayor\u00eda de los casos, lo que determina el exceso de velocidad se basa en su velocidad, el l\u00edmite de velocidad y la ubicaci\u00f3n en la que est\u00e1 acelerando.<\/p>\n<h3>Exceder las 85 millas por hora sin importar el l\u00edmite de velocidad<\/h3>\n<p>Incluso si est\u00e1 conduciendo en una autopista rural o una carretera interestatal, puede ser acusado de exceso de velocidad criminal si excede las 85 millas por hora.<\/p>\n<p>Esto es com\u00fan en la I-10, I-40 e I-17 con los conductores que viajan entre California, Nuevo M\u00e9xico, el Gran Ca\u00f1\u00f3n y otros destinos del estado.<\/p>\n<p><a role=\"button\" href=\"#contact\"><br \/>\nEmpezar<br \/>\n<\/a><\/p>\n<h3>Exceder el l\u00edmite de velocidad publicado en 20 millas por hora<\/h3>\n<p>Arizona tiene una regla de velocidad b\u00e1sica que dice que los conductores deben viajar a velocidades que sean \u00abrazonables y prudentes\u00bb bajo cualquier condici\u00f3n (ARS 28-701).<\/p>\n<p>Viajar a m\u00e1s de 20 millas por hora por encima de cualquier l\u00edmite de velocidad en el estado se considera exceso de velocidad criminal.<\/p>\n<p>Si un l\u00edmite de velocidad en Phoenix es de 55 mph, por ejemplo, viajar a 75 mph o m\u00e1s en esa zona ser\u00eda exceso de velocidad.<\/p>\n<p>Tambi\u00e9n se le puede acusar de exceso de velocidad en un \u00e1rea residencial o comercial cuando ha superado las 45 mph y no hay l\u00edmites de velocidad publicados.<\/p>\n<p><a role=\"button\" href=\"#contact\"><br \/>\nEmpezar<br \/>\n<\/a><\/p>\n<h3>Exceder las 35 millas por hora en una zona escolar<\/h3>\n<p>Los cruces escolares tienen un l\u00edmite estricto de velocidad de 15 mph en todo el estado, y viajar a 35 mph se considera exceso de velocidad criminal.<\/p>\n<p>Estos casos a menudo ocurren cuando un conductor no es consciente de que se acerca un cruce escolar y puede estar viajando a lo que considera velocidades \u00abnormales\u00bb.<\/p>\n<p>Si lo detuvieron durante una o m\u00e1s de estas situaciones, podr\u00eda enfrentar cargos criminales por exceso de velocidad que pueden afectar su capacidad para conducir, y si tiene m\u00e1s de un cargo criminal por exceso de velocidad, las sanciones pueden ser a\u00fan mayores.<\/p>\n<p>Adem\u00e1s, puede ser acusado de otros delitos, como conducci\u00f3n imprudente, y tambi\u00e9n de conducir en exceso del l\u00edmite de velocidad.<\/p>\n<h2>\u00bfEs el exceso de velocidad criminal un delito mayor en Arizona?<\/h2>\n<p>El exceso de velocidad en Arizona puede ser un delito menor de clase 3, pero el exceso de velocidad delictivo por s\u00ed solo no es un delito mayor.<\/p>\n<p>Si hay otros delitos involucrados, como un DUI, eso puede resultar en cargos por delitos mayores.<\/p>\n<p>Pero en el estado de Arizona, t\u00e9cnicamente no existe un delito mayor por exceso de velocidad.<\/p>\n<p>Puede haber cargos relacionados, como atropello y fuga (hit &amp; run), que tambi\u00e9n pueden cambiar los resultados y los cargos de su situaci\u00f3n.<\/p>\n<p><a role=\"button\" href=\"#contact\"><br \/>\nEmpezar<br \/>\n<\/a><\/p>\n<h2>\u00bfCu\u00e1les son las sanciones por exceso de velocidad criminal en Arizona?<\/h2>\n<p>Como delito menor de clase 3, el exceso de velocidad criminal conlleva hasta 30 d\u00edas de c\u00e1rcel y hasta $500 en multas.<\/p>\n<p>Pero las sanciones no terminan ah\u00ed.<\/p>\n<p>Si lo arrestan durante la parada de tr\u00e1fico, tendr\u00e1 que pagar para que retiren su autom\u00f3vil del lugar donde lo remolcaron, y es posible que haya otros recargos involucrados.<\/p>\n<p>El Departamento de Veh\u00edculos Motorizados de Arizona agrega tres puntos por una multa de tr\u00e1fico por exceso de velocidad y cuando obtiene m\u00e1s de 13 puntos en un a\u00f1o, su licencia puede ser suspendida.<\/p>\n<p>Cuantos m\u00e1s puntos acumule en un a\u00f1o, mayores ser\u00e1n las suspensiones a las que se enfrente.<\/p>\n<p>Adem\u00e1s, su proveedor de seguros de autom\u00f3viles podr\u00eda aumentar sus primas, lo que significa que pagar\u00e1 m\u00e1s por la misma cobertura.<\/p>\n<p>Estos aumentos a menudo duran meses o a\u00f1os, por lo que podr\u00eda estar pagando su multa por exceso de velocidad por mucho m\u00e1s tiempo de lo que pensaba.<\/p>\n<p>Teniendo en cuenta estos castigos, una multa por exceso de velocidad puede ser costosa.<\/p>\n<h2>\u00bfCu\u00e1nto tiempo permanece en su registro una multa por exceso de velocidad en Arizona?<\/h2>\n<p>Las multas por exceso de velocidad est\u00e1ndar se borran autom\u00e1ticamente de su registro de veh\u00edculos motorizados despu\u00e9s de un per\u00edodo de tiempo.<\/p>\n<p>Desafortunadamente, los delitos penales por exceso de velocidad no lo hacen.<\/p>\n<p>En Arizona, las condenas por delitos menores y mayores permanecen en su registro hasta los 99 a\u00f1os.<\/p>\n<p>Como el exceso de velocidad criminal es un delito menor de Clase 3, eso significa que su multa por exceso de velocidad criminal estar\u00e1 en su registro de por vida.<\/p>\n<p>Eso puede parecer bastante duro para una infracci\u00f3n de tr\u00e1nsito, pero la buena noticia es que los empleadores y las agencias gubernamentales que realizan una verificaci\u00f3n de antecedentes podr\u00e1n ver las circunstancias de su condena por un delito menor de Clase 3.<\/p>\n<p>Si bien algunos empleadores pueden verlo como una se\u00f1al de alerta, la mayor\u00eda de las personas est\u00e1n dispuestas a tomar una multa por exceso de velocidad con un grano de sal cuando sus antecedentes penales est\u00e1n limpios.<\/p>\n<p>Si su multa por exceso de velocidad se convierte en un obst\u00e1culo para las verificaciones de antecedentes laborales, la mala noticia es que se quedar\u00e1 con el delito menor de Clase 3 de por vida.<\/p>\n<p>La ley de Arizona no permite que se eliminen los registros, y no se permite que las multas por exceso de velocidad se \u201cdejen de lado\u201d como muchas otras condenas por delitos menores.<\/p>\n<p><a role=\"button\" href=\"#contact\"><br \/>\nEmpezar<br \/>\n<\/a><\/p>\n<h2>Cual es mi pr\u00f3ximo paso?<\/h2>\n<p>Nuestro equipo de defensa criminal de Mesa puede brindarle asesor\u00eda legal superior durante su caso de exceso de velocidad.<\/p>\n<p>En lugar de dejar que un defensor p\u00fablico controle su resultado, los abogados de Jackson White se dedicar\u00e1n a aprovechar al m\u00e1ximo su d\u00eda en la corte.<\/p>\n<p>Tendr\u00e1 la mejor oportunidad de evitar la sentencia m\u00e1xima y minimizar el impacto de su infracci\u00f3n por exceso de velocidad.<\/p>\n<p>El equipo de defensa criminal puede ayudarlo a:<\/p>\n<p>&nbsp;<\/p>\n<ul>\n<li>Reduce tus sanciones y multas<\/li>\n<li>Reduzca su cargo a una infracci\u00f3n civil por exceso de velocidad<\/li>\n<li>Obtenga su delito de exceso de velocidad completamente desestimado<\/li>\n<\/ul>\n<p>En Jackson White, estamos comprometidos con la protecci\u00f3n de sus derechos de conducci\u00f3n. Ahorre dinero, evite su sentencia m\u00e1xima y vuelva a la carretera r\u00e1pidamente con el experimentado equipo de defensa.<\/p>\n<h2>\u00bfCu\u00e1les son los posibles resultados si contrata a JacksonWhite?<\/h2>\n<p>Muchas circunstancias afectar\u00e1n su resultado y es por eso que ofrecemos una consulta gratuita para ver si creemos que podemos ayudarlo a obtener el mejor resultado para su caso. Pero, en t\u00e9rminos generales, estos son los resultados que hemos obtenido para nuestros clientes que enfrentan los mismos cargos:<br \/>\nDespido con escuela de manejo defensivo<br \/>\nDestituci\u00f3n voluntaria del estado o fiscal\u00eda<br \/>\nReducida a multa de tr\u00e1nsito civil<br \/>\nNegociado para el servicio comunitario<br \/>\nNegociado a infracci\u00f3n sin movimiento<br \/>\n\u00bfQu\u00e9 hay de tu caso? Ll\u00e1menos 24\/7 para una consulta gratuita. Nuestros abogados siempre est\u00e1n listos para discutir sus circunstancias criminales de exceso de velocidad y su mejor estrategia de defensa.<br \/>\nEl equipo de defensa criminal puede ayudarlo a:<br \/>\nReduce tus sanciones y multas<br \/>\nReduzca su cargo a una infracci\u00f3n civil por exceso de velocidad<br \/>\nObtenga su delito de exceso de velocidad completamente desestimado<br \/>\nEn JacksonWhite, estamos comprometidos con la protecci\u00f3n de sus derechos de conducci\u00f3n. Ahorre dinero, evite su sentencia m\u00e1xima y vuelva a la carretera r\u00e1pidamente con el experimentado equipo de defensa.<br \/>\nLlame a Jackson White Equipo de Ley Criminal al <a href=\"tel:4804674370\">(480) 467-4370<\/a> para discutir su caso hoy.<\/p>\n","protected":false},"excerpt":{"rendered":"<p>\/*! elementor &#8211; v3.9.0 &#8211; 06-12-2022 *\/.elementor-heading-title{padding:0;margin:0;line-height:1}.elementor-widget-heading .elementor-heading-title[class*=elementor-size-]&gt;a{color:inherit;font-size:inherit;line-height:inherit}.elementor-widget-heading .elementor-heading-title.elementor-size-small{font-size:15px}.elementor-widget-heading .elementor-heading-title.elementor-size-medium{font-size:19px}.elementor-widget-heading .elementor-heading-title.elementor-size-large{font-size:29px}.elementor-widget-heading .elementor-heading-title.elementor-size-xl{font-size:39px}.elementor-widget-heading .elementor-heading-title.elementor-size-xxl{font-size:59px} Porque el exceso de velocidad es un asunto serio en Arizona El exceso de velocidad criminal en Arizona es un delito menor de Clase 3 seg\u00fan ARS&hellip;<\/p>\n","protected":false},"author":14,"featured_media":0,"parent":9320,"menu_order":0,"comment_status":"closed","ping_status":"closed","template":"","meta":{"_acf_changed":false,"om_disable_all_campaigns":false,"footnotes":""},"practice_area":[151,151],"class_list":["post-20685","page","type-page","status-publish","hentry","practice_area-criminal-defense-es"],"acf":[],"yoast_head":"<!-- This site is optimized with the Yoast SEO plugin v27.3 - https:\/\/yoast.com\/product\/yoast-seo-wordpress\/ -->\n<title>Exceso de Velocidad Criminal en Arizona<\/title>\n<meta name=\"description\" content=\"Jackson White Law defiende contra cargos de exceso de velocidad criminal en Arizona. Obtenga la representaci\u00f3n legal que necesita para proteger su futuro.\" \/>\n<meta name=\"robots\" content=\"index, follow, max-snippet:-1, max-image-preview:large, max-video-preview:-1\" \/>\n<link rel=\"canonical\" href=\"https:\/\/www.jacksonwhitelaw.com\/es\/criminal-defense-law\/exceso-velocidad-criminal\/\" \/>\n<meta property=\"og:locale\" content=\"es_ES\" \/>\n<meta property=\"og:type\" content=\"article\" \/>\n<meta property=\"og:title\" content=\"Exceso de Velocidad Criminal en Arizona\" \/>\n<meta property=\"og:description\" content=\"Jackson White Law defiende contra cargos de exceso de velocidad criminal en Arizona. Obtenga la representaci\u00f3n legal que necesita para proteger su futuro.\" \/>\n<meta property=\"og:url\" content=\"https:\/\/www.jacksonwhitelaw.com\/es\/criminal-defense-law\/exceso-velocidad-criminal\/\" \/>\n<meta property=\"og:site_name\" content=\"JacksonWhite Law\" \/>\n<meta property=\"article:publisher\" content=\"https:\/\/www.facebook.com\/jacksonwhitelaw\" \/>\n<meta property=\"og:image\" content=\"https:\/\/www.jacksonwhitelaw.com\/wp-content\/uploads\/2025\/05\/JacksonWhite_Schema-Image-scaled.png\" \/>\n\t<meta property=\"og:image:width\" content=\"2560\" \/>\n\t<meta property=\"og:image:height\" content=\"1441\" \/>\n\t<meta property=\"og:image:type\" content=\"image\/png\" \/>\n<meta name=\"twitter:card\" content=\"summary_large_image\" \/>\n<meta name=\"twitter:site\" content=\"@JacksonWhiteLaw\" \/>\n<meta name=\"twitter:label1\" content=\"Tiempo de lectura\" \/>\n\t<meta name=\"twitter:data1\" content=\"8 minutos\" \/>\n<!-- \/ Yoast SEO plugin. -->","yoast_head_json":{"title":"Exceso de Velocidad Criminal en Arizona","description":"Jackson White Law defiende contra cargos de exceso de velocidad criminal en Arizona. Obtenga la representaci\u00f3n legal que necesita para proteger su futuro.","robots":{"index":"index","follow":"follow","max-snippet":"max-snippet:-1","max-image-preview":"max-image-preview:large","max-video-preview":"max-video-preview:-1"},"canonical":"https:\/\/www.jacksonwhitelaw.com\/es\/criminal-defense-law\/exceso-velocidad-criminal\/","og_locale":"es_ES","og_type":"article","og_title":"Exceso de Velocidad Criminal en Arizona","og_description":"Jackson White Law defiende contra cargos de exceso de velocidad criminal en Arizona. Obtenga la representaci\u00f3n legal que necesita para proteger su futuro.","og_url":"https:\/\/www.jacksonwhitelaw.com\/es\/criminal-defense-law\/exceso-velocidad-criminal\/","og_site_name":"JacksonWhite Law","article_publisher":"https:\/\/www.facebook.com\/jacksonwhitelaw","og_image":[{"width":2560,"height":1441,"url":"https:\/\/www.jacksonwhitelaw.com\/wp-content\/uploads\/2025\/05\/JacksonWhite_Schema-Image-scaled.png","type":"image\/png"}],"twitter_card":"summary_large_image","twitter_site":"@JacksonWhiteLaw","twitter_misc":{"Tiempo de lectura":"8 minutos"},"schema":{"@context":"https:\/\/schema.org","@graph":[{"@type":"WebPage","@id":"https:\/\/www.jacksonwhitelaw.com\/es\/criminal-defense-law\/exceso-velocidad-criminal\/","url":"https:\/\/www.jacksonwhitelaw.com\/es\/criminal-defense-law\/exceso-velocidad-criminal\/","name":"Exceso de Velocidad Criminal en Arizona","isPartOf":{"@id":"https:\/\/www.jacksonwhitelaw.com\/es\/#website"},"datePublished":"2025-05-14T18:29:10+00:00","description":"Jackson White Law defiende contra cargos de exceso de velocidad criminal en Arizona. Obtenga la representaci\u00f3n legal que necesita para proteger su futuro.","breadcrumb":{"@id":"https:\/\/www.jacksonwhitelaw.com\/es\/criminal-defense-law\/exceso-velocidad-criminal\/#breadcrumb"},"inLanguage":"es","potentialAction":[{"@type":"ReadAction","target":["https:\/\/www.jacksonwhitelaw.com\/es\/criminal-defense-law\/exceso-velocidad-criminal\/"]}]},{"@type":"BreadcrumbList","@id":"https:\/\/www.jacksonwhitelaw.com\/es\/criminal-defense-law\/exceso-velocidad-criminal\/#breadcrumb","itemListElement":[{"@type":"ListItem","position":1,"name":"Home","item":"https:\/\/www.jacksonwhitelaw.com\/es\/"},{"@type":"ListItem","position":2,"name":"Criminal Defense","item":"https:\/\/www.jacksonwhitelaw.com\/es\/criminal-defense-law\/"},{"@type":"ListItem","position":3,"name":"Exceso de Velocidad Criminal en Arizona"}]},{"@type":"WebSite","@id":"https:\/\/www.jacksonwhitelaw.com\/es\/#website","url":"https:\/\/www.jacksonwhitelaw.com\/es\/","name":"JacksonWhite Law","description":"Attorneys at Law in Mesa &amp; Phoenix, Arizona","publisher":{"@id":"https:\/\/www.jacksonwhitelaw.com\/es\/#organization"},"alternateName":"JacksonWhite P.C.","potentialAction":[{"@type":"SearchAction","target":{"@type":"EntryPoint","urlTemplate":"https:\/\/www.jacksonwhitelaw.com\/es\/?s={search_term_string}"},"query-input":{"@type":"PropertyValueSpecification","valueRequired":true,"valueName":"search_term_string"}}],"inLanguage":"es"},{"@type":"Organization","@id":"https:\/\/www.jacksonwhitelaw.com\/es\/#organization","name":"JacksonWhite P.C.","alternateName":"JacksonWhite Law","url":"https:\/\/www.jacksonwhitelaw.com\/es\/","logo":{"@type":"ImageObject","inLanguage":"es","@id":"https:\/\/www.jacksonwhitelaw.com\/es\/#\/schema\/logo\/image\/","url":"https:\/\/www.jacksonwhitelaw.com\/wp-content\/uploads\/2025\/05\/JacksonWhite_Schema-Logo-scaled.png","contentUrl":"https:\/\/www.jacksonwhitelaw.com\/wp-content\/uploads\/2025\/05\/JacksonWhite_Schema-Logo-scaled.png","width":2560,"height":2560,"caption":"JacksonWhite P.C."},"image":{"@id":"https:\/\/www.jacksonwhitelaw.com\/es\/#\/schema\/logo\/image\/"},"sameAs":["https:\/\/www.facebook.com\/jacksonwhitelaw","https:\/\/x.com\/JacksonWhiteLaw","https:\/\/www.instagram.com\/jwlawfirm\/","https:\/\/www.linkedin.com\/company\/jackson-white-p.c.","https:\/\/www.youtube.com\/@JWLMesaAZ","https:\/\/www.yelp.com\/biz\/jacksonwhite-law-mesa"]}]}},"_links":{"self":[{"href":"https:\/\/www.jacksonwhitelaw.com\/es\/wp-json\/wp\/v2\/pages\/20685","targetHints":{"allow":["GET"]}}],"collection":[{"href":"https:\/\/www.jacksonwhitelaw.com\/es\/wp-json\/wp\/v2\/pages"}],"about":[{"href":"https:\/\/www.jacksonwhitelaw.com\/es\/wp-json\/wp\/v2\/types\/page"}],"author":[{"embeddable":true,"href":"https:\/\/www.jacksonwhitelaw.com\/es\/wp-json\/wp\/v2\/users\/14"}],"replies":[{"embeddable":true,"href":"https:\/\/www.jacksonwhitelaw.com\/es\/wp-json\/wp\/v2\/comments?post=20685"}],"version-history":[{"count":0,"href":"https:\/\/www.jacksonwhitelaw.com\/es\/wp-json\/wp\/v2\/pages\/20685\/revisions"}],"up":[{"embeddable":true,"href":"https:\/\/www.jacksonwhitelaw.com\/es\/wp-json\/wp\/v2\/pages\/9320"}],"wp:attachment":[{"href":"https:\/\/www.jacksonwhitelaw.com\/es\/wp-json\/wp\/v2\/media?parent=20685"}],"wp:term":[{"taxonomy":"practice_area","embeddable":true,"href":"https:\/\/www.jacksonwhitelaw.com\/es\/wp-json\/wp\/v2\/practice_area?post=20685"}],"curies":[{"name":"wp","href":"https:\/\/api.w.org\/{rel}","templated":true}]}}